{"id":8335,"date":"2022-02-24T16:23:47","date_gmt":"2022-02-24T15:23:47","guid":{"rendered":"https:\/\/www.literam.net\/ucinki-terapije\/"},"modified":"2022-07-07T15:56:20","modified_gmt":"2022-07-07T13:56:20","slug":"ucinki-terapije","status":"publish","type":"page","link":"https:\/\/www.literam.net\/cs\/ucinki-terapije\/","title":{"rendered":"\u00da\u010cINKY TERAPIE"},"content":{"rendered":"\t\t<div data-elementor-type=\"wp-page\" data-elementor-id=\"8335\" class=\"elementor elementor-8335 elementor-4627\" data-elementor-post-type=\"page\">\n\t\t\t\t\t\t<section class=\"elementor-section elementor-top-section elementor-element elementor-element-ee0b4f5 ct-section-stretched elementor-section-height-min-height elementor-section-items-bottom elementor-section-boxed elementor-section-height-default\" data-id=\"ee0b4f5\" data-element_type=\"section\" data-e-type=\"section\" data-settings=\"{&quot;jet_parallax_layout_list&quot;:[],&quot;background_background&quot;:&quot;classic&quot;}\">\n\t\t\t\t\t\t\t<div class=\"elementor-background-overlay\"><\/div>\n\t\t\t\t\t\t\t<div class=\"elementor-container elementor-column-gap-default\">\n\t\t\t\t\t<div class=\"elementor-column elementor-col-100 elementor-top-column elementor-element elementor-element-2a39450f\" data-id=\"2a39450f\" data-element_type=\"column\" data-e-type=\"column\">\n\t\t\t<div class=\"elementor-widget-wrap elementor-element-populated\">\n\t\t\t\t\t\t<div class=\"elementor-element elementor-element-27d92cd9 elementor-widget elementor-widget-heading\" data-id=\"27d92cd9\" data-element_type=\"widget\" data-e-type=\"widget\" data-widget_type=\"heading.default\">\n\t\t\t\t<div class=\"elementor-widget-container\">\n\t\t\t\t\t<h2 class=\"elementor-heading-title elementor-size-default\">\u00da\u010cINKY TERAPIE<\/h2>\t\t\t\t<\/div>\n\t\t\t\t<\/div>\n\t\t\t\t\t<\/div>\n\t\t<\/div>\n\t\t\t\t\t<\/div>\n\t\t<\/section>\n\t\t\t\t<section class=\"elementor-section elementor-top-section elementor-element elementor-element-1bdac3e0 elementor-section-boxed elementor-section-height-default elementor-section-height-default\" data-id=\"1bdac3e0\" data-element_type=\"section\" data-e-type=\"section\" data-settings=\"{&quot;jet_parallax_layout_list&quot;:[]}\">\n\t\t\t\t\t\t<div class=\"elementor-container elementor-column-gap-default\">\n\t\t\t\t\t<div class=\"elementor-column elementor-col-100 elementor-top-column elementor-element elementor-element-446430cc\" data-id=\"446430cc\" data-element_type=\"column\" data-e-type=\"column\">\n\t\t\t<div class=\"elementor-widget-wrap elementor-element-populated\">\n\t\t\t\t\t\t<div class=\"elementor-element elementor-element-65391553 elementor-widget elementor-widget-jet-breadcrumbs\" data-id=\"65391553\" data-element_type=\"widget\" data-e-type=\"widget\" data-widget_type=\"jet-breadcrumbs.default\">\n\t\t\t\t<div class=\"elementor-widget-container\">\n\t\t\t\t\t<div class=\"elementor-jet-breadcrumbs jet-blocks\">\n\t\t<div class=\"jet-breadcrumbs\">\n\t\t<div class=\"jet-breadcrumbs__content\">\n\t\t<div class=\"jet-breadcrumbs__wrap\"><div class=\"jet-breadcrumbs__item\"><a href=\"https:\/\/www.literam.net\/cs\/\" class=\"jet-breadcrumbs__item-link is-home\" rel=\"home\" title=\"Domov\">Domov<\/a><\/div>\n\t\t<\/div>\n\t\t<\/div>\n\t\t<\/div><\/div>\t\t\t\t<\/div>\n\t\t\t\t<\/div>\n\t\t\t\t\t<\/div>\n\t\t<\/div>\n\t\t\t\t\t<\/div>\n\t\t<\/section>\n\t\t\t\t<section class=\"elementor-section elementor-top-section elementor-element elementor-element-9590e73 elementor-section-boxed elementor-section-height-default elementor-section-height-default\" data-id=\"9590e73\" data-element_type=\"section\" data-e-type=\"section\" data-settings=\"{&quot;jet_parallax_layout_list&quot;:[]}\">\n\t\t\t\t\t\t<div class=\"elementor-container elementor-column-gap-default\">\n\t\t\t\t\t<div class=\"elementor-column elementor-col-100 elementor-top-column elementor-element elementor-element-3e82f945\" data-id=\"3e82f945\" data-element_type=\"column\" data-e-type=\"column\">\n\t\t\t<div class=\"elementor-widget-wrap elementor-element-populated\">\n\t\t\t\t\t\t<div class=\"elementor-element elementor-element-1e19c7c7 elementor-widget elementor-widget-text-editor\" data-id=\"1e19c7c7\" data-element_type=\"widget\" data-e-type=\"widget\" data-widget_type=\"text-editor.default\">\n\t\t\t\t<div class=\"elementor-widget-container\">\n\t\t\t\t\t\t\t\t\t<p><strong>D\u00edky vlasov\u00e9 terapii LITERAM budou va\u0161e kone\u010dky znovu pevn\u00e9 a va\u0161e vlasy siln\u00e9 a zdrav\u00e9. <\/strong>LITERAM funguje d\u00edky sv\u011bteln\u00e9 reakci aminokyselin. Jedn\u00e1 se o proces, kter\u00fd m\u00e1 vliv na chemickou strukturu vlas\u016f. Vlasy jsou slo\u017een\u00e9 z keratinu, lipid\u016f a vody. P\u0159i opot\u0159eben\u00ed se tyto slo\u017eky nerovnom\u011brn\u011b ztr\u00e1c\u00ed, co\u017e se projevuje <strong>mastn\u00fdmi<\/strong>\u00a0a\u00a0<strong>hrub\u00fdmi vlasy<\/strong>, kter\u00e9 se h\u016f\u0159e roz\u010des\u00e1vaj\u00ed, <strong>chyb\u00ed jim objem<\/strong>\u00a0a lesk.<\/p><p><strong>Obnoven\u00e1 struktura vlas\u016f pomoc\u00ed terapie LITERAM p\u0159in\u00e1\u0161\u00ed n\u00e1sleduj\u00edc\u00ed \u00fa\u010dinky:<\/strong><\/p><ul><li>Pevn\u011bj\u0161\u00ed a na pohled hust\u0161\u00ed vlasy<\/li><li>Vlasy se necuchaj\u00ed.<\/li><li>Vlasy jsou odoln\u011bj\u0161\u00ed a m\u00e9n\u011b se opot\u0159ebov\u00e1vaj\u00ed.<\/li><li>Lep\u0161\u00ed trvanlivost \u00fa\u010des\u016f<\/li><li>Vlasy jsou pevn\u011bj\u0161\u00ed.<\/li><li>Vlasy vyrostou do v\u011bt\u0161\u00ed d\u00e9lky.<\/li><li>Vlasy maj\u00ed v\u011bt\u0161\u00ed objem.<\/li><li>Vlasy jsou hust\u0161\u00ed a pln\u011bj\u0161\u00ed na pohled.<\/li><li>P\u00e9\u010de o vlasy je \u010dasov\u011b m\u00e9n\u011b n\u00e1ro\u010dn\u00e1, proto\u017ee vlasy jsou odoln\u011bj\u0161\u00ed.<\/li><li>Vlasy nen\u00ed t\u0159eba p\u0159\u00edli\u0161 \u010dasto um\u00fdvat.<\/li><li>Vlasy maj\u00ed lep\u0161\u00ed podm\u00ednky k r\u016fstu.<\/li><li>Poko\u017eka hlavy a vlasy se m\u00e9n\u011b mast\u00ed.<\/li><li>Vlasy budou znovu p\u0159irozen\u011b kudrnat\u00e9.<\/li><li>Preventivn\u00ed ochrana p\u0159ed negativn\u00edmi vn\u011bj\u0161\u00edmi vlivy a n\u00e1sledky chemick\u00e9ho o\u0161et\u0159en\u00ed<\/li><li>Vlasy z\u00edskaj\u00ed p\u0159irozenou tlou\u0161\u0165ku, such\u00e9 a hrub\u00e9 vlasy se najednou stanou hladk\u00fdmi, pru\u017en\u00fdmi a poddajn\u00fdmi.<\/li><\/ul><p><strong>Zdrav\u00e9 vlasy<\/strong>\u00a0nemaj\u00ed b\u00fdt hedv\u00e1bn\u011b m\u011bkk\u00e9.\u00a0Vlasy maj\u00ed b\u00fdt leskl\u00e9, usilovat bychom m\u011bli o <strong>siln\u00e9<\/strong>,\u00a0<strong>pevn\u00e9<\/strong>\u00a0a\u00a0<strong>hladk\u00e9 vlasy<\/strong>. P\u0159edev\u0161\u00edm bychom vlasy <strong>nem\u011bli p\u0159\u00edli\u0161 \u010dasto um\u00fdvat<\/strong>. Mnohokr\u00e1t se st\u00e1v\u00e1, \u017ee si se z\u00e1m\u011brem zlep\u0161en\u00ed trvanlivosti \u00fa\u010desu na\u0161i z\u00e1kazn\u00edci vlasy myj\u00ed ka\u017ed\u00e9 dva a\u017e t\u0159i dny, nebo je\u0161t\u011b \u010dast\u011bji.<\/p><p>D\u00edky speci\u00e1ln\u00edmu osv\u011btlen\u00ed je terapie LITERAM procesem <strong>p\u0159irozen\u00e9 obnovy vlas\u016f s trval\u00fdm \u00fa\u010dinkem<\/strong>, co\u017e znamen\u00e1, \u017ee <strong>vlasy z\u016fst\u00e1vaj\u00ed kvalitn\u00ed<\/strong>\u00a0i po dal\u0161\u00edm myt\u00ed.<\/p><p>Terapie LITERAM m\u00e1 tak\u00e9 preventivn\u00ed \u00fa\u010dinky, vlasy chr\u00e1n\u00ed p\u0159ed negativn\u00edmi vn\u011bj\u0161\u00edmi vlivy a n\u00e1sledky chemick\u00e9ho o\u0161et\u0159en\u00ed, jako jsou nap\u0159\u00edklad mo\u0159e, slunce, barven\u00ed, odbarvov\u00e1n\u00ed, trval\u00e1 ondulace \u2026<\/p><p>LITERAM doporu\u010dujeme tak\u00e9 v\u0161em, kte\u0159\u00ed je\u0161t\u011b nemaj\u00ed vlasy v\u00fdrazn\u011b po\u0161kozen\u00e9.\u00a0Ihned po terapii m\u016f\u017eeme vlasy barvit a odbarvovat nebo prov\u00e1d\u011bt trvalou ondulaci.<\/p>\t\t\t\t\t\t\t\t<\/div>\n\t\t\t\t<\/div>\n\t\t\t\t\t<\/div>\n\t\t<\/div>\n\t\t\t\t\t<\/div>\n\t\t<\/section>\n\t\t\t\t<section class=\"elementor-section elementor-top-section elementor-element elementor-element-71f186b elementor-section-boxed elementor-section-height-default elementor-section-height-default\" data-id=\"71f186b\" data-element_type=\"section\" data-e-type=\"section\" data-settings=\"{&quot;jet_parallax_layout_list&quot;:[]}\">\n\t\t\t\t\t\t<div class=\"elementor-container elementor-column-gap-default\">\n\t\t\t\t\t<div class=\"elementor-column elementor-col-50 elementor-top-column elementor-element elementor-element-74af998\" data-id=\"74af998\" data-element_type=\"column\" data-e-type=\"column\">\n\t\t\t<div class=\"elementor-widget-wrap elementor-element-populated\">\n\t\t\t\t\t\t<div class=\"elementor-element elementor-element-3828cf5 elementor-widget elementor-widget-image\" data-id=\"3828cf5\" data-element_type=\"widget\" data-e-type=\"widget\" data-widget_type=\"image.default\">\n\t\t\t\t<div class=\"elementor-widget-container\">\n\t\t\t\t\t\t\t\t\t\t\t\t\t\t\t<img fetchpriority=\"high\" decoding=\"async\" width=\"600\" height=\"365\" src=\"https:\/\/www.literam.net\/wp-content\/uploads\/2022\/07\/predpo1-600x365-1.jpg\" class=\"attachment-large size-large wp-image-9153\" alt=\"\" srcset=\"https:\/\/www.literam.net\/wp-content\/uploads\/2022\/07\/predpo1-600x365-1.jpg.webp 600w, https:\/\/www.literam.net\/wp-content\/uploads\/2022\/07\/predpo1-600x365-1-500x304.jpg.webp 500w\" sizes=\"(max-width: 600px) 100vw, 600px\" title=\"\">\t\t\t\t\t\t\t\t\t\t\t\t\t\t\t<\/div>\n\t\t\t\t<\/div>\n\t\t\t\t<div class=\"elementor-element elementor-element-e5fbbfc elementor-widget elementor-widget-text-editor\" data-id=\"e5fbbfc\" data-element_type=\"widget\" data-e-type=\"widget\" data-widget_type=\"text-editor.default\">\n\t\t\t\t<div class=\"elementor-widget-container\">\n\t\t\t\t\t\t\t\t\t<p style=\"text-align: center;\">Nalevo jsou po\u0161kozen\u00e9 vlasy, napravo jsou zdrav\u00e9 vlasy po terapii LITERAM.<\/p>\t\t\t\t\t\t\t\t<\/div>\n\t\t\t\t<\/div>\n\t\t\t\t\t<\/div>\n\t\t<\/div>\n\t\t\t\t<div class=\"elementor-column elementor-col-50 elementor-top-column elementor-element elementor-element-9ac1298\" data-id=\"9ac1298\" data-element_type=\"column\" data-e-type=\"column\">\n\t\t\t<div class=\"elementor-widget-wrap elementor-element-populated\">\n\t\t\t\t\t\t<div class=\"elementor-element elementor-element-5d834e3 elementor-widget elementor-widget-image\" data-id=\"5d834e3\" data-element_type=\"widget\" data-e-type=\"widget\" data-widget_type=\"image.default\">\n\t\t\t\t<div class=\"elementor-widget-container\">\n\t\t\t\t\t\t\t\t\t\t\t\t\t\t\t<img decoding=\"async\" width=\"600\" height=\"365\" src=\"https:\/\/www.literam.net\/wp-content\/uploads\/2022\/07\/predpo2-600x365-1.jpg\" class=\"attachment-large size-large wp-image-9158\" alt=\"\" srcset=\"https:\/\/www.literam.net\/wp-content\/uploads\/2022\/07\/predpo2-600x365-1.jpg.webp 600w, https:\/\/www.literam.net\/wp-content\/uploads\/2022\/07\/predpo2-600x365-1-500x304.jpg.webp 500w\" sizes=\"(max-width: 600px) 100vw, 600px\" title=\"\">\t\t\t\t\t\t\t\t\t\t\t\t\t\t\t<\/div>\n\t\t\t\t<\/div>\n\t\t\t\t<div class=\"elementor-element elementor-element-768e395 elementor-widget elementor-widget-text-editor\" data-id=\"768e395\" data-element_type=\"widget\" data-e-type=\"widget\" data-widget_type=\"text-editor.default\">\n\t\t\t\t<div class=\"elementor-widget-container\">\n\t\t\t\t\t\t\t\t\t<p>Na lev\u00e9 stran\u011b jsou vlasy p\u0159ed terapi\u00ed, napravo vlasy po terapii LITERAM.<\/p>\t\t\t\t\t\t\t\t<\/div>\n\t\t\t\t<\/div>\n\t\t\t\t\t<\/div>\n\t\t<\/div>\n\t\t\t\t\t<\/div>\n\t\t<\/section>\n\t\t\t\t<section class=\"elementor-section elementor-top-section elementor-element elementor-element-d232874 elementor-section-boxed elementor-section-height-default elementor-section-height-default\" data-id=\"d232874\" data-element_type=\"section\" data-e-type=\"section\" data-settings=\"{&quot;jet_parallax_layout_list&quot;:[]}\">\n\t\t\t\t\t\t<div class=\"elementor-container elementor-column-gap-default\">\n\t\t\t\t\t<div class=\"elementor-column elementor-col-100 elementor-top-column elementor-element elementor-element-66f08ef\" data-id=\"66f08ef\" data-element_type=\"column\" data-e-type=\"column\">\n\t\t\t<div class=\"elementor-widget-wrap elementor-element-populated\">\n\t\t\t\t\t\t<div class=\"elementor-element elementor-element-1aa7457 elementor-widget elementor-widget-text-editor\" data-id=\"1aa7457\" data-element_type=\"widget\" data-e-type=\"widget\" data-widget_type=\"text-editor.default\">\n\t\t\t\t<div class=\"elementor-widget-container\">\n\t\t\t\t\t\t\t\t\t<h3>M\u016e\u017dEME POMOC\u00cd TERAPIE LITERAM ZABR\u00c1NIT PLE\u0160AT\u011aN\u00cd?<\/h3><p><strong>Ple\u0161at\u011bn\u00ed<\/strong>\u00a0je u mu\u017e\u016f \u010dast\u011bji ne\u017e u \u017een geneticky podm\u00edn\u011bn\u00e9. P\u0159i \u0159e\u0161en\u00ed probl\u00e9m\u016f s ple\u0161at\u011bn\u00edm si mus\u00edme b\u00fdt v\u011bdomi genetick\u00e9 podm\u00edn\u011bnosti toho probl\u00e9m\u016f. Terapie LITERAM n\u00e1m umo\u017en\u00ed ve velik\u00e9 m\u00ed\u0159e alespo\u0148 o n\u011bjakou dobu proces\u00a0<strong>vypad\u00e1v\u00e1n\u00ed vlas\u016f<\/strong>\u00a0zpozdit.<\/p><p>V dne\u0161n\u00ed dob\u011b pou\u017e\u00edv\u00e1me mnoho velice\u00a0<strong>agresivn\u00edch kosmetick\u00fdch p\u0159\u00edpravk\u016f<\/strong>, kter\u00e9 u lid\u00ed s citliv\u00fdmi <strong>vlasov\u00fdmi folikuly<\/strong> urychluj\u00ed proces vypad\u00e1v\u00e1n\u00ed vlas\u016f. Dokonce i v p\u0159\u00edpad\u011b pro\u0159\u00eddnut\u00ed m\u016f\u017eeme naj\u00edt \u0159e\u0161en\u00ed, proto\u017ee folikuly nezaniknou okam\u017eit\u011b, ale z\u016fst\u00e1vaj\u00ed jen ne\u010dinn\u011b v klidu. Pomoc\u00ed\u00a0<strong>spr\u00e1vn\u00e9 p\u00e9\u010de<\/strong>\u00a0a v\u00fdb\u011br\u016f kvalitn\u00ed vlasov\u00e9 kosmetiky m\u016f\u017eeme vlasov\u00e9 folikuly povzbudit k \u010dinnosti i v tomto p\u0159\u00edpad\u011b. D\u016fle\u017eit\u00e9 v\u0161ak je, abychom probl\u00e9my \u0159e\u0161ili <strong>komplexn\u011b<\/strong>\u00a0a\u00a0<strong>dlouhodob\u011b<\/strong>, nebo\u0165 v\u00fdsledku nedos\u00e1hneme hned za jeden m\u011bs\u00edc. V posledn\u00edch letech se st\u00e1le \u010dast\u011bji setk\u00e1v\u00e1me s\u00a0<strong>alopeci\u00ed<\/strong> neboli ple\u0161at\u011bn\u00edm u \u017een.\u00a0<strong>Pro\u010d u \u017een k alopecii doch\u00e1z\u00ed<\/strong>, si m\u016f\u017eete p\u0159e\u010d\u00edst v \u010dl\u00e1nku na na\u0161em<strong>\u00a0<\/strong><a href=\"https:\/\/www.literam.net\/cs\/blog\/\"><strong>blogu<\/strong><\/a>.<\/p>\t\t\t\t\t\t\t\t<\/div>\n\t\t\t\t<\/div>\n\t\t\t\t\t<\/div>\n\t\t<\/div>\n\t\t\t\t\t<\/div>\n\t\t<\/section>\n\t\t\t\t<section class=\"elementor-section elementor-top-section elementor-element elementor-element-3eb3540 elementor-section-boxed elementor-section-height-default elementor-section-height-default\" data-id=\"3eb3540\" data-element_type=\"section\" data-e-type=\"section\" data-settings=\"{&quot;jet_parallax_layout_list&quot;:[]}\">\n\t\t\t\t\t\t<div class=\"elementor-container elementor-column-gap-default\">\n\t\t\t\t\t<div class=\"elementor-column elementor-col-50 elementor-top-column elementor-element elementor-element-641a9a4\" data-id=\"641a9a4\" data-element_type=\"column\" data-e-type=\"column\">\n\t\t\t<div class=\"elementor-widget-wrap elementor-element-populated\">\n\t\t\t\t\t\t<div class=\"elementor-element elementor-element-eb5bbdc elementor-widget elementor-widget-image\" data-id=\"eb5bbdc\" data-element_type=\"widget\" data-e-type=\"widget\" data-widget_type=\"image.default\">\n\t\t\t\t<div class=\"elementor-widget-container\">\n\t\t\t\t\t\t\t\t\t\t\t\t\t\t\t<img decoding=\"async\" width=\"300\" height=\"199\" src=\"https:\/\/www.literam.net\/wp-content\/uploads\/2022\/07\/shutterstock_211372093-300x199-1.jpg\" class=\"attachment-large size-large wp-image-9163\" alt=\"\" title=\"\">\t\t\t\t\t\t\t\t\t\t\t\t\t\t\t<\/div>\n\t\t\t\t<\/div>\n\t\t\t\t<div class=\"elementor-element elementor-element-9e43287 elementor-widget elementor-widget-image\" data-id=\"9e43287\" data-element_type=\"widget\" data-e-type=\"widget\" data-widget_type=\"image.default\">\n\t\t\t\t<div class=\"elementor-widget-container\">\n\t\t\t\t\t\t\t\t\t\t\t\t\t\t\t<img loading=\"lazy\" decoding=\"async\" width=\"300\" height=\"200\" src=\"https:\/\/www.literam.net\/wp-content\/uploads\/2022\/07\/shutterstock_1071479249-300x200-1.jpg\" class=\"attachment-large size-large wp-image-9168\" alt=\"\" title=\"\">\t\t\t\t\t\t\t\t\t\t\t\t\t\t\t<\/div>\n\t\t\t\t<\/div>\n\t\t\t\t\t<\/div>\n\t\t<\/div>\n\t\t\t\t<div class=\"elementor-column elementor-col-50 elementor-top-column elementor-element elementor-element-731a003\" data-id=\"731a003\" data-element_type=\"column\" data-e-type=\"column\">\n\t\t\t<div class=\"elementor-widget-wrap elementor-element-populated\">\n\t\t\t\t\t\t<div class=\"elementor-element elementor-element-b16c163 elementor-widget elementor-widget-text-editor\" data-id=\"b16c163\" data-element_type=\"widget\" data-e-type=\"widget\" data-widget_type=\"text-editor.default\">\n\t\t\t\t<div class=\"elementor-widget-container\">\n\t\t\t\t\t\t\t\t\t<p><strong>\u00da\u010dinky terapie LITERAM budou m\u00e9n\u011b v\u00fdrazn\u00e9, pokud je nepodpo\u0159\u00edte v\u00fdb\u011brem kvalitn\u00edch produkt\u016f pro p\u00e9\u010di o vlasy LITERAM. <\/strong><\/p><p>\u00a0<\/p><p>K men\u0161\u00edm zm\u011bn\u00e1m, kter\u00e9 v\u0161ak viditeln\u011b zlep\u0161\u00ed kvalitu va\u0161ich vlas\u016f, sta\u010d\u00ed\u00a0<strong>d\u016fsledn\u011b pou\u017e\u00edvat<\/strong>\u00a0produkty pro p\u00e9\u010di o vlasy LITERAM. Tyto p\u0159\u00edpravky jsou d\u00edky jedine\u010dn\u00e9mu slo\u017een\u00ed k vlas\u016fm \u0161etrn\u00e9 a dlouhodob\u011b stimuluj\u00ed r\u016fst vlas\u016f.<\/p><p>Pokud se chcete p\u0159esv\u011bd\u010dit o\u00a0<strong>\u00fa\u010dinnosti terapie LITERAM, <\/strong>v\u00e1s zveme k prohl\u00e9dnut\u00ed na\u0161\u00ed\u00a0<a href=\"https:\/\/www.facebook.com\/pg\/terapijaLITERAM\/photos\/?tab=album&amp;album_id=713519505355822\" target=\"_blank\" rel=\"noopener\"><strong>FACEBOOKOV\u00c9 GALERIE<\/strong><\/a>, kde jsou n\u00e1zorn\u011b vid\u011bt \u00fa\u010dinky terapie v r\u016fzn\u00fdch \u010dasov\u00fdch intervalech u r\u016fzn\u00fdch terapeut\u016f LITERAM.<\/p>\t\t\t\t\t\t\t\t<\/div>\n\t\t\t\t<\/div>\n\t\t\t\t\t<\/div>\n\t\t<\/div>\n\t\t\t\t\t<\/div>\n\t\t<\/section>\n\t\t\t\t<section class=\"elementor-section elementor-top-section elementor-element elementor-element-5148805c ct-section-stretched elementor-section-full_width elementor-section-height-default elementor-section-height-default\" data-id=\"5148805c\" data-element_type=\"section\" data-e-type=\"section\" data-settings=\"{&quot;jet_parallax_layout_list&quot;:[],&quot;background_background&quot;:&quot;classic&quot;}\">\n\t\t\t\t\t\t<div class=\"elementor-container elementor-column-gap-no\">\n\t\t\t\t\t<div class=\"elementor-column elementor-col-100 elementor-top-column elementor-element elementor-element-465172cb\" data-id=\"465172cb\" data-element_type=\"column\" data-e-type=\"column\">\n\t\t\t<div class=\"elementor-widget-wrap elementor-element-populated\">\n\t\t\t\t\t\t<div class=\"elementor-element elementor-element-b82dfa0 elementor-widget elementor-widget-heading\" data-id=\"b82dfa0\" data-element_type=\"widget\" data-e-type=\"widget\" data-widget_type=\"heading.default\">\n\t\t\t\t<div class=\"elementor-widget-container\">\n\t\t\t\t\t<h2 class=\"elementor-heading-title elementor-size-default\">SJEDNEJTE SI BEZPLATNOU KONZULTACI<\/h2>\t\t\t\t<\/div>\n\t\t\t\t<\/div>\n\t\t\t\t<div class=\"elementor-element elementor-element-2b31568b elementor-align-center elementor-widget elementor-widget-button\" data-id=\"2b31568b\" data-element_type=\"widget\" data-e-type=\"widget\" data-widget_type=\"button.default\">\n\t\t\t\t<div class=\"elementor-widget-container\">\n\t\t\t\t\t\t\t\t\t<div class=\"elementor-button-wrapper\">\n\t\t\t\t\t<a class=\"elementor-button elementor-button-link elementor-size-md\" href=\"https:\/\/www.literam.net\/brezplacen-posvet\/\">\n\t\t\t\t\t\t<span class=\"elementor-button-content-wrapper\">\n\t\t\t\t\t\t\t\t\t<span class=\"elementor-button-text\">M\u00c1M Z\u00c1JEM O BEZPLATNOU KONZULTACI<\/span>\n\t\t\t\t\t<\/span>\n\t\t\t\t\t<\/a>\n\t\t\t\t<\/div>\n\t\t\t\t\t\t\t\t<\/div>\n\t\t\t\t<\/div>\n\t\t\t\t\t<\/div>\n\t\t<\/div>\n\t\t\t\t\t<\/div>\n\t\t<\/section>\n\t\t\t\t<\/div>\n\t\t","protected":false},"excerpt":{"rendered":"<p>\u00da\u010cINKY TERAPIE Domov D\u00edky vlasov\u00e9 terapii LITERAM budou va\u0161e kone\u010dky znovu pevn\u00e9 a va\u0161e vlasy siln\u00e9 a zdrav\u00e9. LITERAM funguje d\u00edky sv\u011bteln\u00e9 reakci aminokyselin. Jedn\u00e1 se o proces, kter\u00fd m\u00e1 vliv na chemickou strukturu vlas\u016f. Vlasy jsou slo\u017een\u00e9 z keratinu, lipid\u016f a vody. P\u0159i opot\u0159eben\u00ed se tyto slo\u017eky nerovnom\u011brn\u011b ztr\u00e1c\u00ed, co\u017e se projevuje mastn\u00fdmi\u00a0a\u00a0hrub\u00fdmi vlasy, [&hellip;]<\/p>\n","protected":false},"author":4,"featured_media":0,"parent":0,"menu_order":0,"comment_status":"closed","ping_status":"closed","template":"elementor_header_footer","meta":{"footnotes":""},"class_list":["post-8335","page","type-page","status-publish","hentry"],"blocksy_meta":{"styles_descriptor":{"styles":{"desktop":"","tablet":"","mobile":""},"google_fonts":[],"version":6}},"_links":{"self":[{"href":"https:\/\/www.literam.net\/cs\/wp-json\/wp\/v2\/pages\/8335","targetHints":{"allow":["GET"]}}],"collection":[{"href":"https:\/\/www.literam.net\/cs\/wp-json\/wp\/v2\/pages"}],"about":[{"href":"https:\/\/www.literam.net\/cs\/wp-json\/wp\/v2\/types\/page"}],"author":[{"embeddable":true,"href":"https:\/\/www.literam.net\/cs\/wp-json\/wp\/v2\/users\/4"}],"replies":[{"embeddable":true,"href":"https:\/\/www.literam.net\/cs\/wp-json\/wp\/v2\/comments?post=8335"}],"version-history":[{"count":0,"href":"https:\/\/www.literam.net\/cs\/wp-json\/wp\/v2\/pages\/8335\/revisions"}],"wp:attachment":[{"href":"https:\/\/www.literam.net\/cs\/wp-json\/wp\/v2\/media?parent=8335"}],"curies":[{"name":"wp","href":"https:\/\/api.w.org\/{rel}","templated":true}]}}