{"id":8450,"date":"2022-02-24T20:25:25","date_gmt":"2022-02-24T19:25:25","guid":{"rendered":"https:\/\/www.literam.net\/postanite-literam-svetovalec\/"},"modified":"2022-06-21T21:24:50","modified_gmt":"2022-06-21T19:24:50","slug":"postanite-literam-svetovalec","status":"publish","type":"page","link":"https:\/\/www.literam.net\/cs\/postanite-literam-svetovalec\/","title":{"rendered":"STA\u0147TE SE KONZULTANTEM LITERAM"},"content":{"rendered":"\t\t<div data-elementor-type=\"wp-page\" data-elementor-id=\"8450\" class=\"elementor elementor-8450 elementor-4744\" data-elementor-post-type=\"page\">\n\t\t\t\t\t\t<section class=\"elementor-section elementor-top-section elementor-element elementor-element-5594b1d elementor-section-boxed elementor-section-height-default elementor-section-height-default\" data-id=\"5594b1d\" data-element_type=\"section\" data-e-type=\"section\" data-settings=\"{&quot;jet_parallax_layout_list&quot;:[]}\">\n\t\t\t\t\t\t<div class=\"elementor-container elementor-column-gap-default\">\n\t\t\t\t\t<div class=\"elementor-column elementor-col-100 elementor-top-column elementor-element elementor-element-2dc956c\" data-id=\"2dc956c\" data-element_type=\"column\" data-e-type=\"column\">\n\t\t\t<div class=\"elementor-widget-wrap elementor-element-populated\">\n\t\t\t\t\t\t<div class=\"elementor-element elementor-element-951fcc6 elementor-widget elementor-widget-jet-breadcrumbs\" data-id=\"951fcc6\" data-element_type=\"widget\" data-e-type=\"widget\" data-widget_type=\"jet-breadcrumbs.default\">\n\t\t\t\t<div class=\"elementor-widget-container\">\n\t\t\t\t\t<div class=\"elementor-jet-breadcrumbs jet-blocks\">\n\t\t<div class=\"jet-breadcrumbs\">\n\t\t<div class=\"jet-breadcrumbs__content\">\n\t\t<div class=\"jet-breadcrumbs__wrap\"><div class=\"jet-breadcrumbs__item\"><a href=\"https:\/\/www.literam.net\/cs\/\" class=\"jet-breadcrumbs__item-link is-home\" rel=\"home\" title=\"Domov\">Domov<\/a><\/div>\n\t\t<\/div>\n\t\t<\/div>\n\t\t<\/div><\/div>\t\t\t\t<\/div>\n\t\t\t\t<\/div>\n\t\t\t\t\t<\/div>\n\t\t<\/div>\n\t\t\t\t\t<\/div>\n\t\t<\/section>\n\t\t\t\t<section class=\"elementor-section elementor-top-section elementor-element elementor-element-2653867 elementor-section-boxed elementor-section-height-default elementor-section-height-default\" data-id=\"2653867\" data-element_type=\"section\" data-e-type=\"section\" data-settings=\"{&quot;jet_parallax_layout_list&quot;:[]}\">\n\t\t\t\t\t\t<div class=\"elementor-container elementor-column-gap-default\">\n\t\t\t\t\t<div class=\"elementor-column elementor-col-100 elementor-top-column elementor-element elementor-element-74f1418\" data-id=\"74f1418\" data-element_type=\"column\" data-e-type=\"column\">\n\t\t\t<div class=\"elementor-widget-wrap elementor-element-populated\">\n\t\t\t\t\t\t<div class=\"elementor-element elementor-element-8df0dbd elementor-widget elementor-widget-text-editor\" data-id=\"8df0dbd\" data-element_type=\"widget\" data-e-type=\"widget\" data-widget_type=\"text-editor.default\">\n\t\t\t\t<div class=\"elementor-widget-container\">\n\t\t\t\t\t\t\t\t\t<p><strong>Chcete se dozv\u011bd\u011bt v\u00edce o struktu\u0159e vlas\u016f a \u0159e\u0161en\u00ed probl\u00e9m\u016f s vlasy a poko\u017ekou hlavy a nem\u00e1te \u010das na del\u0161\u00ed \u0161kolen\u00ed? Sta\u0148te se konzultantem LITERAM a sv\u00fdm z\u00e1kazn\u00edk\u016fm nab\u00edzejte produkty care-line.<\/strong><\/p><p>Pomoc\u00ed znalost\u00ed, kter\u00e9 z\u00edsk\u00e1te na \u0161kolen\u00ed pro LITERAM konzultanty, m\u016f\u017eete sv\u00fdm klient\u016fm ve sv\u00e9m salonu nab\u00edzet dodate\u010dn\u00e9 slu\u017eby, kter\u00e9 jsou v tomto oboru jedine\u010dn\u00e9. Nap\u0159\u00edklad m\u016f\u017eete klient\u016fm zajistit WELLNESS p\u00e9\u010di, kter\u00e1 jedine\u010dn\u011b o\u010dist\u00ed poko\u017eku hlavy a napln\u00ed ji l\u00e1tkami, ze kter\u00fdch jsou vlasy slo\u017een\u00e9. T\u00edmto zp\u016fsobem budou vlasy chr\u00e1n\u011bn\u00e9 a zabr\u00e1n\u00edte dal\u0161\u00edmu po\u0161kozen\u00ed vlas\u016f a poko\u017eky hlavy. D\u00edky p\u00e9\u010di LITERAM m\u016f\u017eete sv\u00fdm z\u00e1kazn\u00edk\u016fm pomoci ke zdrav\u00fdm, kvalitn\u011bj\u0161\u00edm a kr\u00e1sn\u011bj\u0161\u00edm vlas\u016fm.<\/p><p>V na\u0161\u00ed spole\u010dnosti c\u00edt\u00edme odpov\u011bdnost za \u017eivotn\u00ed prost\u0159ed\u00ed a zdrav\u00ed vlas\u016f na\u0161ich klient\u016f. To vyjad\u0159uje tak\u00e9 n\u00e1\u0161 slogan, \u201e<strong>zdrav\u00ed zkr\u00e1s\u0148uje\u201c<\/strong>, a na\u0161e hodnoty. Hodnoty, na kter\u00fdch stoj\u00ed na\u0161e p\u016fsoben\u00ed, jsou:<\/p><ul><li>Trval\u00fd \u00fa\u010dinek<\/li><li>P\u0159\u00edrodn\u00ed obnova vlas\u016f<\/li><li>Spokojen\u00ed z\u00e1kazn\u00edci<\/li><li>Individu\u00e1ln\u00ed a celostn\u00ed p\u0159\u00edstup<\/li><li>\u0160etrnost v\u016f\u010di \u017eivotn\u00edmu prost\u0159ed\u00ed<\/li><\/ul>\t\t\t\t\t\t\t\t<\/div>\n\t\t\t\t<\/div>\n\t\t\t\t\t<\/div>\n\t\t<\/div>\n\t\t\t\t\t<\/div>\n\t\t<\/section>\n\t\t\t\t<section class=\"elementor-section elementor-top-section elementor-element elementor-element-8316a14 elementor-section-boxed elementor-section-height-default elementor-section-height-default\" data-id=\"8316a14\" data-element_type=\"section\" data-e-type=\"section\" data-settings=\"{&quot;jet_parallax_layout_list&quot;:[]}\">\n\t\t\t\t\t\t<div class=\"elementor-container elementor-column-gap-default\">\n\t\t\t\t\t<div class=\"elementor-column elementor-col-100 elementor-top-column elementor-element elementor-element-494c3c8\" data-id=\"494c3c8\" data-element_type=\"column\" data-e-type=\"column\">\n\t\t\t<div class=\"elementor-widget-wrap elementor-element-populated\">\n\t\t\t\t\t\t<div class=\"elementor-element elementor-element-11c8b4e elementor-widget elementor-widget-heading\" data-id=\"11c8b4e\" data-element_type=\"widget\" data-e-type=\"widget\" data-widget_type=\"heading.default\">\n\t\t\t\t<div class=\"elementor-widget-container\">\n\t\t\t\t\t<h2 class=\"elementor-heading-title elementor-size-default\">CO Z\u00cdSK\u00c1TE, POKUD SE STANETE KONZULTATNTEM LITERAM?<\/h2>\t\t\t\t<\/div>\n\t\t\t\t<\/div>\n\t\t\t\t\t<\/div>\n\t\t<\/div>\n\t\t\t\t\t<\/div>\n\t\t<\/section>\n\t\t\t\t<section class=\"elementor-section elementor-top-section elementor-element elementor-element-7bf0794 elementor-section-boxed elementor-section-height-default elementor-section-height-default\" data-id=\"7bf0794\" data-element_type=\"section\" data-e-type=\"section\" data-settings=\"{&quot;jet_parallax_layout_list&quot;:[]}\">\n\t\t\t\t\t\t<div class=\"elementor-container elementor-column-gap-default\">\n\t\t\t\t\t<div class=\"elementor-column elementor-col-100 elementor-top-column elementor-element elementor-element-bc7b48e\" data-id=\"bc7b48e\" data-element_type=\"column\" data-e-type=\"column\">\n\t\t\t<div class=\"elementor-widget-wrap elementor-element-populated\">\n\t\t\t\t\t\t<div class=\"elementor-element elementor-element-e74fae4 elementor-widget elementor-widget-text-editor\" data-id=\"e74fae4\" data-element_type=\"widget\" data-e-type=\"widget\" data-widget_type=\"text-editor.default\">\n\t\t\t\t<div class=\"elementor-widget-container\">\n\t\t\t\t\t\t\t\t\t<ul><li><ul><li>Prov\u011b\u0159en\u00fd model \u00fa\u010dinn\u00e9 p\u00e9\u010de o vlasy (siln\u011bj\u0161\u00ed, pevn\u011bj\u0161\u00ed a del\u0161\u00ed vlasy)<\/li><li>Inovativn\u00ed p\u0159\u00edstup k p\u00e9\u010di o zdrav\u00ed vlas\u016f, kter\u00fd je velmi trendov\u00fd<\/li><li>Prov\u011b\u0159en\u00fd p\u0159\u00edstup na rostouc\u00ed trh p\u00e9\u010de o zdrav\u00e9 vlasy<\/li><li>Z\u00edsk\u00e1te nov\u00e9 klienty, kter\u00fdm opravdu jde o jejich vlasy, a proto r\u00e1di dob\u0159e zaplat\u00ed.<\/li><li>Neust\u00e1l\u00fd v\u00fdvoj a zlep\u0161ov\u00e1n\u00ed sortimentu, nab\u00eddka r\u016fzn\u00fdch \u0161kolen\u00ed, kter\u00e1 v\u00e1m umo\u017en\u00ed neust\u00e1le zlep\u0161ovat nab\u00eddku slu\u017eeb ve va\u0161em salonu.<\/li><li>Pokud se pozd\u011bji rozhodnete st\u00e1t se terapeutem LITERAM, budete m\u00edt p\u0159ednost p\u0159i \u00fa\u010dasti na \u0161kolen\u00ed a v\u00fdhodn\u011bj\u0161\u00ed cenov\u00e9 podm\u00ednky.<\/li><li>Z\u00edsk\u00e1te nov\u00e9 znalosti a budete moci l\u00e9pe \u0159e\u0161it probl\u00e9my s vlasy a poko\u017ekou hlavy va\u0161ich klient\u016f.<\/li><li>Vy\u0161\u0161\u00ed p\u0159\u00edjem a v\u00fdjime\u010dn\u00e9 v\u00fdsledky u problematick\u00fdch vlas\u016f a poko\u017eky hlavy va\u0161ich z\u00e1kazn\u00edk\u016f.<\/li><\/ul><p>Pro dal\u0161\u00ed informace, jak se st\u00e1t konzultantem LITERAM\u00a0 (konzultace a prodej produkt\u016f), n\u00e1s kontaktujte na na\u0161i e-mailovou adresu:\u00a0<a href=\"mailto:piskar@literam.net\">piskar@literam.net<\/a>\u00a0nebo zavolejte na telefonn\u00ed \u010d\u00edslo +386 31 773 319. M\u016f\u017eete si u n\u00e1s dojednat praktickou prezentaci a zjistit, jak\u00e9 jsou na\u0161e obchodn\u00ed podm\u00ednky.<\/p><\/li><\/ul>\t\t\t\t\t\t\t\t<\/div>\n\t\t\t\t<\/div>\n\t\t\t\t\t<\/div>\n\t\t<\/div>\n\t\t\t\t\t<\/div>\n\t\t<\/section>\n\t\t\t\t<section class=\"elementor-section elementor-top-section elementor-element elementor-element-4bca0a8a ct-section-stretched elementor-section-full_width elementor-section-height-default elementor-section-height-default\" data-id=\"4bca0a8a\" data-element_type=\"section\" data-e-type=\"section\" data-settings=\"{&quot;jet_parallax_layout_list&quot;:[],&quot;background_background&quot;:&quot;classic&quot;}\">\n\t\t\t\t\t\t<div class=\"elementor-container elementor-column-gap-no\">\n\t\t\t\t\t<div class=\"elementor-column elementor-col-100 elementor-top-column elementor-element elementor-element-3eb675e1\" data-id=\"3eb675e1\" data-element_type=\"column\" data-e-type=\"column\">\n\t\t\t<div class=\"elementor-widget-wrap elementor-element-populated\">\n\t\t\t\t\t\t<div class=\"elementor-element elementor-element-3c73190e elementor-widget elementor-widget-heading\" data-id=\"3c73190e\" data-element_type=\"widget\" data-e-type=\"widget\" data-widget_type=\"heading.default\">\n\t\t\t\t<div class=\"elementor-widget-container\">\n\t\t\t\t\t<h2 class=\"elementor-heading-title elementor-size-default\">SJEDNEJTE SI BEZPLATNOU KONZULTACI<\/h2>\t\t\t\t<\/div>\n\t\t\t\t<\/div>\n\t\t\t\t<div class=\"elementor-element elementor-element-ce07eb1 elementor-align-center elementor-widget elementor-widget-button\" data-id=\"ce07eb1\" data-element_type=\"widget\" data-e-type=\"widget\" data-widget_type=\"button.default\">\n\t\t\t\t<div class=\"elementor-widget-container\">\n\t\t\t\t\t\t\t\t\t<div class=\"elementor-button-wrapper\">\n\t\t\t\t\t<a class=\"elementor-button elementor-button-link elementor-size-md\" href=\"https:\/\/www.literam.net\/brezplacen-posvet\/\">\n\t\t\t\t\t\t<span class=\"elementor-button-content-wrapper\">\n\t\t\t\t\t\t\t\t\t<span class=\"elementor-button-text\">M\u00c1M Z\u00c1JEM O BEZPLATNOU KONZULTACI<\/span>\n\t\t\t\t\t<\/span>\n\t\t\t\t\t<\/a>\n\t\t\t\t<\/div>\n\t\t\t\t\t\t\t\t<\/div>\n\t\t\t\t<\/div>\n\t\t\t\t\t<\/div>\n\t\t<\/div>\n\t\t\t\t\t<\/div>\n\t\t<\/section>\n\t\t\t\t<\/div>\n\t\t","protected":false},"excerpt":{"rendered":"<p>Domov Chcete se dozv\u011bd\u011bt v\u00edce o struktu\u0159e vlas\u016f a \u0159e\u0161en\u00ed probl\u00e9m\u016f s vlasy a poko\u017ekou hlavy a nem\u00e1te \u010das na del\u0161\u00ed \u0161kolen\u00ed? Sta\u0148te se konzultantem LITERAM a sv\u00fdm z\u00e1kazn\u00edk\u016fm nab\u00edzejte produkty care-line. Pomoc\u00ed znalost\u00ed, kter\u00e9 z\u00edsk\u00e1te na \u0161kolen\u00ed pro LITERAM konzultanty, m\u016f\u017eete sv\u00fdm klient\u016fm ve sv\u00e9m salonu nab\u00edzet dodate\u010dn\u00e9 slu\u017eby, kter\u00e9 jsou v tomto oboru [&hellip;]<\/p>\n","protected":false},"author":4,"featured_media":0,"parent":0,"menu_order":0,"comment_status":"closed","ping_status":"closed","template":"elementor_header_footer","meta":{"footnotes":""},"class_list":["post-8450","page","type-page","status-publish","hentry"],"blocksy_meta":{"styles_descriptor":{"styles":{"desktop":"","tablet":"","mobile":""},"google_fonts":[],"version":6}},"_links":{"self":[{"href":"https:\/\/www.literam.net\/cs\/wp-json\/wp\/v2\/pages\/8450","targetHints":{"allow":["GET"]}}],"collection":[{"href":"https:\/\/www.literam.net\/cs\/wp-json\/wp\/v2\/pages"}],"about":[{"href":"https:\/\/www.literam.net\/cs\/wp-json\/wp\/v2\/types\/page"}],"author":[{"embeddable":true,"href":"https:\/\/www.literam.net\/cs\/wp-json\/wp\/v2\/users\/4"}],"replies":[{"embeddable":true,"href":"https:\/\/www.literam.net\/cs\/wp-json\/wp\/v2\/comments?post=8450"}],"version-history":[{"count":0,"href":"https:\/\/www.literam.net\/cs\/wp-json\/wp\/v2\/pages\/8450\/revisions"}],"wp:attachment":[{"href":"https:\/\/www.literam.net\/cs\/wp-json\/wp\/v2\/media?parent=8450"}],"curies":[{"name":"wp","href":"https:\/\/api.w.org\/{rel}","templated":true}]}}