{"id":8559,"date":"2022-02-25T12:03:03","date_gmt":"2022-02-25T11:03:03","guid":{"rendered":"https:\/\/www.literam.net\/blog\/"},"modified":"2022-06-25T19:40:10","modified_gmt":"2022-06-25T17:40:10","slug":"blog","status":"publish","type":"page","link":"https:\/\/www.literam.net\/cs\/blog\/","title":{"rendered":"Blog"},"content":{"rendered":"\t\t<div data-elementor-type=\"wp-page\" data-elementor-id=\"8559\" class=\"elementor elementor-8559 elementor-4931\" data-elementor-post-type=\"page\">\n\t\t\t\t\t\t<section class=\"elementor-section elementor-top-section elementor-element elementor-element-50f0df5 elementor-section-boxed elementor-section-height-default elementor-section-height-default\" data-id=\"50f0df5\" data-element_type=\"section\" data-e-type=\"section\" data-settings=\"{&quot;jet_parallax_layout_list&quot;:[]}\">\n\t\t\t\t\t\t<div class=\"elementor-container elementor-column-gap-default\">\n\t\t\t\t\t<div class=\"elementor-column elementor-col-100 elementor-top-column elementor-element elementor-element-61557da\" data-id=\"61557da\" data-element_type=\"column\" data-e-type=\"column\">\n\t\t\t<div class=\"elementor-widget-wrap elementor-element-populated\">\n\t\t\t\t\t\t<div class=\"elementor-element elementor-element-bac175c elementor-widget elementor-widget-jet-breadcrumbs\" data-id=\"bac175c\" data-element_type=\"widget\" data-e-type=\"widget\" data-widget_type=\"jet-breadcrumbs.default\">\n\t\t\t\t<div class=\"elementor-widget-container\">\n\t\t\t\t\t<div class=\"elementor-jet-breadcrumbs jet-blocks\">\n\t\t<div class=\"jet-breadcrumbs\">\n\t\t<div class=\"jet-breadcrumbs__content\">\n\t\t<div class=\"jet-breadcrumbs__wrap\"><div class=\"jet-breadcrumbs__item\"><a href=\"https:\/\/www.literam.net\/cs\/\" class=\"jet-breadcrumbs__item-link is-home\" rel=\"home\" title=\"Domov\">Domov<\/a><\/div>\n\t\t<\/div>\n\t\t<\/div>\n\t\t<\/div><\/div>\t\t\t\t<\/div>\n\t\t\t\t<\/div>\n\t\t\t\t\t<\/div>\n\t\t<\/div>\n\t\t\t\t\t<\/div>\n\t\t<\/section>\n\t\t\t\t<section class=\"elementor-section elementor-top-section elementor-element elementor-element-853416d elementor-section-boxed elementor-section-height-default elementor-section-height-default\" data-id=\"853416d\" data-element_type=\"section\" data-e-type=\"section\" data-settings=\"{&quot;jet_parallax_layout_list&quot;:[]}\">\n\t\t\t\t\t\t<div class=\"elementor-container elementor-column-gap-default\">\n\t\t\t\t\t<div class=\"elementor-column elementor-col-100 elementor-top-column elementor-element elementor-element-d7d824e\" data-id=\"d7d824e\" data-element_type=\"column\" data-e-type=\"column\">\n\t\t\t<div class=\"elementor-widget-wrap elementor-element-populated\">\n\t\t\t\t\t\t<div class=\"elementor-element elementor-element-41ca0ad elementor-widget elementor-widget-heading\" data-id=\"41ca0ad\" data-element_type=\"widget\" data-e-type=\"widget\" data-widget_type=\"heading.default\">\n\t\t\t\t<div class=\"elementor-widget-container\">\n\t\t\t\t\t<h2 class=\"elementor-heading-title elementor-size-default\">BLOG<\/h2>\t\t\t\t<\/div>\n\t\t\t\t<\/div>\n\t\t\t\t\t<\/div>\n\t\t<\/div>\n\t\t\t\t\t<\/div>\n\t\t<\/section>\n\t\t\t\t<section class=\"elementor-section elementor-top-section elementor-element elementor-element-3d0ec47 elementor-section-boxed elementor-section-height-default elementor-section-height-default\" data-id=\"3d0ec47\" data-element_type=\"section\" data-e-type=\"section\" data-settings=\"{&quot;jet_parallax_layout_list&quot;:[]}\">\n\t\t\t\t\t\t<div class=\"elementor-container elementor-column-gap-default\">\n\t\t\t\t\t<div class=\"elementor-column elementor-col-100 elementor-top-column elementor-element elementor-element-42e7294\" data-id=\"42e7294\" data-element_type=\"column\" data-e-type=\"column\">\n\t\t\t<div class=\"elementor-widget-wrap elementor-element-populated\">\n\t\t\t\t\t\t<div class=\"elementor-element elementor-element-931e5e3 uael-posts-thumbnail-ratio elementor-widget elementor-widget-uael-posts\" data-id=\"931e5e3\" data-element_type=\"widget\" data-e-type=\"widget\" data-settings=\"{&quot;classic_slides_to_show&quot;:3,&quot;classic_slides_to_show_tablet&quot;:2,&quot;classic_slides_to_show_mobile&quot;:1,&quot;classic_show_filters&quot;:&quot;no&quot;}\" data-widget_type=\"uael-posts.classic\">\n\t\t\t\t<div class=\"elementor-widget-container\">\n\t\t\t\t\t\t\t<div class=\"uael-post__header\">\n\t\t\t\t\t<\/div>\n\t\t<div class=\"uael-post__body\">\n\t\t\t\n\t\t\n\t\t<div class=\"uael-blog-terms-position- uael-post-image-top uael-post-grid uael-posts\" data-query-type=\"custom\" data-structure=\"normal\" data-layout=\"\" data-page=\"8559\" data-skin=\"classic\" data-filter-default=\"\" data-offset-top=\"30\" >\n\n\t\t\t\t\t\t\t<div class=\"uael-post-grid__inner uael-post__columns-3 uael-post__columns-tablet-2 uael-post__columns-mobile-1 uael-post-infinite-scroll uael-post-infinite__event-scroll\">\n\t\t\t\n<div class=\"uael-post-wrapper   uncategorized-@cs \">\n\t<div class=\"uael-post__bg-wrap uael-bg-wrap-disabled \">\n\n\t\t\t\t\n\t\t<div class=\"uael-post__inner-wrap uael-inner-wrap-disabled\">\n\n\t\t\t\t<div class=\"uael-post__thumbnail\">\n\t\t\t\n\t\t\t<a href=\"https:\/\/www.literam.net\/cs\/je-lase-dobro-cesati-ali-ne\/\" target=\"_self\" title=\"JE LASE DOBRO \u010cESATI ALI NE?\"><img fetchpriority=\"high\" decoding=\"async\" width=\"300\" height=\"300\" src=\"https:\/\/www.literam.net\/wp-content\/uploads\/2022\/05\/woman-g49985e78c_1920-300x300-1.jpg\" class=\"attachment-full size-full wp-image-7836\" alt=\"\" title=\"\" srcset=\"https:\/\/www.literam.net\/wp-content\/uploads\/2022\/05\/woman-g49985e78c_1920-300x300-1.jpg 300w, https:\/\/www.literam.net\/wp-content\/uploads\/2022\/05\/woman-g49985e78c_1920-300x300-1-100x100.jpg 100w, https:\/\/www.literam.net\/wp-content\/uploads\/2022\/05\/woman-g49985e78c_1920-300x300-1-150x150.jpg 150w\" sizes=\"(max-width: 300px) 100vw, 300px\" \/><\/a>\n\t\t\t\t\t<\/div>\n\t\t\n\t\t\t\n\t\t\t<div class=\"uael-post__content-wrap uael-content-wrap-disabled\">\n\t\t\t\t\t<h3 class=\"uael-post__title\">\n\n\t\t\n\t\t\t\t\t\t<a href=\"https:\/\/www.literam.net\/cs\/je-lase-dobro-cesati-ali-ne\/\" target=\"_self\">\n\t\t\t\tJE LASE DOBRO \u010cESATI ALI NE?\t\t\t<\/a>\n\n\t\t\t\t<\/h3>\n\t\t\n\t\t<div class=\"uael-post__excerpt\">\n\t\t\tDomov JE LASE DOBRO \u010cESATI ALI NE? Ko za\u010dnejo lasje \u010dezmerno izpadati, se veliko ljudi ustra\u0161i. Nehajo se \u010desati, ker se bojijo, da jim bo zaradi tega izpadlo \u0161e ve\u010d ...\t\t<\/div>\n\n\t\t\t\t\t<a class=\"uael-post__read-more elementor-button\" href=\"https:\/\/www.literam.net\/cs\/je-lase-dobro-cesati-ali-ne\/\" target=\"_self\" aria-labelledby=\"uael-post-9070\">\n\t\t\t\t\t<span class=\"elementor-button-content-wrapper\">\n\t\t\t\t\t\t\t\t\t\t\t\t\t\t<span class=\"elementor-button-icon elementor-align-icon-left\">\n\n\t\t\t\t\t\t\t\t\t\n\t\t\t\t\t\t\t\t<\/span>\n\t\t\t\t\t\t\t\t\t\t\t\t\t\n\t\t\t\t\t\t<span class=\"elementor-button-text\" id=uael-post-9070>Preberi \u010dlanek<\/span>\n\t\t\t\t\t<\/span>\n\t\t\t\t<\/a>\n\t\t\t\t\t\t<\/div>\n\t\t\t\n\t\t<\/div>\n\t\t\n\t<\/div>\n\n<\/div>\n\n<div class=\"uael-post-wrapper   uncategorized-@cs \">\n\t<div class=\"uael-post__bg-wrap uael-bg-wrap-disabled \">\n\n\t\t\t\t\n\t\t<div class=\"uael-post__inner-wrap uael-inner-wrap-disabled\">\n\n\t\t\t\t<div class=\"uael-post__thumbnail\">\n\t\t\t\n\t\t\t<a href=\"https:\/\/www.literam.net\/cs\/idealen-cas-za-regeneracijo-lasisca-in-las\/\" target=\"_self\" title=\"Idealen \u010das za regeneracijo lasi\u0161\u010da in las\"><img decoding=\"async\" width=\"300\" height=\"300\" src=\"https:\/\/www.literam.net\/wp-content\/uploads\/2022\/05\/kdaj-literam-antiage-300x300-1.png\" class=\"attachment-full size-full wp-image-7781\" alt=\"\" title=\"\" srcset=\"https:\/\/www.literam.net\/wp-content\/uploads\/2022\/05\/kdaj-literam-antiage-300x300-1.png 300w, https:\/\/www.literam.net\/wp-content\/uploads\/2022\/05\/kdaj-literam-antiage-300x300-1-100x100.png 100w, https:\/\/www.literam.net\/wp-content\/uploads\/2022\/05\/kdaj-literam-antiage-300x300-1-150x150.png 150w\" sizes=\"(max-width: 300px) 100vw, 300px\" \/><\/a>\n\t\t\t\t\t<\/div>\n\t\t\n\t\t\t\n\t\t\t<div class=\"uael-post__content-wrap uael-content-wrap-disabled\">\n\t\t\t\t\t<h3 class=\"uael-post__title\">\n\n\t\t\n\t\t\t\t\t\t<a href=\"https:\/\/www.literam.net\/cs\/idealen-cas-za-regeneracijo-lasisca-in-las\/\" target=\"_self\">\n\t\t\t\tIdealen \u010das za regeneracijo lasi\u0161\u010da in las\t\t\t<\/a>\n\n\t\t\t\t<\/h3>\n\t\t\n\t\t<div class=\"uael-post__excerpt\">\n\t\t\tDomov Idealen \u010das za regeneracijo lasi\u0161\u010da in las Lasje so od aprila do junija najmanj izpostavljeni zunanjim vplivom, zato se lasi\u0161\u010de umiri in je \u010das za regeneracijo, razvajanje lasi\u0161\u010da in ...\t\t<\/div>\n\n\t\t\t\t\t<a class=\"uael-post__read-more elementor-button\" href=\"https:\/\/www.literam.net\/cs\/idealen-cas-za-regeneracijo-lasisca-in-las\/\" target=\"_self\" aria-labelledby=\"uael-post-9110\">\n\t\t\t\t\t<span class=\"elementor-button-content-wrapper\">\n\t\t\t\t\t\t\t\t\t\t\t\t\t\t<span class=\"elementor-button-icon elementor-align-icon-left\">\n\n\t\t\t\t\t\t\t\t\t\n\t\t\t\t\t\t\t\t<\/span>\n\t\t\t\t\t\t\t\t\t\t\t\t\t\n\t\t\t\t\t\t<span class=\"elementor-button-text\" id=uael-post-9110>Preberi \u010dlanek<\/span>\n\t\t\t\t\t<\/span>\n\t\t\t\t<\/a>\n\t\t\t\t\t\t<\/div>\n\t\t\t\n\t\t<\/div>\n\t\t\n\t<\/div>\n\n<\/div>\n\n<div class=\"uael-post-wrapper   uncategorized-@cs \">\n\t<div class=\"uael-post__bg-wrap uael-bg-wrap-disabled \">\n\n\t\t\t\t\n\t\t<div class=\"uael-post__inner-wrap uael-inner-wrap-disabled\">\n\n\t\t\t\t<div class=\"uael-post__thumbnail\">\n\t\t\t\n\t\t\t<a href=\"https:\/\/www.literam.net\/cs\/kako-ucinkovito-prepreciti-prekomerno-izpadanje-las\/\" target=\"_self\" title=\"Kako u\u010dinkovito prepre\u010diti prekomerno izpadanje las?\"><img decoding=\"async\" width=\"300\" height=\"300\" src=\"https:\/\/www.literam.net\/wp-content\/uploads\/2022\/05\/floket-300x300-1.jpg\" class=\"attachment-full size-full wp-image-7800\" alt=\"\" title=\"\" srcset=\"https:\/\/www.literam.net\/wp-content\/uploads\/2022\/05\/floket-300x300-1.jpg 300w, https:\/\/www.literam.net\/wp-content\/uploads\/2022\/05\/floket-300x300-1-100x100.jpg 100w, https:\/\/www.literam.net\/wp-content\/uploads\/2022\/05\/floket-300x300-1-150x150.jpg 150w\" sizes=\"(max-width: 300px) 100vw, 300px\" \/><\/a>\n\t\t\t\t\t<\/div>\n\t\t\n\t\t\t\n\t\t\t<div class=\"uael-post__content-wrap uael-content-wrap-disabled\">\n\t\t\t\t\t<h3 class=\"uael-post__title\">\n\n\t\t\n\t\t\t\t\t\t<a href=\"https:\/\/www.literam.net\/cs\/kako-ucinkovito-prepreciti-prekomerno-izpadanje-las\/\" target=\"_self\">\n\t\t\t\tKako u\u010dinkovito prepre\u010diti prekomerno izpadanje las?\t\t\t<\/a>\n\n\t\t\t\t<\/h3>\n\t\t\n\t\t<div class=\"uael-post__excerpt\">\n\t\t\tDomov Kako u\u010dinkovito prepre\u010diti prekomerno izpadanje las? Izpadanje las ali tudi red\u010denje las lahko povzro\u010dijo \u017eivljenjske navade, genetika &nbsp;(dedna zasnova) ali celo oboje.&nbsp; Do izpadanja las lahko pripeljejo tudi dolo\u010dena ...\t\t<\/div>\n\n\t\t\t\t\t<a class=\"uael-post__read-more elementor-button\" href=\"https:\/\/www.literam.net\/cs\/kako-ucinkovito-prepreciti-prekomerno-izpadanje-las\/\" target=\"_self\" aria-labelledby=\"uael-post-9122\">\n\t\t\t\t\t<span class=\"elementor-button-content-wrapper\">\n\t\t\t\t\t\t\t\t\t\t\t\t\t\t<span class=\"elementor-button-icon elementor-align-icon-left\">\n\n\t\t\t\t\t\t\t\t\t\n\t\t\t\t\t\t\t\t<\/span>\n\t\t\t\t\t\t\t\t\t\t\t\t\t\n\t\t\t\t\t\t<span class=\"elementor-button-text\" id=uael-post-9122>Preberi \u010dlanek<\/span>\n\t\t\t\t\t<\/span>\n\t\t\t\t<\/a>\n\t\t\t\t\t\t<\/div>\n\t\t\t\n\t\t<\/div>\n\t\t\n\t<\/div>\n\n<\/div>\n\n<div class=\"uael-post-wrapper   uncategorized-@cs \">\n\t<div class=\"uael-post__bg-wrap uael-bg-wrap-disabled \">\n\n\t\t\t\t\n\t\t<div class=\"uael-post__inner-wrap uael-inner-wrap-disabled\">\n\n\t\t\t\t<div class=\"uael-post__thumbnail\">\n\t\t\t\n\t\t\t<a href=\"https:\/\/www.literam.net\/cs\/razpusceni-dolgi-lasje-ponoci\/\" target=\"_self\" title=\"Nech\u00e1v\u00e1te va\u0161e dlouh\u00e9 vlasy p\u0159es noc rozpu\u0161t\u011bn\u00e9?\"><img loading=\"lazy\" decoding=\"async\" width=\"600\" height=\"600\" src=\"https:\/\/www.literam.net\/wp-content\/uploads\/2022\/05\/40255929_2237698032937954_6986327029264154624_n-600x600-1.jpg\" class=\"attachment-full size-full wp-image-7812\" alt=\"\" title=\"\" srcset=\"https:\/\/www.literam.net\/wp-content\/uploads\/2022\/05\/40255929_2237698032937954_6986327029264154624_n-600x600-1.jpg 600w, https:\/\/www.literam.net\/wp-content\/uploads\/2022\/05\/40255929_2237698032937954_6986327029264154624_n-600x600-1-300x300.jpg 300w, https:\/\/www.literam.net\/wp-content\/uploads\/2022\/05\/40255929_2237698032937954_6986327029264154624_n-600x600-1-100x100.jpg 100w, https:\/\/www.literam.net\/wp-content\/uploads\/2022\/05\/40255929_2237698032937954_6986327029264154624_n-600x600-1-500x500.jpg 500w, https:\/\/www.literam.net\/wp-content\/uploads\/2022\/05\/40255929_2237698032937954_6986327029264154624_n-600x600-1-150x150.jpg 150w\" sizes=\"(max-width: 600px) 100vw, 600px\" \/><\/a>\n\t\t\t\t\t<\/div>\n\t\t\n\t\t\t\n\t\t\t<div class=\"uael-post__content-wrap uael-content-wrap-disabled\">\n\t\t\t\t\t<h3 class=\"uael-post__title\">\n\n\t\t\n\t\t\t\t\t\t<a href=\"https:\/\/www.literam.net\/cs\/razpusceni-dolgi-lasje-ponoci\/\" target=\"_self\">\n\t\t\t\tNech\u00e1v\u00e1te va\u0161e dlouh\u00e9 vlasy p\u0159es noc rozpu\u0161t\u011bn\u00e9?\t\t\t<\/a>\n\n\t\t\t\t<\/h3>\n\t\t\n\t\t<div class=\"uael-post__excerpt\">\n\t\t\tDomov Nech\u00e1v\u00e1te va\u0161e dlouh\u00e9 vlasy p\u0159es noc rozpu\u0161t\u011bn\u00e9? Nejv\u011bt\u0161\u00ed boj s vlasy m\u00edv\u00e1me r\u00e1no. Tehdy v\u011bt\u0161inou sp\u011bch\u00e1me a nem\u00e1me \u010das zab\u00fdvat se stylingem vlas\u016f. Aby v\u00e1\u0161 rann\u00ed styling nebyl tak ...\t\t<\/div>\n\n\t\t\t\t\t<a class=\"uael-post__read-more elementor-button\" href=\"https:\/\/www.literam.net\/cs\/razpusceni-dolgi-lasje-ponoci\/\" target=\"_self\" aria-labelledby=\"uael-post-9098\">\n\t\t\t\t\t<span class=\"elementor-button-content-wrapper\">\n\t\t\t\t\t\t\t\t\t\t\t\t\t\t<span class=\"elementor-button-icon elementor-align-icon-left\">\n\n\t\t\t\t\t\t\t\t\t\n\t\t\t\t\t\t\t\t<\/span>\n\t\t\t\t\t\t\t\t\t\t\t\t\t\n\t\t\t\t\t\t<span class=\"elementor-button-text\" id=uael-post-9098>Preberi \u010dlanek<\/span>\n\t\t\t\t\t<\/span>\n\t\t\t\t<\/a>\n\t\t\t\t\t\t<\/div>\n\t\t\t\n\t\t<\/div>\n\t\t\n\t<\/div>\n\n<\/div>\n\n<div class=\"uael-post-wrapper   uncategorized-@cs \">\n\t<div class=\"uael-post__bg-wrap uael-bg-wrap-disabled \">\n\n\t\t\t\t\n\t\t<div class=\"uael-post__inner-wrap uael-inner-wrap-disabled\">\n\n\t\t\t\t<div class=\"uael-post__thumbnail\">\n\t\t\t\n\t\t\t<a href=\"https:\/\/www.literam.net\/cs\/top-najstnica\/\" target=\"_self\" title=\"TOP TEENAGERKA\"><img loading=\"lazy\" decoding=\"async\" width=\"300\" height=\"300\" src=\"https:\/\/www.literam.net\/wp-content\/uploads\/2022\/05\/ab0d262845514005439724637c274390-300x300-1.jpg\" class=\"attachment-full size-full wp-image-7817\" alt=\"\" title=\"\" srcset=\"https:\/\/www.literam.net\/wp-content\/uploads\/2022\/05\/ab0d262845514005439724637c274390-300x300-1.jpg 300w, https:\/\/www.literam.net\/wp-content\/uploads\/2022\/05\/ab0d262845514005439724637c274390-300x300-1-100x100.jpg 100w, https:\/\/www.literam.net\/wp-content\/uploads\/2022\/05\/ab0d262845514005439724637c274390-300x300-1-150x150.jpg 150w\" sizes=\"(max-width: 300px) 100vw, 300px\" \/><\/a>\n\t\t\t\t\t<\/div>\n\t\t\n\t\t\t\n\t\t\t<div class=\"uael-post__content-wrap uael-content-wrap-disabled\">\n\t\t\t\t\t<h3 class=\"uael-post__title\">\n\n\t\t\n\t\t\t\t\t\t<a href=\"https:\/\/www.literam.net\/cs\/top-najstnica\/\" target=\"_self\">\n\t\t\t\tTOP TEENAGERKA\t\t\t<\/a>\n\n\t\t\t\t<\/h3>\n\t\t\n\t\t<div class=\"uael-post__excerpt\">\n\t\t\tDomov TOP TEENAGERKA Letos se na sout\u011b\u017e Top teenagerka ve Slovinsku p\u0159ihl\u00e1silo p\u0159es 200 d\u00edvek. Minul\u00fd v\u00edkend se v Supernov\u011b Rudnik v Lublani p\u0159edstavilo 12 vybran\u00fdch finalistek. V\u00edt\u011bzkyn\u011b vyb\u00edrali z\u00e1stupkyn\u011b ...\t\t<\/div>\n\n\t\t\t\t\t<a class=\"uael-post__read-more elementor-button\" href=\"https:\/\/www.literam.net\/cs\/top-najstnica\/\" target=\"_self\" aria-labelledby=\"uael-post-9094\">\n\t\t\t\t\t<span class=\"elementor-button-content-wrapper\">\n\t\t\t\t\t\t\t\t\t\t\t\t\t\t<span class=\"elementor-button-icon elementor-align-icon-left\">\n\n\t\t\t\t\t\t\t\t\t\n\t\t\t\t\t\t\t\t<\/span>\n\t\t\t\t\t\t\t\t\t\t\t\t\t\n\t\t\t\t\t\t<span class=\"elementor-button-text\" id=uael-post-9094>Preberi \u010dlanek<\/span>\n\t\t\t\t\t<\/span>\n\t\t\t\t<\/a>\n\t\t\t\t\t\t<\/div>\n\t\t\t\n\t\t<\/div>\n\t\t\n\t<\/div>\n\n<\/div>\n\n<div class=\"uael-post-wrapper   uncategorized-@cs \">\n\t<div class=\"uael-post__bg-wrap uael-bg-wrap-disabled \">\n\n\t\t\t\t\n\t\t<div class=\"uael-post__inner-wrap uael-inner-wrap-disabled\">\n\n\t\t\t\t<div class=\"uael-post__thumbnail\">\n\t\t\t\n\t\t\t<a href=\"https:\/\/www.literam.net\/cs\/kako-do-zdravih-las-s-pravilno-krtaco\/\" target=\"_self\" title=\"Kako do zdravih las s pravilno krta\u010do?\"><img loading=\"lazy\" decoding=\"async\" width=\"720\" height=\"960\" src=\"https:\/\/www.literam.net\/wp-content\/uploads\/2022\/05\/krtaca-1.jpg\" class=\"attachment-full size-full wp-image-6879\" alt=\"\" title=\"\" srcset=\"https:\/\/www.literam.net\/wp-content\/uploads\/2022\/05\/krtaca-1.jpg 720w, https:\/\/www.literam.net\/wp-content\/uploads\/2022\/05\/krtaca-1-225x300.jpg 225w\" sizes=\"(max-width: 720px) 100vw, 720px\" \/><\/a>\n\t\t\t\t\t<\/div>\n\t\t\n\t\t\t\n\t\t\t<div class=\"uael-post__content-wrap uael-content-wrap-disabled\">\n\t\t\t\t\t<h3 class=\"uael-post__title\">\n\n\t\t\n\t\t\t\t\t\t<a href=\"https:\/\/www.literam.net\/cs\/kako-do-zdravih-las-s-pravilno-krtaco\/\" target=\"_self\">\n\t\t\t\tKako do zdravih las s pravilno krta\u010do?\t\t\t<\/a>\n\n\t\t\t\t<\/h3>\n\t\t\n\t\t<div class=\"uael-post__excerpt\">\n\t\t\t\u010ce \u017eelimo ohraniti lepe lase in narediti obstojno pri\u010desko je pomembno, da pri oblikovanju pri\u010deske s fenom uporabimo krta\u010do, ki je ne\u017ena do las. LITERAM terapevti zato najbolj pogosto uporabljajo ...\t\t<\/div>\n\n\t\t\t\t\t<a class=\"uael-post__read-more elementor-button\" href=\"https:\/\/www.literam.net\/cs\/kako-do-zdravih-las-s-pravilno-krtaco\/\" target=\"_self\" aria-labelledby=\"uael-post-9078\">\n\t\t\t\t\t<span class=\"elementor-button-content-wrapper\">\n\t\t\t\t\t\t\t\t\t\t\t\t\t\t<span class=\"elementor-button-icon elementor-align-icon-left\">\n\n\t\t\t\t\t\t\t\t\t\n\t\t\t\t\t\t\t\t<\/span>\n\t\t\t\t\t\t\t\t\t\t\t\t\t\n\t\t\t\t\t\t<span class=\"elementor-button-text\" id=uael-post-9078>Preberi \u010dlanek<\/span>\n\t\t\t\t\t<\/span>\n\t\t\t\t<\/a>\n\t\t\t\t\t\t<\/div>\n\t\t\t\n\t\t<\/div>\n\t\t\n\t<\/div>\n\n<\/div>\n\n<div class=\"uael-post-wrapper   uncategorized-@cs \">\n\t<div class=\"uael-post__bg-wrap uael-bg-wrap-disabled \">\n\n\t\t\t\t\n\t\t<div class=\"uael-post__inner-wrap uael-inner-wrap-disabled\">\n\n\t\t\t\t<div class=\"uael-post__thumbnail\">\n\t\t\t\n\t\t\t<a href=\"https:\/\/www.literam.net\/cs\/balzam-za-lase-neguje-ali-unicuje\/\" target=\"_self\" title=\"Balzam za lase neguje ali uni\u010duje?\"><img loading=\"lazy\" decoding=\"async\" width=\"940\" height=\"788\" src=\"https:\/\/www.literam.net\/wp-content\/uploads\/2022\/05\/balzam.jpg\" class=\"attachment-full size-full wp-image-6873\" alt=\"\" title=\"\" srcset=\"https:\/\/www.literam.net\/wp-content\/uploads\/2022\/05\/balzam.jpg 940w, https:\/\/www.literam.net\/wp-content\/uploads\/2022\/05\/balzam-800x671.jpg 800w, https:\/\/www.literam.net\/wp-content\/uploads\/2022\/05\/balzam-300x251.jpg 300w, https:\/\/www.literam.net\/wp-content\/uploads\/2022\/05\/balzam-768x644.jpg 768w\" sizes=\"(max-width: 940px) 100vw, 940px\" \/><\/a>\n\t\t\t\t\t<\/div>\n\t\t\n\t\t\t\n\t\t\t<div class=\"uael-post__content-wrap uael-content-wrap-disabled\">\n\t\t\t\t\t<h3 class=\"uael-post__title\">\n\n\t\t\n\t\t\t\t\t\t<a href=\"https:\/\/www.literam.net\/cs\/balzam-za-lase-neguje-ali-unicuje\/\" target=\"_self\">\n\t\t\t\tBalzam za lase neguje ali uni\u010duje?\t\t\t<\/a>\n\n\t\t\t\t<\/h3>\n\t\t\n\t\t<div class=\"uael-post__excerpt\">\n\t\t\tKo lasje zrastejo iz lasi\u0161\u010da, najprej vidimo lasno steblo. Gre za \u017ee izoblikovan las, sestavljen iz treh glavnih delov: lusk, skorje in sredice. Glavna sestavina las je keratin. V laseh ...\t\t<\/div>\n\n\t\t\t\t\t<a class=\"uael-post__read-more elementor-button\" href=\"https:\/\/www.literam.net\/cs\/balzam-za-lase-neguje-ali-unicuje\/\" target=\"_self\" aria-labelledby=\"uael-post-9074\">\n\t\t\t\t\t<span class=\"elementor-button-content-wrapper\">\n\t\t\t\t\t\t\t\t\t\t\t\t\t\t<span class=\"elementor-button-icon elementor-align-icon-left\">\n\n\t\t\t\t\t\t\t\t\t\n\t\t\t\t\t\t\t\t<\/span>\n\t\t\t\t\t\t\t\t\t\t\t\t\t\n\t\t\t\t\t\t<span class=\"elementor-button-text\" id=uael-post-9074>Preberi \u010dlanek<\/span>\n\t\t\t\t\t<\/span>\n\t\t\t\t<\/a>\n\t\t\t\t\t\t<\/div>\n\t\t\t\n\t\t<\/div>\n\t\t\n\t<\/div>\n\n<\/div>\n\t\t\t\t<\/div>\n\t\t\t\t\t\t<div class=\"uael-post-inf-loader\">\n\t\t\t\t<div class=\"uael-post-loader-1\"><\/div>\n\t\t\t\t<div class=\"uael-post-loader-2\"><\/div>\n\t\t\t\t<div class=\"uael-post-loader-3\"><\/div>\n\t\t\t<\/div>\n\t\t\t\t\t\t\n\t\t<\/div>\n\n\t\t\t\t\t\t<\/div>\n\t\t<div class=\"uael-post__footer\">\n\t\t\t\t\t<\/div>\n\t\t\t\t\t\t<\/div>\n\t\t\t\t<\/div>\n\t\t\t\t\t<\/div>\n\t\t<\/div>\n\t\t\t\t\t<\/div>\n\t\t<\/section>\n\t\t\t\t<section class=\"elementor-section elementor-top-section elementor-element elementor-element-5e6100c ct-section-stretched elementor-section-full_width elementor-section-height-default elementor-section-height-default\" data-id=\"5e6100c\" data-element_type=\"section\" data-e-type=\"section\" data-settings=\"{&quot;jet_parallax_layout_list&quot;:[],&quot;background_background&quot;:&quot;classic&quot;}\">\n\t\t\t\t\t\t<div class=\"elementor-container elementor-column-gap-no\">\n\t\t\t\t\t<div class=\"elementor-column elementor-col-100 elementor-top-column elementor-element elementor-element-1581870\" data-id=\"1581870\" data-element_type=\"column\" data-e-type=\"column\">\n\t\t\t<div class=\"elementor-widget-wrap elementor-element-populated\">\n\t\t\t\t\t\t<div class=\"elementor-element elementor-element-463e7f12 elementor-widget elementor-widget-heading\" data-id=\"463e7f12\" data-element_type=\"widget\" data-e-type=\"widget\" data-widget_type=\"heading.default\">\n\t\t\t\t<div class=\"elementor-widget-container\">\n\t\t\t\t\t<h2 class=\"elementor-heading-title elementor-size-default\">Dogovorite se za brezpla\u010den posvet<\/h2>\t\t\t\t<\/div>\n\t\t\t\t<\/div>\n\t\t\t\t<div class=\"elementor-element elementor-element-3a4c37b4 elementor-align-center elementor-widget elementor-widget-button\" data-id=\"3a4c37b4\" data-element_type=\"widget\" data-e-type=\"widget\" data-widget_type=\"button.default\">\n\t\t\t\t<div class=\"elementor-widget-container\">\n\t\t\t\t\t\t\t\t\t<div class=\"elementor-button-wrapper\">\n\t\t\t\t\t<a class=\"elementor-button elementor-button-link elementor-size-md\" href=\"https:\/\/www.literam.net\/brezplacen-posvet\/\">\n\t\t\t\t\t\t<span class=\"elementor-button-content-wrapper\">\n\t\t\t\t\t\t\t\t\t<span class=\"elementor-button-text\">\u017dELIM BREZPLA\u010cEN POSVET<\/span>\n\t\t\t\t\t<\/span>\n\t\t\t\t\t<\/a>\n\t\t\t\t<\/div>\n\t\t\t\t\t\t\t\t<\/div>\n\t\t\t\t<\/div>\n\t\t\t\t\t<\/div>\n\t\t<\/div>\n\t\t\t\t\t<\/div>\n\t\t<\/section>\n\t\t\t\t<\/div>\n\t\t","protected":false},"excerpt":{"rendered":"<p>Domov BLOG Fatalni mo\u0161ki 2021 in LITERAM Domov Fatalni mo\u0161ki 2021 in LITERAM V ljubljanski Festivalni dvorani so izmed osmih kandidatov izbrali fatalnega mo\u0161kega 2021, ki je \u201cusodno zaznamoval leto 2021\u201d. Ta naziv si je prislu\u017eil kreativni \u2026 Preberi \u010dlanek UTRINKI IZ DOGODKA MISS EARTH SLOVENIJA Domov UTRINKI IZ DOGODKA MISS EARTH SLOVENIJA Med vas [&hellip;]<\/p>\n","protected":false},"author":4,"featured_media":0,"parent":0,"menu_order":0,"comment_status":"closed","ping_status":"closed","template":"elementor_header_footer","meta":{"footnotes":""},"class_list":["post-8559","page","type-page","status-publish","hentry"],"blocksy_meta":{"styles_descriptor":{"styles":{"desktop":"","tablet":"","mobile":""},"google_fonts":[],"version":6}},"_links":{"self":[{"href":"https:\/\/www.literam.net\/cs\/wp-json\/wp\/v2\/pages\/8559","targetHints":{"allow":["GET"]}}],"collection":[{"href":"https:\/\/www.literam.net\/cs\/wp-json\/wp\/v2\/pages"}],"about":[{"href":"https:\/\/www.literam.net\/cs\/wp-json\/wp\/v2\/types\/page"}],"author":[{"embeddable":true,"href":"https:\/\/www.literam.net\/cs\/wp-json\/wp\/v2\/users\/4"}],"replies":[{"embeddable":true,"href":"https:\/\/www.literam.net\/cs\/wp-json\/wp\/v2\/comments?post=8559"}],"version-history":[{"count":0,"href":"https:\/\/www.literam.net\/cs\/wp-json\/wp\/v2\/pages\/8559\/revisions"}],"wp:attachment":[{"href":"https:\/\/www.literam.net\/cs\/wp-json\/wp\/v2\/media?parent=8559"}],"curies":[{"name":"wp","href":"https:\/\/api.w.org\/{rel}","templated":true}]}}