{"id":14021,"date":"2024-03-06T20:02:02","date_gmt":"2024-03-06T19:02:02","guid":{"rendered":"https:\/\/www.literam.net\/izdelek\/lite-hair-growth-lotion-2\/"},"modified":"2025-04-02T11:07:10","modified_gmt":"2025-04-02T09:07:10","slug":"lite-hair-growth-lotion","status":"publish","type":"product","link":"https:\/\/www.literam.net\/cs\/izdelek\/lite-hair-growth-lotion\/","title":{"rendered":"Lite hair growth lotion &#8211; ZA POSPE\u0160ITEV RASTI LAS"},"content":{"rendered":"<p><span style=\"font-weight: 400;\">Za POMO\u010c PRI RASTI LAS trihologinja Klaudija Piskar priporo\u010da LITE HAIR GROWTH LOTION, ki ustvarja bolj\u0161e pogoje za hitrej\u0161o rast las. Nana\u0161amo ga direktno na lasi\u0161\u010de, najmanj 30 minut pred umivanjem nanesemo losjon na lasi\u0161\u010de, vmasiramo in pustimo, da deluje. Nato izperemo. Lahko nana\u0161amo tudi po umivanju v tankih nanosih na \u010disto lasi\u0161\u010de, vmasiramo ter oblikujemo pri\u010desko. Za maksimalno u\u010dinkovitost je treba proizvod nana\u0161ati vsaj 4 mesece kot dodaten tretma ob umivanju. Za optimalne rezultate je priporo\u010dljivo tretma narediti 1krat do 2krat letno.<\/span><\/p>\n<h3><strong>Zakaj losjon Hair growth tako dobro deluje?\u00a0<\/strong><\/h3>\n<p><span style=\"font-weight: 400;\"><strong>Losjon deluje antisepti\u010dno, antibakterijsko, prepre\u010duje prekomeren porast bakterijski kultur<\/strong>, ki se naselijo okoli lasnega me\u0161i\u010dka in ovirajo njegov \u017eivljenjski cikel in s tem dovod hrane, ki je potrebna za rast las. Tako pride do izpadanja las, v blagih primerih nastaja prhljaj. Z uporabo losjona o\u010distimo okolico me\u0161i\u010dka in tako ustvarimo pogoje za ponovno rast las. <strong>Proizvod prepre\u010duje in odpravlja bakterijsko izpadanje, prhljaj in srbe\u010dico.<\/strong> <\/span><\/p>\n<p><span style=\"font-weight: 400;\">Priporo\u010dena je uporaba v kombinaciji s \u0161amponom LITE KEPYRO ANTI-DANDRUFF v primeru prhljaja in <a href=\"https:\/\/www.literam.net\/cs\/izdelek\/lite-vital-shampoo-foam-za-tanke-lase-mastno-in-obcutljivo-lasisce\/\">s \u0161amponom LITE VITAL SOAP-BASED v primeru slab\u0161e rasti las<\/a>.<\/span> <span style=\"font-weight: 400;\">Kombinacija sestavin <\/span><b>KLIMBAZOLA, ZIZIPHUS JOAZEIRO BARK EXTRACT, PIROCTONE OLAMINE, RO\u017dMARINA<\/b><span style=\"font-weight: 400;\"> in SALICILNE KISLNE omogo\u010da u\u010dinkovitost pri boju z razli\u010dnimi <\/span><b>tipi prhljaja, srbe\u010dih, ob\u010dutljivih, mastnih in tudi vnetih lasi\u0161\u010d.\u00a0<\/b><\/p>\n<p>&nbsp;<\/p>\n<h2><b>AKTIVNE U\u010cINKOVINE v losijonu Lite hair growth:<\/b><\/h2>\n<p><b>ZIZIPHUS JOAZEIRO BARK EXTRACT:<\/b><\/p>\n<ul>\n<li><span style=\"font-weight: 400;\">Uravnava izlo\u010danje sebuma, obnavlja ko\u017eno bariero, normalizira celi\u010dno obnovo ter tako vpliva na pove\u010dano lu\u0161\u010denje- prhljaj, zmanj\u0161a spro\u0161\u010danje histamina in tako pomirjevalno deluje proti srbenju.<\/span><\/li>\n<li><span style=\"font-weight: 400;\">Pomaga ob\u010dutljivemu lasi\u0161\u010du; mastnim lasem; lasi\u0161\u010du, ki se lu\u0161\u010di; srbe\u010demu lasi\u0161\u010du; vnetemu lasi\u0161\u010du. Lasi\u0161\u010de takoj pridobi zdrav videz, luske izginejo, skupaj s srbe\u010dico in dra\u017eenjem.<\/span><\/li>\n<\/ul>\n<p><b>Te spojine imajo lahko protivnetne, antioksidativne in antimikrobne lastnosti.<\/b><\/p>\n<p><b>\u00bbIN VITRO\u00ab\u00a0 ter \u00bbIN VIVO\u00ab testi so pokazali:\u00a0<\/b><\/p>\n<ol>\n<li><span style=\"font-weight: 400;\"> Zagotavlja HITREJ\u0160I U\u010cINEK kot cinkov pirition in traja 72 ur<\/span><\/li>\n<li><span style=\"font-weight: 400;\"> -40 % prhljaja po 6 dneh &gt; Ziziphus Joazeiro Bark extract znatno odpravi prhljaj v primerjavi s placebom (razmerje &gt;1) (p&lt;0,04)<\/span><\/li>\n<li><span style=\"font-weight: 400;\"> MO\u010cNEJ\u0160I U\u010cINEK kot cinkov pirition: Ziziphus Joazeiro Bark extract\u00a0 je po 6 dneh 33 % u\u010dinkovitej\u0161i<\/span><\/li>\n<li><span style=\"font-weight: 400;\"> U\u010cINKOVITOST PROTI SRBE\u010cICI: Spro\u0161\u010danje histamina: -27%<\/span><\/li>\n<li><span style=\"font-weight: 400;\"> U\u010cINKOVITOST PROTI MASTNIM LASEM, LASI\u0160\u010cU: zmanj\u0161uje izlo\u010danje sebuma med in po tretmaju v primerjavi z Cink Pyrithionom, ki je pove\u010dal izlo\u010danje ma\u0161\u010dobe<\/span><\/li>\n<\/ol>\n<p><span style=\"font-weight: 400;\">Ziziphus Joazeiro Bark extract je bistveno bolje cenjen kot cinkov pirition.<\/span><\/p>\n<p><b>PIROCTONE OLAMINE:<\/b><\/p>\n<p><span style=\"font-weight: 400;\">Piroctone olamine je zdravilna u\u010dinkovina, ki deluje protimikrobno in protiglivi\u010dno, pomaga zmanj\u0161ati srbenje ter uravnava proizvodnjo sebuma, zato\u00a0 je u\u010dinkovito pri zdravljenju razli\u010dnih ko\u017enih te\u017eav, povezanih z glivicami in drugimi mikroorganizmi.\u00a0<\/span><b>Piroctone olamine deluje tako, da zavira rast glivic in bakterij na lasi\u0161\u010du ter zmanj\u0161uje vnetje ko\u017ee.\u00a0<\/b><\/p>\n<p><b>RO\u017dMARIN:<\/b><\/p>\n<p><span style=\"font-weight: 400;\">Ima \u0161tevilne koristne lastnosti za lasi\u0161\u010de. Po objavljeni literaturi ro\u017emarin deluje protivnetno, protimikrobno in antioksidativno. Ro\u017emarin ima antibakterijske in protivnetne lastnosti ter lahko pomaga pri zdravljenju razli\u010dnih ko\u017enih te\u017eav, kot so akne, dermatitis ali srbe\u010da ko\u017ea.\u00a0<\/span><\/p>\n<p><span style=\"font-weight: 400;\">Ro\u017emarin lahko pomaga lasi\u0161\u010du:<\/span><\/p>\n<ol>\n<li style=\"font-weight: 400;\" aria-level=\"1\"><b>Spodbuja rast las: <\/b><span style=\"font-weight: 400;\">Ro\u017emarin ima sposobnost spodbujanja krvnega obtoka v lasi\u0161\u010du, kar lahko prispeva k bolj\u0161i oskrbi lasnih me\u0161i\u010dkov s hranili. To lahko posledi\u010dno spodbudi rast las in zmanj\u0161a izpadanje las.<\/span><\/li>\n<li style=\"font-weight: 400;\" aria-level=\"1\"><b>Izbolj\u0161uje zdravje lasi\u0161\u010da<\/b><span style=\"font-weight: 400;\">: Ro\u017emarin ima antibakterijske in protivnetne lastnosti, ki lahko pomagajo pri zdravljenju razli\u010dnih te\u017eav lasi\u0161\u010da, vklju\u010dno z vnetjem, srbenjem, prhljajem in dermatitisom. Prav tako lahko pomaga uravnote\u017eiti proizvodnjo olja na lasi\u0161\u010du, kar je koristno pri mastnem lasi\u0161\u010du.<\/span><\/li>\n<li style=\"font-weight: 400;\" aria-level=\"1\"><b>Odpravlja prhljaj: <\/b><span style=\"font-weight: 400;\">Ro\u017emarin lahko pomaga zmanj\u0161ati prhljaj. Njegove protibakterijske lastnosti lahko pomagajo zmanj\u0161ati vzrok prhljaja, kot je prekomerna rast glivic na lasi\u0161\u010du. Prav tako lahko pomaga pri odstranjevanju odmrlih ko\u017enih celic in pomirjanju srbe\u010dice, povezane s prhljajem.<\/span><\/li>\n<li style=\"font-weight: 400;\" aria-level=\"1\"><b>Pove\u010duje sijaj las: <\/b><span style=\"font-weight: 400;\">Redna uporaba ro\u017emarina krepi lasne korenine, kar vodi do bolj zdravih in sijo\u010dih las.<\/span><b>\u00a0<\/b><\/li>\n<\/ol>\n<h6><b>Vir: <\/b><a href=\"https:\/\/pubmed.ncbi.nlm.nih.gov\/32455585\/\" target=\"_blank\" rel=\"noopener\"><b>Rosemary ( Rosmarinus officinalis L., syn Salvia rosmarinus Spenn.) and Its Topical Applications: A Review &#8211; PubMed (nih.gov)<\/b><\/a><\/h6>\n<p><b>CLIMBAZOLE:<\/b><\/p>\n<p><span style=\"font-weight: 400;\">Klimbazol deluje kot protiglivi\u010dno sredstvo in se uporablja za zdravljenje prhljaja ter stanj, povezanih z ob\u010dutljivim lasi\u0161\u010dem, kot so srbenje, dra\u017eenje in pruritus.<\/span><\/p>\n<p><span style=\"font-weight: 400;\">Klimbazol deluje tako, da zavira rast in razmno\u017eevanje gliv, kot sta Pityrosporum ovale in Malassezia globosa, ki sta pogosto povezani s prhljajem. Prav tako pomaga zmanj\u0161ati vnetje in prepre\u010duje nadaljnjo rast glivic.<\/span><\/p>\n<p><span style=\"font-weight: 400;\">Poleg svojih protiglivi\u010dnih lastnosti ima klimbazol tudi antimikrobne lastnosti, kar pomeni, da lahko zavira rast in razmno\u017eevanje mikroorganizmov, kot so bakterije. To mu omogo\u010da, da deluje tudi proti nekaterim bakterijskim povzro\u010diteljem lasi\u0161\u010dnih te\u017eav kot so tudi bakterijsko izpadanje las , TO JE IZPADANJE LAS POVZRO\u010cENO ZARADI NEURAVNOVE\u0160ENE MIKROBIOTE LASI\u0160\u010cA.<\/span><\/p>\n<p><b>SALICILNA KISLINA<\/b><\/p>\n<p><span style=\"font-weight: 400;\">Ima keratoliti\u010dne, protivnetne lastnosti ter pomaga odstranjevati prekomerno ma\u0161\u010dobo iz por. <\/span><span style=\"font-weight: 400;\">Pomaga pri lu\u0161\u010denju ko\u017ee zaradi svojih keratoliti\u010dnih lastnosti. Deluje tako, da zmeh\u010da in odstrani odmrle ko\u017ene celice ter spodbuja njihovo odstranjevanje. To je zelo koristno pri razli\u010dnih ko\u017enih stanjih, kot so akne, bradavice, luskavica in seborei\u010dni dermatitis, kjer je prisotna prekomerna tvorba odmrlih ko\u017enih celic.<\/span><\/p>\n<p><strong>Odgovorna oseba:<\/strong> PISKAR LITERAM D.O.O., MI\u0160EVA 1, 1230 DOM\u017dALE, SLOVENIJA,\u00a0PISKAR@LITERAM.NET<\/p>\n","protected":false},"excerpt":{"rendered":"<p>LITE HAIR GROWTH LOTION priporo\u010da trihologinja Klaudija Piskar za pomo\u010d pri rasti las, ker ustvarja bolj\u0161e pogoje za hitrej\u0161o rast las, kot tudi za \u010di\u0161\u010denje lasi\u0161\u010da na katerem so se pojavili prhljaj in prekomerno razvite bakterijske kulture, ki lahko povzro\u010dijo slab\u0161o rast las in ve\u010dje izpadanje. Tako o\u010di\u0161\u010deno lasi\u0161\u010de ima bolj\u0161e pogoje za oskrbovanje me\u0161i\u010dka z nujno potrebnimi snovmi, ki pripomorejo k bolj\u0161i rasti las.<\/p>\n","protected":false},"featured_media":7576,"comment_status":"open","ping_status":"closed","template":"","meta":[],"product_brand":[],"product_cat":[371],"product_tag":[],"class_list":{"0":"post-14021","1":"product","2":"type-product","3":"status-publish","4":"has-post-thumbnail","6":"product_cat-pece-o-pokozku-hlavy","8":"first","9":"instock","10":"shipping-taxable","11":"purchasable","12":"product-type-simple"},"_links":{"self":[{"href":"https:\/\/www.literam.net\/cs\/wp-json\/wp\/v2\/product\/14021","targetHints":{"allow":["GET"]}}],"collection":[{"href":"https:\/\/www.literam.net\/cs\/wp-json\/wp\/v2\/product"}],"about":[{"href":"https:\/\/www.literam.net\/cs\/wp-json\/wp\/v2\/types\/product"}],"replies":[{"embeddable":true,"href":"https:\/\/www.literam.net\/cs\/wp-json\/wp\/v2\/comments?post=14021"}],"wp:featuredmedia":[{"embeddable":true,"href":"https:\/\/www.literam.net\/cs\/wp-json\/wp\/v2\/media\/7576"}],"wp:attachment":[{"href":"https:\/\/www.literam.net\/cs\/wp-json\/wp\/v2\/media?parent=14021"}],"wp:term":[{"taxonomy":"product_brand","embeddable":true,"href":"https:\/\/www.literam.net\/cs\/wp-json\/wp\/v2\/product_brand?post=14021"},{"taxonomy":"product_cat","embeddable":true,"href":"https:\/\/www.literam.net\/cs\/wp-json\/wp\/v2\/product_cat?post=14021"},{"taxonomy":"product_tag","embeddable":true,"href":"https:\/\/www.literam.net\/cs\/wp-json\/wp\/v2\/product_tag?post=14021"}],"curies":[{"name":"wp","href":"https:\/\/api.w.org\/{rel}","templated":true}]}}