{"id":8051,"date":"2022-05-28T13:42:44","date_gmt":"2022-05-28T11:42:44","guid":{"rendered":"https:\/\/www.literam.net\/izdelek\/lite-kepyro-shampoo-foam\/"},"modified":"2022-06-16T13:42:54","modified_gmt":"2022-06-16T11:42:54","slug":"lite-kepyro-shampoo-foam","status":"publish","type":"product","link":"https:\/\/www.literam.net\/cs\/izdelek\/lite-kepyro-shampoo-foam\/","title":{"rendered":"Lite kepyro shampoo foam"},"content":{"rendered":"<p>Lupy jsou probl\u00e9mem, kter\u00fd vznik\u00e1 d\u016fsledkem kombinace r\u016fzn\u00fdch faktor\u016f, jako jsou pl\u00edsn\u011b, bakterie, stres nebo zne\u010di\u0161t\u011bn\u00ed. N\u00e1chylnost k tvorb\u011b lup\u016f m\u016f\u017ee b\u00fdt tak\u00e9 d\u011bdi\u010dn\u00e9ho p\u016fvodu. \u0160ampon v\u00e1s \u00fa\u010dinn\u011b zbav\u00ed lup\u016f a pos\u00edl\u00ed vlasov\u00e9 vl\u00e1kno. Slo\u017eky, jako je klimbazol, zinek piriton a rozmar\u00fdn, \u00fasp\u011b\u0161n\u011b bojuj\u00ed proti r\u016fzn\u00fdm typ\u016fm lup\u016f. Kombinace pe\u010duj\u00edc\u00edch slo\u017eek vy\u017eivuje vlasov\u00e9 vl\u00e1kno. Poko\u017eka hlavy bude po pou\u017eit\u00ed \u010dist\u00e1 a zklidn\u011bn\u00e1, vlasy budou m\u00edt v\u011bt\u0161\u00ed objem a budou pru\u017en\u011bj\u0161\u00ed a pevn\u011bj\u0161\u00ed. Del\u0161\u00ed vlasy p\u016fjdou l\u00e9pe roz\u010desat a navzdory \u010dast\u00e9mu myt\u00ed z\u016fstanou zdrav\u00e9.<\/p>\n<p>Jsou-li p\u0159\u00edtomn\u00e9 lupy, b\u00fdv\u00e1 nutn\u00e9 \u0161ampon na poko\u017eku hlavy aplikovat opakovan\u011b, mezit\u00edm se doporu\u010duje poko\u017eku hlavy mas\u00edrovat a \u010dist\u00fdm h\u0159ebenem jemn\u011b t\u0159\u00edt o poko\u017eku hlavy. \u0160ampon opl\u00e1chneme a znovu aplikujeme, dokud poko\u017eka hlavy nen\u00ed dokonale \u010dist\u00e1.<\/p>\n<p>Pro nejlep\u0161\u00ed \u00fa\u010dinek nechte \u0161ampon na poko\u017ece hlavy p\u016fsobit d\u00e9le, nap\u0159. 15 minut.<\/p>\n<h3>POU\u017dIT\u00cd<\/h3>\n<ul>\n<li>Aplikujeme na vlasy a poko\u017eku hlavy, d\u016fkladn\u011b vmas\u00edrujeme a nech\u00e1me p\u016fsobit nejm\u00e9n\u011b 3 minuty. Vlasy pro\u010de\u0161eme a opl\u00e1chneme.<\/li>\n<li>Pokud je lup\u016f hodn\u011b, \u0161ampon aplikujeme dvakr\u00e1t, pe\u010dliv\u011b vmas\u00edrujeme, nech\u00e1me p\u016fsobit n\u011bkolik minut (3 minuty), vlasy pro\u010de\u0161eme a opl\u00e1chneme.<\/li>\n<li>Kdy\u017e lupy vymiz\u00ed, pou\u017e\u00edv\u00e1me na myt\u00ed ostatn\u00ed \u0161ampony z \u0159ady LITE. Pokud se lupy znovu vyskytnou, vlasy jednou nebo dvakr\u00e1t umyjeme \u0161amponem KEPYRO.<\/li>\n<li>V p\u0159\u00edpad\u011b v\u00e1\u017en\u00fdch probl\u00e9m\u016f s lupy vlasy myjeme 2 nebo 3 dny za sebou. Doporu\u010dujeme tak\u00e9 pou\u017eit\u00ed p\u0159\u00edpravku\u00a0Lite Hair Growth Lotion, kter\u00fd se dodate\u010dn\u011b postar\u00e1 o normalizaci stavu poko\u017eky hlavy.<\/li>\n<\/ul>\n<h3>N\u00c1VOD K POU\u017dIT\u00cd LITE \u0160AMPON\u016e:<\/h3>\n<p>Vlasy opl\u00e1chn\u011bte, vodu jemn\u011b vym\u00e1\u010dkn\u011bte a vlasy nadzvedn\u011bte nad poko\u017eku hlavy. \u0160ampon aplikujte na n\u011bkolik m\u00edst p\u0159\u00edmo na poko\u017eku hlavy, krou\u017eiv\u00fdmi pohyby jej vmas\u00edrujte. Je nutn\u00e9 db\u00e1t na to, aby se vlasy nezamotaly. Nechte p\u016fsobit n\u011bkolik minut (nejm\u00e9n\u011b 3) a opl\u00e1chn\u011bte. Z vlas\u016f jemn\u011b odstra\u0148te zbytek vody, na vlasy polo\u017ete ru\u010dn\u00edk a nechte do n\u011bj vodu nas\u00e1knout.<\/p>\n<h3>V\u011aD\u011aLI JSTE, \u017dE?<\/h3>\n<p>Lupy\u00a0jsou \u010dast\u00fdm probl\u00e9mem, a\u017e u pades\u00e1ti procent lid\u00ed se vyskytnou alespo\u0148 jednou v \u017eivot\u011b. Kombinace studen\u00e9ho po\u010das\u00ed venku a tepl\u00e9ho a such\u00e9ho vzduchu uvnit\u0159 obytn\u00fdch prostor\u016f urychluje v\u00fdskyt lup\u016f. Lupy jsou potravou pro r\u016fzn\u00e9 bakterie a pl\u00edsn\u011b, kter\u00e9 pak zp\u016fsobuj\u00ed podr\u00e1\u017ed\u011bnost a\u00a0sv\u011bd\u011bn\u00ed poko\u017eky hlavy. A nejen to, bakterie a pl\u00edsn\u011b zpomaluj\u00ed r\u016fst vlas\u016f\u00a0nebo mohou urychlit jejich\u00a0vypad\u00e1v\u00e1n\u00ed.<\/p>\n<p>Jak zajist\u00edme, aby byly na\u0161e vlasy i v zim\u011b zdrav\u00e9, z\u00e1\u0159iv\u00e9, a p\u0159edev\u0161\u00edm bez lup\u016f?<\/p>\n<p>Jako prvn\u00ed v\u011bc si mus\u00edme po\u0159\u00eddit vhodn\u00fd \u0161ampony, kter\u00fd bude jemn\u00fd a nebude obsahovat p\u0159\u00edli\u0161 siln\u00e9 detergenty. Doporu\u010duj\u00ed se \u0161ampony, kter\u00e9 pomoc\u00ed rostlinn\u00fdch v\u00fdta\u017ek\u016f zklid\u0148uj\u00ed poko\u017eku hlavy a udr\u017euj\u00ed jej\u00ed p\u0159irozenou rovnov\u00e1hu. Pokud v p\u0159\u00edpad\u011b lup\u016f nepou\u017e\u00edv\u00e1me vhodn\u00fd \u0161ampon, m\u016f\u017ee se probl\u00e9m s lupy d\u016fsledkem nevhodn\u00fdch slo\u017eek \u0161amponu je\u0161t\u011b zhor\u0161it.<\/p>\n","protected":false},"excerpt":{"rendered":"<p>P\u011bnov\u00fd \u0161ampon proti LUP\u016eM Aktivn\u011b \u010dist\u00ed poko\u017eku hlavy a posiluje vlasy. P\u016fsob\u00ed proti t\u0159em hlavn\u00edm p\u016fvodc\u016fm lup\u016f, co\u017e jsou bakterie, stres a zne\u010di\u0161t\u011bn\u00ed.\u00a0 Aktivn\u011b posiluje vlasov\u00e9 vl\u00e1kno.<\/p>\n","protected":false},"featured_media":7398,"comment_status":"open","ping_status":"closed","template":"","meta":[],"product_brand":[],"product_cat":[367],"product_tag":[],"class_list":{"0":"post-8051","1":"product","2":"type-product","3":"status-publish","4":"has-post-thumbnail","6":"product_cat-sampony","8":"first","9":"instock","10":"shipping-taxable","11":"purchasable","12":"product-type-simple"},"_links":{"self":[{"href":"https:\/\/www.literam.net\/cs\/wp-json\/wp\/v2\/product\/8051","targetHints":{"allow":["GET"]}}],"collection":[{"href":"https:\/\/www.literam.net\/cs\/wp-json\/wp\/v2\/product"}],"about":[{"href":"https:\/\/www.literam.net\/cs\/wp-json\/wp\/v2\/types\/product"}],"replies":[{"embeddable":true,"href":"https:\/\/www.literam.net\/cs\/wp-json\/wp\/v2\/comments?post=8051"}],"wp:featuredmedia":[{"embeddable":true,"href":"https:\/\/www.literam.net\/cs\/wp-json\/wp\/v2\/media\/7398"}],"wp:attachment":[{"href":"https:\/\/www.literam.net\/cs\/wp-json\/wp\/v2\/media?parent=8051"}],"wp:term":[{"taxonomy":"product_brand","embeddable":true,"href":"https:\/\/www.literam.net\/cs\/wp-json\/wp\/v2\/product_brand?post=8051"},{"taxonomy":"product_cat","embeddable":true,"href":"https:\/\/www.literam.net\/cs\/wp-json\/wp\/v2\/product_cat?post=8051"},{"taxonomy":"product_tag","embeddable":true,"href":"https:\/\/www.literam.net\/cs\/wp-json\/wp\/v2\/product_tag?post=8051"}],"curies":[{"name":"wp","href":"https:\/\/api.w.org\/{rel}","templated":true}]}}