{"id":8053,"date":"2022-06-16T13:17:08","date_gmt":"2022-06-16T11:17:08","guid":{"rendered":"https:\/\/www.literam.net\/izdelek\/lite-extra-gentle-shampoo-foam-za-najneznejsa-lasisca-in-pogosto-umivanje-las\/"},"modified":"2022-06-16T13:49:18","modified_gmt":"2022-06-16T11:49:18","slug":"lite-extra-gentle-shampoo-foam-za-najneznejsa-lasisca-in-pogosto-umivanje-las","status":"publish","type":"product","link":"https:\/\/www.literam.net\/cs\/izdelek\/lite-extra-gentle-shampoo-foam-za-najneznejsa-lasisca-in-pogosto-umivanje-las\/","title":{"rendered":"Lite extra gentle shampoo foam"},"content":{"rendered":"<p>D\u00edky vybran\u00fdm slo\u017ek\u00e1m s p\u0159\u00eddavky rozmar\u00fdnu l\u00e9\u010di m\u00e9n\u011b v\u00fdrazn\u00e9 anom\u00e1lie poko\u017eky hlavy, nap\u0159\u00edklad v\u00fdskyt lup\u016f, a vytv\u00e1\u0159\u00ed lep\u0161\u00ed podm\u00ednky pro r\u016fst vlas\u016f. Vlasy zpev\u0148uje a usnad\u0148uje roz\u010des\u00e1v\u00e1n\u00ed.<\/p>\n<p>V p\u0159\u00edpad\u011b krat\u0161\u00edch vlas\u016f je p\u0159i pou\u017eit\u00ed p\u011bnov\u00e9ho \u0161amponu myt\u00ed snaz\u0161\u00ed a pou\u017eit\u00e9 mno\u017estv\u00ed produktu l\u00e9pe kontrolovateln\u00e9, proto\u017ee nedoch\u00e1z\u00ed ke st\u00e9k\u00e1n\u00ed \u0161amponu. P\u011bnov\u00fd \u0161ampon chr\u00e1n\u00ed o\u010di, proto je vhodn\u00fd k myt\u00ed vlas\u016f i u nejmen\u0161\u00edch. Tak\u00e9 mno\u017estv\u00ed pou\u017eit\u00e9ho produktu je men\u0161\u00ed, proto\u017ee p\u011bna obsahuje mnoho vzduchu.<\/p>\n<p>* Pro velmi mastnou poko\u017eku hlavy doporu\u010dujeme pou\u017eit\u00ed v kombinaci s \u0161amponem LITE VITAL.<\/p>\n<p>* Pro poko\u017eku hlavy, u kter\u00e9 se trvale nebo ob\u010das vyskytuj\u00ed v\u00fdrazn\u011bj\u0161\u00ed probl\u00e9my s lupy, doporu\u010dujeme pou\u017eit\u00ed v kombinaci s \u0161amponem LITE KEPYRO.<\/p>\n<h3>POU\u017dIT\u00cd<\/h3>\n<p>Aplikujeme na vlasy a poko\u017eku hlavy, nech\u00e1me p\u016fsobit nejm\u00e9n\u011b 3 minuty, pro\u010de\u0161eme a opl\u00e1chneme.<\/p>\n<p>Krom\u011b v\u00fdjime\u010dn\u00fdch p\u0159\u00edpad\u016f vlasy nen\u00ed nutn\u00e9 m\u00fdt dvakr\u00e1t.<\/p>\n<h3>CO Z\u00cdSK\u00c1TE POU\u017dIT\u00cdM \u0160AMPONU EXTRA GENTLE SHAMPOO FOAM?<\/h3>\n<ul>\n<li>Zklid\u0148uj\u00edc\u00ed \u00fa\u010dinek na poko\u017eku hlavy.<\/li>\n<li>Zdrav\u00e9 a siln\u00e9 vlasy.<\/li>\n<li>Lep\u0161\u00ed podm\u00ednky pro r\u016fst vlas\u016f.<\/li>\n<li>Ide\u00e1ln\u00ed tak\u00e9 pro poko\u017eku hlavy s m\u00e9n\u011b vlasy a nejjemn\u011bj\u0161\u00ed poko\u017eku hlavy, proto\u017ee p\u011bna nest\u00e9k\u00e1 a nedr\u00e1\u017ed\u00ed o\u010di.<\/li>\n<\/ul>\n<h3>N\u00c1VOD K POU\u017dIT\u00cd LITE \u0160AMPON\u016e:<\/h3>\n<p>Vlasy opl\u00e1chn\u011bte, vodu jemn\u011b vym\u00e1\u010dkn\u011bte a vlasy nadzvedn\u011bte nad poko\u017eku hlavy. \u0160ampon aplikujte na n\u011bkolik m\u00edst p\u0159\u00edmo na poko\u017eku hlavy, krou\u017eiv\u00fdmi pohyby jej vmas\u00edrujte. Je nutn\u00e9 db\u00e1t na to, aby se vlasy nezamotaly. Nechte p\u016fsobit n\u011bkolik minut (nejm\u00e9n\u011b 3) a opl\u00e1chn\u011bte. Z vlas\u016f jemn\u011b odstra\u0148te zbytek vody, na vlasy polo\u017ete ru\u010dn\u00edk a nechte do n\u011bj vodu nas\u00e1knout.<\/p>\n<h3>V\u011aD\u011aLI JSTE, \u017dE?<\/h3>\n<p>V\u011bd\u011bli jste, \u017ee u pr\u016fm\u011brn\u011b dlouh\u00fdch vlas\u016f ka\u017ed\u00fd vlas umyjeme p\u0159ibli\u017en\u011b 260kr\u00e1t, ne\u017e vypadne a vyroste nov\u00fd. Pro kvalitu vlas\u016f je proto velmi d\u016fle\u017eit\u00fd zp\u016fsob myt\u00ed a p\u0159\u00edpravky, kter\u00e9 k tomu pou\u017e\u00edv\u00e1me.<\/p>\n<p><img fetchpriority=\"high\" decoding=\"async\" class=\"alignnone size-full wp-image-4535\" src=\"https:\/\/www.literam.net\/wp-content\/uploads\/2018\/07\/Untitled-design-3.jpg\" alt=\"\" width=\"800\" height=\"1000\" title=\"\"><\/p>\n","protected":false},"excerpt":{"rendered":"<p>Jemn\u00fd pe\u010duj\u00edc\u00ed \u0161ampon, kter\u00fd vlasy \u010dist\u00ed, pe\u010duje o n\u011b a z\u00e1rove\u0148 blahod\u00e1rn\u011b p\u016fsob\u00ed na poko\u017eku hlavy. Pro velmi \u010dast\u00e9 myt\u00ed vlas\u016f. Doporu\u010dujeme pro jemnou poko\u017eku hlavy i poko\u017eku hlavy s m\u00e9n\u011b vlasy, nedr\u00e1\u017ed\u00ed o\u010di.<\/p>\n","protected":false},"featured_media":12638,"comment_status":"closed","ping_status":"closed","template":"","meta":[],"product_brand":[],"product_cat":[367],"product_tag":[],"class_list":{"0":"post-8053","1":"product","2":"type-product","3":"status-publish","4":"has-post-thumbnail","6":"product_cat-sampony","8":"first","9":"instock","10":"shipping-taxable","11":"purchasable","12":"product-type-simple"},"_links":{"self":[{"href":"https:\/\/www.literam.net\/cs\/wp-json\/wp\/v2\/product\/8053","targetHints":{"allow":["GET"]}}],"collection":[{"href":"https:\/\/www.literam.net\/cs\/wp-json\/wp\/v2\/product"}],"about":[{"href":"https:\/\/www.literam.net\/cs\/wp-json\/wp\/v2\/types\/product"}],"replies":[{"embeddable":true,"href":"https:\/\/www.literam.net\/cs\/wp-json\/wp\/v2\/comments?post=8053"}],"wp:featuredmedia":[{"embeddable":true,"href":"https:\/\/www.literam.net\/cs\/wp-json\/wp\/v2\/media\/12638"}],"wp:attachment":[{"href":"https:\/\/www.literam.net\/cs\/wp-json\/wp\/v2\/media?parent=8053"}],"wp:term":[{"taxonomy":"product_brand","embeddable":true,"href":"https:\/\/www.literam.net\/cs\/wp-json\/wp\/v2\/product_brand?post=8053"},{"taxonomy":"product_cat","embeddable":true,"href":"https:\/\/www.literam.net\/cs\/wp-json\/wp\/v2\/product_cat?post=8053"},{"taxonomy":"product_tag","embeddable":true,"href":"https:\/\/www.literam.net\/cs\/wp-json\/wp\/v2\/product_tag?post=8053"}],"curies":[{"name":"wp","href":"https:\/\/api.w.org\/{rel}","templated":true}]}}