{"id":8054,"date":"2022-05-28T14:11:15","date_gmt":"2022-05-28T12:11:15","guid":{"rendered":"https:\/\/www.literam.net\/izdelek\/lite-herbal-shampoo-za-suhe-lase\/"},"modified":"2025-06-09T11:08:04","modified_gmt":"2025-06-09T09:08:04","slug":"lite-herbal-shampoo-za-suhe-lase","status":"publish","type":"product","link":"https:\/\/www.literam.net\/cs\/izdelek\/lite-herbal-shampoo-za-suhe-lase\/","title":{"rendered":"Lite HERBAL shampoo"},"content":{"rendered":"<p>\u0160ampon je ur\u010den pro r\u016fzn\u00e9 typy vlasov\u00e9 struktury a pro \u0159e\u0161en\u00ed r\u016fzn\u00fdch probl\u00e9m\u016f s poko\u017ekou hlavy i vlasy.<\/p>\n<p>V\u00ddRAZN\u011a BARVEN\u00c9 VLASY: D\u00edky keratinu oprav\u00ed po\u0161kozen\u00ed na povrchu kutikuly, vlasy pak budou hlad\u0161\u00ed, pru\u017en\u011bj\u0161\u00ed a l\u00e9pe tvarovateln\u00e9,<\/p>\n<p>proto\u017ee \u0161ampon uzav\u00edr\u00e1 povrchov\u00e9 \u0161upiny.<\/p>\n<p>VYSU\u0160EN\u00c9 VLASY, TR\u010c\u00cdC\u00cd KONE\u010cKY: D\u00edky p\u0159\u00eddavku kyseliny citronov\u00e9 a dal\u0161\u00edch pe\u010duj\u00edc\u00edch slo\u017eek se vlasy st\u00e1vaj\u00ed hlad\u0161\u00edmi, z\u00e1\u0159iv\u011bj\u0161\u00edmi a l\u00e9pe chr\u00e1n\u011bn\u00fdmi, d\u016fsledkem toho pak \u00fa\u010des d\u00e9le vydr\u017e\u00ed.<\/p>\n<p>Vlasy, kter\u00e9 jsou P\u0158IROZEN\u011a SILN\u011aJ\u0160\u00cd A HRUB\u0160\u00cd: \u0160ampon vlas\u016fm navr\u00e1t\u00ed pru\u017enost, M\u011aKKOST, lesk a \u010din\u00ed je l\u00e9pe tvarovateln\u00fdmi.<\/p>\n<p>KUDRNAT\u00c9 vlasy b\u00fdvaj\u00ed \u010dasto vysu\u0161en\u00e9 a tuh\u00e9, kudrn\u00e1m chyb\u00ed poddajnost. Takov\u00fdmto vlas\u016fm \u0161ampon navr\u00e1t\u00ed m\u011bkkost a pru\u017enost, KUDRNY budou KR\u00c1SN\u011aJ\u0160\u00cd a TRVANLIV\u011aJ\u0160\u00cd.<\/p>\n<p>PODR\u00c1\u017dD\u011aN\u00c1 A ZARUDL\u00c1 POKO\u017dKA HLAVY se d\u00edky p\u0159idan\u00e9 levanduli \u00fasp\u011b\u0161n\u011b zklid\u0148uje. V\u00fdta\u017eky z rozmar\u00fdnu zaji\u0161\u0165uj\u00ed spr\u00e1vnou rovnov\u00e1hu a dobr\u00fd r\u016fst vlas\u016f.<\/p>\n<p>Chcete-li, aby \u0161ampon va\u0161im vlas\u016fm poskytl d\u016fkladn\u011bj\u0161\u00ed v\u00fd\u017eivu, nechte jej p\u016fsobit je\u0161t\u011b d\u00e9le, nap\u0159. 15 minut.<\/p>\n<h3>POU\u017dIT\u00cd<\/h3>\n<p>V p\u0159\u00edpad\u011b such\u00fdch vlas\u016f a poko\u017eky hlavy aplikujeme 1x (podle pot\u0159eby 2x), nech\u00e1me p\u016fsobit (nejm\u00e9n\u011b 3 minuty) a opl\u00e1chneme.<\/p>\n<h3>JAK\u00c9 JSOU P\u0158\u00cdNOSY \u0160AMPONU?<\/h3>\n<ul>\n<li>\u010cist\u00e9, hladk\u00e9 a z\u00e1\u0159iv\u00e9 vlasy, kter\u00e9 budou na dotek m\u011bkk\u00e9 a jejich\u017e struktura bude pevn\u00e1.<\/li>\n<li>P\u0159irozen\u011b kudrnat\u00e9 a su\u0161\u0161\u00ed vlasy budou po pou\u017eit\u00ed \u0161amponu hydratovan\u00e9, kudrny budou poddajn\u00e9 a pru\u017en\u00e9.<\/li>\n<li>Vlasy l\u00e9pe porostou, proto\u017ee \u0161ampon vlasy ani vlasov\u00e9 folikuly nezat\u011b\u017euje.<\/li>\n<li>Vlasy budou poddajn\u00e9 a pln\u00e9 \u017eivota.<\/li>\n<\/ul>\n<h3>PRO JAK\u00c9 VLASY A JAK\u00dd \u00da\u010cES SE HOD\u00cd \u0160AMPON LITE HERBAL?<\/h3>\n<ul>\n<li>Pro po\u0161kozen\u00e9 a nadm\u011brn\u011b chemicky o\u0161et\u0159en\u00e9 vlasy, pokud chceme, aby znovu z\u00edskaly poddajnost.<\/li>\n<li>Pro dlouh\u00e9 barven\u00e9 vlasy a vysu\u0161enou poko\u017eku hlavy (hladkost, lesk, r\u016fst).<\/li>\n<li>Pro krat\u0161\u00ed vlasy, kter\u00e9 jsou nadm\u011brn\u011b chemicky o\u0161et\u0159en\u00e9 \u2013 barven\u00e9.<\/li>\n<li>Pro kudrnat\u00e9 vlasy a vysu\u0161enou poko\u017eku hlavy.<\/li>\n<li>Pro velmi hust\u00e9 a such\u00e9 vlasy, kter\u00e9 nepot\u0159ebuj\u00ed zv\u011bt\u0161it objem.<\/li>\n<\/ul>\n<h3>N\u00c1VOD K POU\u017dIT\u00cd LITE \u0160AMPON\u016e:<\/h3>\n<p>Vlasy opl\u00e1chn\u011bte, vodu jemn\u011b vym\u00e1\u010dkn\u011bte a vlasy nadzvedn\u011bte nad poko\u017eku hlavy. \u0160ampon aplikujte na n\u011bkolik m\u00edst p\u0159\u00edmo na poko\u017eku hlavy a krou\u017eiv\u00fdmi pohyby jej vmas\u00edrujte. Je nutn\u00e9 db\u00e1t na to, aby se vlasy nezamotaly. Nechte p\u016fsobit n\u011bkolik minut (nejm\u00e9n\u011b 3 minuty) a opl\u00e1chn\u011bte. Z vlas\u016f jemn\u011b odstra\u0148te zbytek vody, na vlasy polo\u017ete ru\u010dn\u00edk a nechte do n\u011bj vodu nas\u00e1knout.<\/p>\n<p><img fetchpriority=\"high\" decoding=\"async\" class=\"size-full wp-image-4491\" src=\"https:\/\/www.literam.net\/wp-content\/uploads\/2018\/07\/Untitled-design.jpg\" alt=\"\" width=\"800\" height=\"1000\" title=\"\"><\/p>\n","protected":false},"excerpt":{"rendered":"<p>Pro such\u00e9, velmi such\u00e9 a po\u0161kozen\u00e9 vlasy. Pe\u010duj\u00edc\u00ed l\u00e1tky dodate\u010dn\u011b vy\u017eivuj\u00ed i velmi po\u0161kozen\u00e9 a vysu\u0161en\u00e9 vlasy a pe\u010duj\u00ed o n\u011b. Vlasy pak budou hladk\u00e9, m\u011bkk\u00e9 a z\u00e1\u0159iv\u00e9.<\/p>\n","protected":false},"featured_media":12643,"comment_status":"closed","ping_status":"closed","template":"","meta":[],"product_brand":[],"product_cat":[367],"product_tag":[],"class_list":{"0":"post-8054","1":"product","2":"type-product","3":"status-publish","4":"has-post-thumbnail","6":"product_cat-sampony","8":"first","9":"instock","10":"shipping-taxable","11":"purchasable","12":"product-type-variable"},"_links":{"self":[{"href":"https:\/\/www.literam.net\/cs\/wp-json\/wp\/v2\/product\/8054","targetHints":{"allow":["GET"]}}],"collection":[{"href":"https:\/\/www.literam.net\/cs\/wp-json\/wp\/v2\/product"}],"about":[{"href":"https:\/\/www.literam.net\/cs\/wp-json\/wp\/v2\/types\/product"}],"replies":[{"embeddable":true,"href":"https:\/\/www.literam.net\/cs\/wp-json\/wp\/v2\/comments?post=8054"}],"wp:featuredmedia":[{"embeddable":true,"href":"https:\/\/www.literam.net\/cs\/wp-json\/wp\/v2\/media\/12643"}],"wp:attachment":[{"href":"https:\/\/www.literam.net\/cs\/wp-json\/wp\/v2\/media?parent=8054"}],"wp:term":[{"taxonomy":"product_brand","embeddable":true,"href":"https:\/\/www.literam.net\/cs\/wp-json\/wp\/v2\/product_brand?post=8054"},{"taxonomy":"product_cat","embeddable":true,"href":"https:\/\/www.literam.net\/cs\/wp-json\/wp\/v2\/product_cat?post=8054"},{"taxonomy":"product_tag","embeddable":true,"href":"https:\/\/www.literam.net\/cs\/wp-json\/wp\/v2\/product_tag?post=8054"}],"curies":[{"name":"wp","href":"https:\/\/api.w.org\/{rel}","templated":true}]}}