{"id":8058,"date":"2022-05-28T14:03:03","date_gmt":"2022-05-28T12:03:03","guid":{"rendered":"https:\/\/www.literam.net\/izdelek\/lite-oil-control-shampoo-za-mastne-lase\/"},"modified":"2025-06-09T11:22:02","modified_gmt":"2025-06-09T09:22:02","slug":"lite-oil-control-shampoo-za-mastne-lase","status":"publish","type":"product","link":"https:\/\/www.literam.net\/cs\/izdelek\/lite-oil-control-shampoo-za-mastne-lase\/","title":{"rendered":"Lite oil control \u0161ampon"},"content":{"rendered":"<p>Vybran\u00e9 pe\u010duj\u00edc\u00ed slo\u017eky \u0161amponu udr\u017euj\u00ed p\u0159irozenou rovnov\u00e1hu poko\u017eky hlavy, zabra\u0148uj\u00ed jej\u00edmu podr\u00e1\u017ed\u011bn\u00ed a reguluj\u00ed produkci mazu. \u0160ampon uzav\u00edr\u00e1 vlasov\u00e9 \u0161upiny, vlasy zpev\u0148uje a d\u00e1 v\u00e1m pocit \u010dist\u00fdch a poddajn\u00fdch vlas\u016f. D\u00edky uzav\u0159en\u00fdm \u0161upin\u00e1m se vlasy po pou\u017eit\u00ed \u0161amponu snadno roz\u010des\u00e1vaj\u00ed a maj\u00ed p\u0159irozen\u00fd lesk.<\/p>\n<p>* Pro velmi mastnou poko\u017eku hlavy doporu\u010dujeme pou\u017eit\u00ed v kombinaci s \u0161amponem LITE VITAL.<\/p>\n<h3>POU\u017dIT\u00cd<\/h3>\n<p>\u0160ampon je nutn\u00e9 nechat p\u016fsobit d\u00e9le (nejm\u00e9n\u011b 3 minuty), aby odstranil ne\u010distoty a p\u0159ipravil vlasy na styling. \u0160ampony LITERAM nevytv\u00e1\u0159\u00ed velk\u00e9 mno\u017estv\u00ed p\u011bny, proto\u017ee neobsahuj\u00ed agresivn\u00ed nap\u011b\u0148ovadla, kter\u00e1 dodate\u010dn\u011b po\u0161kozuj\u00ed vlasy a poko\u017eku hlavy.<\/p>\n<p>\u0160ampon aplikujte 1x (podle pot\u0159eby 2x) a nechte p\u016fsobit.<\/p>\n<h3>CO Z\u00cdSK\u00c1TE POU\u017dIT\u00cdM \u0160AMPONU?<\/h3>\n<p>Va\u0161e vlasy budou siln\u00e9, pevn\u00e9, hladk\u00e9 a z\u00e1\u0159iv\u00e9.<\/p>\n<p>Porostou rychleji, proto\u017ee poko\u017eka hlavy nebude trp\u011bt pod vlivem agresivn\u00edch detergent\u016f a podobn\u00fdch l\u00e1tek.<\/p>\n<p>D\u00edky normalizaci funkce mazov\u00fdch \u017el\u00e1z a lep\u0161\u00ed kvalit\u011b vlas\u016f u\u017e nebude nutn\u00e9 vlasy tak \u010dasto m\u00fdt.<\/p>\n<h3>PRO JAK\u00c9 VLASY A JAK\u00dd \u00da\u010cES SE HOD\u00cd \u0160AMPON LITE OIL CONTROL?<\/h3>\n<ul>\n<li>PRO TEN\u0160\u00cd A KRAT\u0160\u00cd VLASY \u2013 pokud chcete, aby byly pevn\u011bj\u0161\u00ed a m\u011bly v\u011bt\u0161\u00ed objem.<\/li>\n<li>V kombinaci s \u0161amponem HERBAL se hod\u00ed PRO DLOUH\u00c9, TENK\u00c9, BARVEN\u00c9, (SU\u0160\u0160\u00cd) VLASY A MASTN\u011aJ\u0160\u00cd POKO\u017dKU HLAVY.<\/li>\n<li>PRO P\u0158IROZEN\u00c9 A ZDRAV\u00c9 VLASY, pokud si p\u0159ejete v\u011bt\u0161\u00ed objem.<\/li>\n<li>PRO SILN\u011aJ\u0160\u00cd, P\u0158IROZEN\u00c9, MASTN\u011aJ\u0160\u00cd VLASY A MASTNOU POKO\u017dKU HLAVY.<\/li>\n<li>V kombinaci s \u0161amponem VITAL se hod\u00ed pro VELMI MASTNOU POKO\u017dKU HLAVY.<\/li>\n<\/ul>\n<h3>N\u00c1VOD K POU\u017dIT\u00cd LITE \u0160AMPON\u016e:<\/h3>\n<p>Vlasy opl\u00e1chn\u011bte, vodu jemn\u011b vym\u00e1\u010dkn\u011bte a vlasy nadzvedn\u011bte nad poko\u017eku hlavy. \u0160ampon aplikujte na n\u011bkolik m\u00edst p\u0159\u00edmo na poko\u017eku hlavy, krou\u017eiv\u00fdmi pohyby jej vmas\u00edrujte. Je nutn\u00e9 db\u00e1t na to, aby se vlasy nezamotaly. Nechte p\u016fsobit n\u011bkolik minut (nejm\u00e9n\u011b 3 minuty) a opl\u00e1chn\u011bte. Z vlas\u016f jemn\u011b odstra\u0148te zbytek vody, na vlasy polo\u017ete ru\u010dn\u00edk a nechte do n\u011bj vodu nas\u00e1knout.<\/p>\n<h3>V\u011aD\u011aLI JSTE, \u017dE?<\/h3>\n<p>V\u011bd\u011bli jste, \u017ee vlasy obsahuj\u00ed dva druhy lipid\u016f?<\/p>\n<ol>\n<li>Maz, kter\u00fd je produkov\u00e1n mazov\u00fdmi \u017el\u00e1zami pro ochranu poko\u017eky hlavy a vlas\u016f p\u0159ed vniknut\u00edm ciz\u00edch l\u00e1tek do poko\u017eky a do vlas\u016f. D\u00edky sv\u00e9mu slo\u017een\u00ed m\u00e1 antibakteri\u00e1ln\u00ed a antiseptick\u00fd \u00fa\u010dinek.<\/li>\n<li>Lipidy, kter\u00e9 jsou sou\u010d\u00e1st\u00ed p\u0159irozen\u011b zdrav\u00e9ho vlasov\u00e9ho vl\u00e1kna (viditeln\u00e1 \u010d\u00e1st vlas\u016f), vlasy chr\u00e1n\u00ed a zvy\u0161uj\u00ed jejich lesk. P\u0159\u00edrodn\u00ed lipidy zlep\u0161uj\u00ed zdrav\u00ed pleti i vlas\u016f. \u0160ampony LITERAM CARE-LINE formulovan\u00e9 z jemn\u00fdch slo\u017eek vlasy o\u010dist\u00ed, pe\u010duj\u00ed a o n\u011b a reguluj\u00ed nadm\u011brn\u00e9 vylu\u010dov\u00e1n\u00ed nebo vym\u00fdv\u00e1n\u00ed p\u0159irozen\u00e9ho mazu z poko\u017eky hlavy.<\/li>\n<\/ol>\n<p><img fetchpriority=\"high\" decoding=\"async\" class=\"size-full wp-image-4497\" src=\"https:\/\/www.literam.net\/wp-content\/uploads\/2018\/07\/Untitled-design-1.jpg\" alt=\"\" width=\"800\" height=\"1000\" title=\"\"><\/p>\n","protected":false},"excerpt":{"rendered":"<p>Pro norm\u00e1ln\u011b mastn\u00e9 a\u017e mastn\u011bj\u0161\u00ed vlasy, kter\u00e9 jsou p\u0159\u00edli\u0161 hladk\u00e9 a postr\u00e1daj\u00ed objem.<br \/>\nJe dobr\u00fdm p\u0159edpokladem pro dosa\u017een\u00ed v\u011bt\u0161\u00edho objemu vlas\u016f.<\/p>\n","protected":false},"featured_media":12648,"comment_status":"closed","ping_status":"closed","template":"","meta":[],"product_brand":[],"product_cat":[367],"product_tag":[],"class_list":{"0":"post-8058","1":"product","2":"type-product","3":"status-publish","4":"has-post-thumbnail","6":"product_cat-sampony","8":"first","9":"instock","10":"shipping-taxable","11":"purchasable","12":"product-type-variable"},"_links":{"self":[{"href":"https:\/\/www.literam.net\/cs\/wp-json\/wp\/v2\/product\/8058","targetHints":{"allow":["GET"]}}],"collection":[{"href":"https:\/\/www.literam.net\/cs\/wp-json\/wp\/v2\/product"}],"about":[{"href":"https:\/\/www.literam.net\/cs\/wp-json\/wp\/v2\/types\/product"}],"replies":[{"embeddable":true,"href":"https:\/\/www.literam.net\/cs\/wp-json\/wp\/v2\/comments?post=8058"}],"wp:featuredmedia":[{"embeddable":true,"href":"https:\/\/www.literam.net\/cs\/wp-json\/wp\/v2\/media\/12648"}],"wp:attachment":[{"href":"https:\/\/www.literam.net\/cs\/wp-json\/wp\/v2\/media?parent=8058"}],"wp:term":[{"taxonomy":"product_brand","embeddable":true,"href":"https:\/\/www.literam.net\/cs\/wp-json\/wp\/v2\/product_brand?post=8058"},{"taxonomy":"product_cat","embeddable":true,"href":"https:\/\/www.literam.net\/cs\/wp-json\/wp\/v2\/product_cat?post=8058"},{"taxonomy":"product_tag","embeddable":true,"href":"https:\/\/www.literam.net\/cs\/wp-json\/wp\/v2\/product_tag?post=8058"}],"curies":[{"name":"wp","href":"https:\/\/api.w.org\/{rel}","templated":true}]}}