{"id":8061,"date":"2022-05-28T13:46:07","date_gmt":"2022-05-28T11:46:07","guid":{"rendered":"https:\/\/www.literam.net\/izdelek\/lite-vital-shampoo-foam-za-tanke-lase-mastno-in-obcutljivo-lasisce\/"},"modified":"2022-06-16T14:28:40","modified_gmt":"2022-06-16T12:28:40","slug":"lite-vital-shampoo-foam-za-tanke-lase-mastno-in-obcutljivo-lasisce","status":"publish","type":"product","link":"https:\/\/www.literam.net\/cs\/izdelek\/lite-vital-shampoo-foam-za-tanke-lase-mastno-in-obcutljivo-lasisce\/","title":{"rendered":"Lite vital shampoo foam"},"content":{"rendered":"<p>P\u011bnov\u00fd \u0161ampon pro v\u0161echny typy vlasov\u00e9 struktury a velmi a\u017e p\u0159\u00edli\u0161 mastnou a citlivou poko\u017eku hlavy. Je vyroben na b\u00e1zi m\u00fddla, proto \u00fa\u010dinn\u011b revitalizuje a posiluje poko\u017eku hlavy a r\u016fst vlas\u016f. Ni\u010d\u00ed p\u0159emno\u017een\u00e9 bakterie, kter\u00e9 se vyskytuj\u00ed na poko\u017ece hlavy. Pokud \u0161ampon nech\u00e1me na vlasech p\u016fsobit n\u011bkolik minut, m\u016f\u017eeme v p\u0159\u00edpad\u011b ten\u010d\u00ed vlasov\u00e9 struktury dos\u00e1hnout pocitu v\u011bt\u0161\u00edho objemu vlas\u016f.\u00a0 Lze pou\u017e\u00edt v kombinaci s ostatn\u00edmi \u0161ampony a produkty pro rychlej\u0161\u00ed r\u016fst vlas\u016f.<\/p>\n<p>D\u00edky jedine\u010dn\u00e9mu slo\u017een\u00ed m\u016f\u017ee u n\u011bkter\u00fdch typ\u016f poko\u017eky hlavy vyvolat pocit nedostate\u010dn\u011b umyt\u00fdch vlas\u016f, v tomto p\u0159\u00edpad\u011b jej pou\u017e\u00edvejte pro prvn\u00ed nebo druh\u00e9 myt\u00ed v kombinaci s jak\u00fdmkoliv \u0161amponem z \u0159ady LITERAM CARE. Kdy\u017e si va\u0161e poko\u017eka hlavy a vlasy na jemnou strukturu \u0161amponu zvyknou, budete jej s nejv\u011bt\u0161\u00ed pravd\u011bpodobnost\u00ed moci pou\u017e\u00edvat i samostatn\u011b, pokud to ov\u0161em umo\u017en\u00ed struktura va\u0161ich vlas\u016f. V p\u0159\u00edpad\u011b pochybnost\u00ed n\u00e1s m\u016f\u017eete po\u017e\u00e1dat o radu.<\/p>\n<h3>CO Z\u00cdSK\u00c1TE POU\u017dIT\u00cdM \u0160AMPONU?<\/h3>\n<p>Vlasy se p\u0159estanou nadm\u011brn\u011b mastit, nebude nutn\u00e9 je tak \u010dasto m\u00fdt.<\/p>\n<p>Poko\u017eka hlavy nebude zat\u011b\u017eov\u00e1na a vlasy rychleji porostou.<\/p>\n<p>Objem vlas\u016f se zv\u011bt\u0161\u00ed, vlasy budou siln\u011bj\u0161\u00ed, poddajn\u011bj\u0161\u00ed a \u00fa\u010des bude dr\u017eet.<\/p>\n<h3>PRO JAK\u00c9 VLASY A JAK\u00dd \u00da\u010cES SE HOD\u00cd \u0160AMPON LITE VITAL?<\/h3>\n<p>PRO TENK\u00c9 KRAT\u0160\u00cd VLASY \u2013 \u0161ampon dod\u00e1 vlas\u016fm objem a pos\u00edl\u00ed jejich r\u016fst (mo\u017eno pou\u017e\u00edt v kombinaci s \u0161ampony VITAL a OIL CONTROL)<\/p>\n<p>PRO MU\u017dE \u2013 pos\u00edl\u00ed r\u016fst vlas\u016f, pou\u017e\u00edv\u00e1me samostatn\u011b.<\/p>\n<p>PRO SILN\u00c9 VLASY (MASTN\u011aJ\u0160\u00cd STRUKTURA) \u2013 pokud jsou vlasy u poko\u017eky hlavy mastn\u00e9 a kone\u010dky vysu\u0161en\u00e9. M\u00e1 zklid\u0148uj\u00edc\u00ed \u00fa\u010dinek na mazov\u00e9 \u017el\u00e1zy (v kombinaci s \u0161ampony VITAL a HERBAL).<\/p>\n<p>Ide\u00e1ln\u00ed tak\u00e9 pro poko\u017eku hlavy s m\u00e9n\u011b vlasy a nejjemn\u011bj\u0161\u00ed poko\u017eku hlavy, proto\u017ee p\u011bna nest\u00e9k\u00e1 a nedr\u00e1\u017ed\u00ed o\u010di.<\/p>\n<h3>N\u00c1VOD K POU\u017dIT\u00cd LITE \u0160AMPON\u016e:<\/h3>\n<p>Vlasy opl\u00e1chn\u011bte, vodu jemn\u011b vym\u00e1\u010dkn\u011bte a vlasy nadzvedn\u011bte nad poko\u017eku hlavy. \u0160ampon aplikujte na n\u011bkolik m\u00edst p\u0159\u00edmo na poko\u017eku hlavy, krou\u017eiv\u00fdmi pohyby jej vmas\u00edrujte. Je nutn\u00e9 db\u00e1t na to, aby se vlasy nezamotaly. Nechte p\u016fsobit n\u011bkolik minut (nejm\u00e9n\u011b 3 minuty) a opl\u00e1chn\u011bte. Z vlas\u016f jemn\u011b odstra\u0148te zbytek vody, na vlasy polo\u017ete ru\u010dn\u00edk a nechte do n\u011bj vodu nas\u00e1knout.<\/p>\n<p>&nbsp;<\/p>\n<p><img fetchpriority=\"high\" decoding=\"async\" class=\"alignnone size-full wp-image-4529\" src=\"https:\/\/www.literam.net\/wp-content\/uploads\/2018\/07\/Untitled-design-2.jpg\" alt=\"\" width=\"800\" height=\"1000\" title=\"\"><\/p>\n","protected":false},"excerpt":{"rendered":"<p>Hod\u00ed se pro tenk\u00e9 vlasy a velmi mastnou a citlivou poko\u017eku hlavy. Jeho slo\u017een\u00ed na b\u00e1zi m\u00fddla p\u0159\u00edzniv\u011b p\u016fsob\u00ed na poko\u017eku hlavy.<\/p>\n","protected":false},"featured_media":12633,"comment_status":"closed","ping_status":"closed","template":"","meta":[],"product_brand":[],"product_cat":[367],"product_tag":[],"class_list":{"0":"post-8061","1":"product","2":"type-product","3":"status-publish","4":"has-post-thumbnail","6":"product_cat-sampony","8":"first","9":"instock","10":"shipping-taxable","11":"purchasable","12":"product-type-simple"},"_links":{"self":[{"href":"https:\/\/www.literam.net\/cs\/wp-json\/wp\/v2\/product\/8061","targetHints":{"allow":["GET"]}}],"collection":[{"href":"https:\/\/www.literam.net\/cs\/wp-json\/wp\/v2\/product"}],"about":[{"href":"https:\/\/www.literam.net\/cs\/wp-json\/wp\/v2\/types\/product"}],"replies":[{"embeddable":true,"href":"https:\/\/www.literam.net\/cs\/wp-json\/wp\/v2\/comments?post=8061"}],"wp:featuredmedia":[{"embeddable":true,"href":"https:\/\/www.literam.net\/cs\/wp-json\/wp\/v2\/media\/12633"}],"wp:attachment":[{"href":"https:\/\/www.literam.net\/cs\/wp-json\/wp\/v2\/media?parent=8061"}],"wp:term":[{"taxonomy":"product_brand","embeddable":true,"href":"https:\/\/www.literam.net\/cs\/wp-json\/wp\/v2\/product_brand?post=8061"},{"taxonomy":"product_cat","embeddable":true,"href":"https:\/\/www.literam.net\/cs\/wp-json\/wp\/v2\/product_cat?post=8061"},{"taxonomy":"product_tag","embeddable":true,"href":"https:\/\/www.literam.net\/cs\/wp-json\/wp\/v2\/product_tag?post=8061"}],"curies":[{"name":"wp","href":"https:\/\/api.w.org\/{rel}","templated":true}]}}