{"id":8086,"date":"2022-05-28T18:38:45","date_gmt":"2022-05-28T16:38:45","guid":{"rendered":"https:\/\/www.literam.net\/izdelek\/lite-keratin-spray-za-suhe-lase-ki-jim-primankuje-vlage-ter-za-lazje-razcesavanje\/"},"modified":"2025-06-09T11:01:50","modified_gmt":"2025-06-09T09:01:50","slug":"lite-keratin-spray-za-suhe-lase-ki-jim-primankuje-vlage-ter-za-lazje-razcesavanje","status":"publish","type":"product","link":"https:\/\/www.literam.net\/cs\/izdelek\/lite-keratin-spray-za-suhe-lase-ki-jim-primankuje-vlage-ter-za-lazje-razcesavanje\/","title":{"rendered":"Lite keratin spray"},"content":{"rendered":"<p>Produkt je formulov\u00e1n pro v\u0161echny, kte\u0159\u00ed maj\u00ed probl\u00e9my s nadm\u011brn\u00fdm zamot\u00e1v\u00e1n\u00edm, l\u00e1m\u00e1n\u00edm a dehydratac\u00ed vlas\u016f a jejich\u017e vlasy \u201etr\u010d\u00ed\u201c do stran. LITE KERATIN SPRAY lze<\/p>\n<p>aplikovat i na such\u00e9 vlasy, proto se hod\u00ed ke ka\u017edodenn\u00ed hydrataci, udr\u017een\u00ed tvaru, zv\u00fd\u0161en\u00ed hebkosti a lesku vlas\u016f. D\u00edky ni\u017e\u0161\u00ed koncentraci keratinov\u00fdch deriv\u00e1t\u016f budou vlasy hlad\u0161\u00ed, produkt jim v\u0161ak nedod\u00e1 tolik pevnosti. S produktem KERATIN SPRAY vlasy z\u016fstanou pru\u017en\u00e9, nebudou se l\u00e1mat a rychleji vyrostou do v\u011bt\u0161\u00ed d\u00e9lky. Lze pou\u017e\u00edt tak\u00e9 b\u011bhem tvarov\u00e1n\u00ed \u00fa\u010desu,<\/p>\n<p>kdy\u017e se vlasy b\u011bhem stylingu p\u0159\u00edli\u0161 vysu\u0161\u00ed. D\u00edky tomuto jedine\u010dn\u00e9mu hydrata\u010dn\u00edmi p\u0159\u00edpravku je m\u016f\u017eete zvlh\u010dit, \u010d\u00edm\u017e uzav\u00edr\u00e1te \u0161upiny a zachov\u00e1v\u00e1te barvu, kvalitu a odolnost vlas\u016f.<\/p>\n<h3>POU\u017dIT\u00cd<\/h3>\n<p>Ve\u010der p\u0159ed sp\u00e1nkem navlh\u010dete vysu\u0161en\u00e9 \u010d\u00e1sti vlas\u016f, vlasy roz\u010de\u0161te a dlouh\u00e9 vlasy sepn\u011bte do drdolu na temeni, jemn\u011b upevn\u011bte vidlic\u00ed nebo men\u0161\u00edm sk\u0159ipcem.<\/p>\n<p>Tak vlasy p\u0159iprav\u00edte na denn\u00ed \u00fa\u010des. R\u00e1no budou vlasy sv\u011b\u017e\u00ed, budou m\u00edt p\u011bkn\u00fd tvar, jako kdybyste si je pr\u00e1v\u011b umyli, a to bez pr\u00e1ce. U krat\u0161\u00edch vlas\u016f aplikujte p\u0159\u00edpravek r\u00e1no pro osv\u011b\u017een\u00ed vlas\u016f,<\/p>\n<p>pot\u00e9 je upravte pomoc\u00ed kart\u00e1\u010de a f\u00e9nu. T\u00edm zajist\u00edte, \u017ee d\u016fsledkem \u010dast\u00e9ho stylingu va\u0161e vlasy nebudou vysu\u0161en\u00e9 a bez lesku. M\u016f\u017eeme aplikovat na mokr\u00e9 nebo such\u00e9 vlasy.<\/p>\n<h3>PRO JAK\u00dd TYP VLAS\u016e SE HOD\u00cd KERATIN SPRAY?<\/h3>\n<ul>\n<li>D\u011aTSK\u00c9 VLASY \u2013 bezbolestn\u00e9 roz\u010des\u00e1v\u00e1n\u00ed,<\/li>\n<li>DLOUH\u00c9, TENK\u00c9, BARVEN\u00c9 VLASY \u2013 vlasy budou hlad\u0161\u00ed, z\u00e1\u0159iv\u011bj\u0161\u00ed, chr\u00e1n\u011bn\u00e9 a hydratovan\u00e9, p\u0159\u00edpravek jim dod\u00e1 pru\u017enost.<\/li>\n<li>L\u00c1MAV\u00c9 a velmi po\u0161kozen\u00e9 vlasy (p\u0159\u00edpravek jim dod\u00e1 pru\u017enost a zabra\u0148uje l\u00e1m\u00e1n\u00ed).<\/li>\n<li>JEDNODU\u0160\u0160\u00cd STYLING \u2013 vlasy jsou pevn\u011bj\u0161\u00ed a z\u00e1\u0159iv\u011bj\u0161\u00ed.<\/li>\n<\/ul>\n<p>&nbsp;<\/p>\n<p><img fetchpriority=\"high\" decoding=\"async\" class=\"alignnone size-full wp-image-4541\" src=\"https:\/\/www.literam.net\/wp-content\/uploads\/2018\/07\/Untitled-design-4.jpg\" alt=\"\" width=\"800\" height=\"1000\" title=\"\"><\/p>\n","protected":false},"excerpt":{"rendered":"<p>Produkt je formulov\u00e1n pro v\u0161echny, kte\u0159\u00ed maj\u00ed probl\u00e9my s nadm\u011brn\u00fdm zamot\u00e1v\u00e1n\u00edm, l\u00e1m\u00e1n\u00edm a dehydratac\u00ed vlas\u016f a jejich\u017e vlasy \u201etr\u010d\u00ed\u201c do stran. LITE KERATIN SPRAY lze aplikovat i na such\u00e9 vlasy, proto se hod\u00ed ke ka\u017edodenn\u00ed hydrataci, udr\u017een\u00ed tvaru, zv\u00fd\u0161en\u00ed hebkosti a lesku vlas\u016f.<\/p>\n","protected":false},"featured_media":16423,"comment_status":"closed","ping_status":"closed","template":"","meta":[],"product_brand":[],"product_cat":[368],"product_tag":[],"class_list":{"0":"post-8086","1":"product","2":"type-product","3":"status-publish","4":"has-post-thumbnail","6":"product_cat-pece","8":"first","9":"instock","10":"shipping-taxable","11":"purchasable","12":"product-type-variable"},"_links":{"self":[{"href":"https:\/\/www.literam.net\/cs\/wp-json\/wp\/v2\/product\/8086","targetHints":{"allow":["GET"]}}],"collection":[{"href":"https:\/\/www.literam.net\/cs\/wp-json\/wp\/v2\/product"}],"about":[{"href":"https:\/\/www.literam.net\/cs\/wp-json\/wp\/v2\/types\/product"}],"replies":[{"embeddable":true,"href":"https:\/\/www.literam.net\/cs\/wp-json\/wp\/v2\/comments?post=8086"}],"wp:featuredmedia":[{"embeddable":true,"href":"https:\/\/www.literam.net\/cs\/wp-json\/wp\/v2\/media\/16423"}],"wp:attachment":[{"href":"https:\/\/www.literam.net\/cs\/wp-json\/wp\/v2\/media?parent=8086"}],"wp:term":[{"taxonomy":"product_brand","embeddable":true,"href":"https:\/\/www.literam.net\/cs\/wp-json\/wp\/v2\/product_brand?post=8086"},{"taxonomy":"product_cat","embeddable":true,"href":"https:\/\/www.literam.net\/cs\/wp-json\/wp\/v2\/product_cat?post=8086"},{"taxonomy":"product_tag","embeddable":true,"href":"https:\/\/www.literam.net\/cs\/wp-json\/wp\/v2\/product_tag?post=8086"}],"curies":[{"name":"wp","href":"https:\/\/api.w.org\/{rel}","templated":true}]}}