{"id":8132,"date":"2022-05-28T13:37:09","date_gmt":"2022-05-28T11:37:09","guid":{"rendered":"https:\/\/www.literam.net\/izdelek\/literam-krtace-za-oblikovanje-iz-naravnih-scetin\/"},"modified":"2022-06-16T23:19:37","modified_gmt":"2022-06-16T21:19:37","slug":"literam-krtace-za-oblikovanje-iz-naravnih-scetin","status":"publish","type":"product","link":"https:\/\/www.literam.net\/cs\/izdelek\/literam-krtace-za-oblikovanje-iz-naravnih-scetin\/","title":{"rendered":"STYLINGOV\u00c9 KART\u00c1\u010cE LITERAM Z P\u0158\u00cdRODN\u00cdCH \u0160T\u011aTIN"},"content":{"rendered":"<p>Hust\u00e9 a spr\u00e1vn\u011b tuh\u00e9 \u0161t\u011btiny umo\u017e\u0148uj\u00ed dobrou p\u0159ilnavost a styling. Tak nedoch\u00e1z\u00ed ke \u0161kr\u00e1b\u00e1n\u00ed a podr\u00e1\u017ed\u011bn\u00ed poko\u017eky hlavy, kart\u00e1\u010d vlasy jemn\u011b a n\u011b\u017en\u011b vyhlad\u00ed. \u0160t\u011btiny kart\u00e1\u010de se oh\u0159\u00edvaj\u00ed<br \/>\ns podobnou rychlost\u00ed a intenzitou, jako va\u0161e vlasy. Proto p\u0159i stylingu nebude doch\u00e1zet k po\u0161kozen\u00ed vlas\u016f d\u016fsledkem vysok\u00fdch teplot.<\/p>\n<p>M\u016f\u017eete si vybrat z n\u00e1sleduj\u00edc\u00ed nab\u00eddky kart\u00e1\u010d\u016f:<\/p>\n<p>\/\/ Pro kr\u00e1tk\u00e9 vlasy nebo drobn\u011bj\u0161\u00ed kudrny<br \/>\n\/\/ Pro st\u0159edn\u011b dlouh\u00e9 vlasy a drobn\u00e9 kudrny<br \/>\n\/\/ Pro del\u0161\u00ed vlasy a kudrny<br \/>\n\/\/ Pro del\u0161\u00ed vlasy a tvarov\u00e1n\u00ed rovn\u011bj\u0161\u00edch vlas\u016f<\/p>\n","protected":false},"excerpt":{"rendered":"<p>P\u00e9\u010de o co nejmen\u0161\u00ed po\u0161kozen\u00ed vlas\u016f p\u0159i jejich \u00faprav\u011b je z\u00e1kladem zdrav\u00fdch vlas\u016f. Kulat\u00e9 stylingov\u00e9 kart\u00e1\u010de LITERAM z p\u0159\u00edrodn\u00edch \u0161t\u011btin se postaraj\u00ed, aby se vlasy b\u011bhem vysou\u0161en\u00ed a tvarov\u00e1n\u00ed co nejm\u00e9n\u011b po\u0161kozovaly.<\/p>\n","protected":false},"featured_media":7392,"comment_status":"closed","ping_status":"closed","template":"","meta":[],"product_brand":[],"product_cat":[369],"product_tag":[],"class_list":{"0":"post-8132","1":"product","2":"type-product","3":"status-publish","4":"has-post-thumbnail","6":"product_cat-styling-cs","7":"pa_premer-15-cm-cs","8":"pa_premer-35-cm-cs","9":"pa_premer-5-cm-cs","10":"pa_premer-7-cm-cs","12":"first","13":"instock","14":"shipping-taxable","15":"purchasable","16":"product-type-variable"},"_links":{"self":[{"href":"https:\/\/www.literam.net\/cs\/wp-json\/wp\/v2\/product\/8132","targetHints":{"allow":["GET"]}}],"collection":[{"href":"https:\/\/www.literam.net\/cs\/wp-json\/wp\/v2\/product"}],"about":[{"href":"https:\/\/www.literam.net\/cs\/wp-json\/wp\/v2\/types\/product"}],"replies":[{"embeddable":true,"href":"https:\/\/www.literam.net\/cs\/wp-json\/wp\/v2\/comments?post=8132"}],"wp:featuredmedia":[{"embeddable":true,"href":"https:\/\/www.literam.net\/cs\/wp-json\/wp\/v2\/media\/7392"}],"wp:attachment":[{"href":"https:\/\/www.literam.net\/cs\/wp-json\/wp\/v2\/media?parent=8132"}],"wp:term":[{"taxonomy":"product_brand","embeddable":true,"href":"https:\/\/www.literam.net\/cs\/wp-json\/wp\/v2\/product_brand?post=8132"},{"taxonomy":"product_cat","embeddable":true,"href":"https:\/\/www.literam.net\/cs\/wp-json\/wp\/v2\/product_cat?post=8132"},{"taxonomy":"product_tag","embeddable":true,"href":"https:\/\/www.literam.net\/cs\/wp-json\/wp\/v2\/product_tag?post=8132"}],"curies":[{"name":"wp","href":"https:\/\/api.w.org\/{rel}","templated":true}]}}