{"id":8163,"date":"2022-05-28T13:20:52","date_gmt":"2022-05-28T11:20:52","guid":{"rendered":"https:\/\/www.literam.net\/izdelek\/lite-styling-extra-strong-pena-izredno-podaljsa-obstojnost-pricesk\/"},"modified":"2022-06-18T22:18:29","modified_gmt":"2022-06-18T20:18:29","slug":"lite-styling-extra-strong-pena-izredno-podaljsa-obstojnost-pricesk","status":"publish","type":"product","link":"https:\/\/www.literam.net\/cs\/izdelek\/lite-styling-extra-strong-pena-izredno-podaljsa-obstojnost-pricesk\/","title":{"rendered":"LITE STYLING &#8211; extra strong foam"},"content":{"rendered":"<p>Inovativn\u00ed formule v\u00fdrazn\u011b zvy\u0161uje stabilitu \u00fa\u010desu u v\u0161ech typ\u016f vlas\u016f v\u010detn\u011b t\u011bch nejhust\u0161\u00edch, nejmastn\u011bj\u0161\u00edch a nejv\u00edce zat\u00ed\u017een\u00fdch, u kter\u00fdch \u00fa\u010des mnohdy nevydr\u017e\u00ed ani jeden den. Po pou\u017eit\u00ed vlasy z\u016fst\u00e1vaj\u00ed \u010dist\u00e9. U ten\u010d\u00edch vlas\u016f je nutn\u00e9 p\u0159izp\u016fsobit mno\u017estv\u00ed aplikovan\u00e9ho produktu rovnom\u011brn\u00fdm n\u00e1nosem men\u0161\u00edho mno\u017estv\u00ed. Pokud je p\u0159\u00edpravek LITE EXTRA STRONG STYLING FOAM p\u0159\u00edli\u0161 siln\u00fd, m\u016f\u017eete jej p\u0159ed aplikac\u00ed v dlan\u00ed sm\u00edchat s p\u011bnou LITE KERATIN nebo LITE STYLING LIGHT. T\u00edm p\u0159izp\u016fsob\u00edte \u00fa\u010dinek pot\u0159eb\u00e1m va\u0161ich vlas\u016f.<\/p>\n<p>P\u011bna LITE EXTRA STRONG STYLING FOAM se hod\u00ed tak\u00e9 pro styling a tu\u017een\u00ed kudrnat\u00fdch vlas\u016f u mu\u017e\u016f. Jedine\u010dnou v\u00fdhodou produktu LITE EXTRA STRONG STYLING FOAM je mo\u017enost pou\u017eit\u00ed jako \u010dist\u00edc\u00ed p\u011bna \u2013 such\u00fd \u0161ampon. Pokud p\u0159\u00edpravek pou\u017e\u00edv\u00e1me jako such\u00fd \u0161ampon, aplikujeme p\u011bnu na such\u00e9 vlasy ke ko\u0159\u00ednk\u016fm v m\u00edstech, kde se nejv\u00edce mast\u00ed. Vmas\u00edrujeme, roz\u010de\u0161eme a \u010d\u00e1st vlas\u016f, kam jsme nanesli p\u011bnu, vysu\u0161\u00edme f\u00e9nem. Vlasy budou vypadat \u010dist\u00e9, \u00fa\u010des z\u00edsk\u00e1 na objemu. Pot\u0159ebn\u00e9 mno\u017estv\u00ed a po\u010det aplikac\u00ed ur\u010dujeme podle toho, jak moc jsou vlasy u ko\u0159\u00ednk\u016f mastn\u00e9.<\/p>\n<h3>POU\u017dIT\u00cd<\/h3>\n<p>Pou\u017e\u00edv\u00e1me r\u016fzn\u00e9 mno\u017estv\u00ed p\u011bny, aplikujeme na r\u016fzn\u011b mokr\u00e9\/vlhk\u00e9 vlasy. V\u0161e z\u00e1le\u017e\u00ed na typu na\u0161ich vlas\u016f. V\u017edy dob\u0159e pro\u010de\u0161eme a d\u00e1v\u00e1me pozor, aby se vlasy neusu\u0161ily d\u0159\u00edve, ne\u017e vytvarujeme \u00fa\u010des. Pokud se to stane, vlasy znovu navlh\u010d\u00edme a dodate\u010dn\u011b aplikujeme p\u011bnu.<\/p>\n<h3>M\u016e\u017dEME POU\u017d\u00cdT PRO R\u016eZN\u00c9 TYPY VLAS\u016e A R\u016eZN\u00dd STYLING:<\/h3>\n<p>Pro tenk\u00e9 i siln\u011bj\u0161\u00ed vlasy, pokud \u00fa\u010des \u0161patn\u011b dr\u017e\u00ed.<\/p>\n<p>Pro vysu\u0161en\u00e9 i mastn\u00e9 vlasy, pokud \u00fa\u010des h\u016f\u0159e dr\u017e\u00ed a vlasy se rychle mast\u00ed.<\/p>\n<p>&nbsp;<\/p>\n<p><img fetchpriority=\"high\" decoding=\"async\" class=\"alignnone size-full wp-image-4689\" src=\"https:\/\/www.literam.net\/wp-content\/uploads\/2018\/07\/Untitled-design-21.jpg\" alt=\"\" width=\"800\" height=\"1000\" title=\"\"><\/p>\n","protected":false},"excerpt":{"rendered":"<p>Inovativn\u00ed formule v\u00fdrazn\u011b zlep\u0161uje stabilitu \u00fa\u010desu u v\u0161ech typ\u016f vlas\u016f v\u010detn\u011b t\u011bch nejmastn\u011bj\u0161\u00edch a nejv\u00edce zat\u00ed\u017een\u00fdch, u kter\u00fdch \u00fa\u010des mnohdy nevydr\u017e\u00ed ani jeden den. Vlasy z\u00e1rove\u0148 z\u016fst\u00e1vaj\u00ed \u010dist\u00e9.<\/p>\n","protected":false},"featured_media":7370,"comment_status":"closed","ping_status":"closed","template":"","meta":[],"product_brand":[],"product_cat":[369],"product_tag":[],"class_list":{"0":"post-8163","1":"product","2":"type-product","3":"status-publish","4":"has-post-thumbnail","6":"product_cat-styling-cs","8":"first","9":"instock","10":"shipping-taxable","11":"purchasable","12":"product-type-simple"},"_links":{"self":[{"href":"https:\/\/www.literam.net\/cs\/wp-json\/wp\/v2\/product\/8163","targetHints":{"allow":["GET"]}}],"collection":[{"href":"https:\/\/www.literam.net\/cs\/wp-json\/wp\/v2\/product"}],"about":[{"href":"https:\/\/www.literam.net\/cs\/wp-json\/wp\/v2\/types\/product"}],"replies":[{"embeddable":true,"href":"https:\/\/www.literam.net\/cs\/wp-json\/wp\/v2\/comments?post=8163"}],"wp:featuredmedia":[{"embeddable":true,"href":"https:\/\/www.literam.net\/cs\/wp-json\/wp\/v2\/media\/7370"}],"wp:attachment":[{"href":"https:\/\/www.literam.net\/cs\/wp-json\/wp\/v2\/media?parent=8163"}],"wp:term":[{"taxonomy":"product_brand","embeddable":true,"href":"https:\/\/www.literam.net\/cs\/wp-json\/wp\/v2\/product_brand?post=8163"},{"taxonomy":"product_cat","embeddable":true,"href":"https:\/\/www.literam.net\/cs\/wp-json\/wp\/v2\/product_cat?post=8163"},{"taxonomy":"product_tag","embeddable":true,"href":"https:\/\/www.literam.net\/cs\/wp-json\/wp\/v2\/product_tag?post=8163"}],"curies":[{"name":"wp","href":"https:\/\/api.w.org\/{rel}","templated":true}]}}