{"id":8169,"date":"2022-05-27T20:22:49","date_gmt":"2022-05-27T18:22:49","guid":{"rendered":"https:\/\/www.literam.net\/izdelek\/lite-styling-strong-non-sticky-spray\/"},"modified":"2022-06-18T22:38:30","modified_gmt":"2022-06-18T20:38:30","slug":"lite-styling-strong-non-sticky-spray","status":"publish","type":"product","link":"https:\/\/www.literam.net\/cs\/izdelek\/lite-styling-strong-non-sticky-spray\/","title":{"rendered":"Lite styling strong non-sticky spray"},"content":{"rendered":"<p>Siln\u00fd lak \u2013 tu\u017eidlo na vlasy se zvl\u00e1\u0161tn\u00ed formul\u00ed umo\u017e\u0148uje p\u0159irozen\u00e9 tu\u017een\u00ed \u00fa\u010desu i u t\u011bch nejten\u010d\u00edch a nejm\u011bk\u010d\u00edch vlas\u016f. P\u0159\u00edpravek nej\u010dast\u011bji aplikujeme na such\u00e9 vlasy a upraven\u00fd \u00fa\u010des nebo ke konci \u00fapravy vlas\u016f.\u00a0 Hotov\u00fd \u00fa\u010des je mo\u017en\u00e9 i po pou\u017eit\u00ed spreje roz\u010desat a znovu tvarovat. Zlep\u0161uje trvanlivost \u00fa\u010desu a zajist\u00ed p\u0159irozen\u00fd vzhled vlas\u016f.\u00a0 Vlasy neslep\u00ed ani ve vlhk\u00e9m prost\u0159ed\u00ed. Zbavuje vlasy statick\u00e9 elekt\u0159iny.<\/p>\n","protected":false},"excerpt":{"rendered":"<p>Siln\u00fd lak \u2013 tu\u017eidlo na vlasy se zvl\u00e1\u0161tn\u00ed formul\u00ed umo\u017e\u0148uje p\u0159irozen\u00e9 tu\u017een\u00ed \u00fa\u010desu i u t\u011bch nejten\u010d\u00edch a nejm\u011bk\u010d\u00edch vlas\u016f.<\/p>\n","protected":false},"featured_media":12139,"comment_status":"closed","ping_status":"closed","template":"","meta":[],"product_brand":[],"product_cat":[369],"product_tag":[],"class_list":{"0":"post-8169","1":"product","2":"type-product","3":"status-publish","4":"has-post-thumbnail","6":"product_cat-styling-cs","8":"first","9":"instock","10":"shipping-taxable","11":"purchasable","12":"product-type-simple"},"_links":{"self":[{"href":"https:\/\/www.literam.net\/cs\/wp-json\/wp\/v2\/product\/8169","targetHints":{"allow":["GET"]}}],"collection":[{"href":"https:\/\/www.literam.net\/cs\/wp-json\/wp\/v2\/product"}],"about":[{"href":"https:\/\/www.literam.net\/cs\/wp-json\/wp\/v2\/types\/product"}],"replies":[{"embeddable":true,"href":"https:\/\/www.literam.net\/cs\/wp-json\/wp\/v2\/comments?post=8169"}],"wp:featuredmedia":[{"embeddable":true,"href":"https:\/\/www.literam.net\/cs\/wp-json\/wp\/v2\/media\/12139"}],"wp:attachment":[{"href":"https:\/\/www.literam.net\/cs\/wp-json\/wp\/v2\/media?parent=8169"}],"wp:term":[{"taxonomy":"product_brand","embeddable":true,"href":"https:\/\/www.literam.net\/cs\/wp-json\/wp\/v2\/product_brand?post=8169"},{"taxonomy":"product_cat","embeddable":true,"href":"https:\/\/www.literam.net\/cs\/wp-json\/wp\/v2\/product_cat?post=8169"},{"taxonomy":"product_tag","embeddable":true,"href":"https:\/\/www.literam.net\/cs\/wp-json\/wp\/v2\/product_tag?post=8169"}],"curies":[{"name":"wp","href":"https:\/\/api.w.org\/{rel}","templated":true}]}}