{"id":8181,"date":"2022-05-27T20:25:48","date_gmt":"2022-05-27T18:25:48","guid":{"rendered":"https:\/\/www.literam.net\/izdelek\/lite-kerup-styling-formula-se-posebej-za-moske\/"},"modified":"2022-06-18T22:57:59","modified_gmt":"2022-06-18T20:57:59","slug":"lite-kerup-styling-formula-se-posebej-za-moske","status":"publish","type":"product","link":"https:\/\/www.literam.net\/cs\/izdelek\/lite-kerup-styling-formula-se-posebej-za-moske\/","title":{"rendered":"Lite ker*up volumizing styling formula for men"},"content":{"rendered":"<p>D\u00edky kombinovan\u00e9mu slo\u017een\u00ed vlasov\u00e1 emulze vlasy obohacuje a prodlu\u017euje trvanlivost \u00fa\u010desu, zv\u011bt\u0161uje objem a pevnost vlas\u016f. Pro osv\u011b\u017een\u00ed a p\u0159etvarov\u00e1n\u00ed \u00fa\u010desu je v p\u0159\u00edpad\u011b opakovan\u00e9ho n\u00e1nosu mo\u017en\u00e9 vlasy znovu tvarovat, ani\u017e bychom je umyli. Hod\u00ed se pro mu\u017ee, kte\u0159\u00ed tou\u017e\u00ed po pln\u011bj\u0161\u00edm \u00fa\u010desu. Vytv\u00e1\u0159\u00ed dojem v\u011bt\u0161\u00edho objemu vlas\u016f a zlep\u0161uje trvanlivost \u017eensk\u00fdch \u00fa\u010des\u016f v p\u0159\u00edpad\u011b pou\u017eit\u00ed nat\u00e1\u010dek.<\/p>\n<h3>POU\u017dIT\u00cd<\/h3>\n<p>Mal\u00e9 mno\u017estv\u00ed emulze aplikujte na dlan\u011b. Pot\u00e9 prsty vytvarujte po\u017eadovan\u00fd \u00fa\u010des. Pokud chcete \u00fa\u010des p\u0159etvarovat, aplikujte mal\u00e9 mno\u017estv\u00ed p\u0159\u00edpravku do dlan\u011b a znovu vytvarujte \u00fa\u010des.<\/p>\n<p>Nejedn\u00e1 se jen o oby\u010dejn\u00fd stylingov\u00fd p\u0159\u00edpravek, proto\u017ee emulze vlasy z\u00e1rove\u0148 vypl\u0148uje p\u0159irozen\u00fdmi slo\u017ekami a pe\u010duje o n\u011b. Pravideln\u00e9 pou\u017eit\u00ed zlep\u0161uje dlouhodobou kvalitu vlas\u016f, \u00fa\u010des bude pln\u011bj\u0161\u00ed a vlasy budou l\u00e9pe upraven\u00e9. Tento p\u0159\u00edpravek mimo jin\u00e9 umo\u017e\u0148uje dosa\u017een\u00ed efektu mokr\u00fdch vlas\u016f. Dal\u0161\u00ed v\u00fdhodou p\u0159\u00edpravku LITE KER\u2019UP STYLING je, \u017ee umo\u017e\u0148uje dodate\u010dn\u00e9 p\u0159etvarov\u00e1n\u00ed \u00fa\u010desu jen pomoc\u00ed navlh\u010den\u00fdch rukou.<\/p>\n","protected":false},"excerpt":{"rendered":"<p>Umo\u017e\u0148uje styling, tu\u017een\u00ed, a krom\u011b toho vlas\u016fm dod\u00e1 objem. Obsahovan\u00e9 slo\u017eky vlasy vypl\u0148uj\u00ed a pe\u010duj\u00ed o n\u011b. Zpev\u0148uje \u00fa\u010des, prodlu\u017euje jeho trvanlivost a vytv\u00e1\u0159\u00ed dojem zdrav\u00fdch vlas\u016f.<\/p>\n","protected":false},"featured_media":7320,"comment_status":"closed","ping_status":"closed","template":"","meta":[],"product_brand":[],"product_cat":[369],"product_tag":[],"class_list":{"0":"post-8181","1":"product","2":"type-product","3":"status-publish","4":"has-post-thumbnail","6":"product_cat-styling-cs","8":"first","9":"instock","10":"shipping-taxable","11":"purchasable","12":"product-type-simple"},"_links":{"self":[{"href":"https:\/\/www.literam.net\/cs\/wp-json\/wp\/v2\/product\/8181","targetHints":{"allow":["GET"]}}],"collection":[{"href":"https:\/\/www.literam.net\/cs\/wp-json\/wp\/v2\/product"}],"about":[{"href":"https:\/\/www.literam.net\/cs\/wp-json\/wp\/v2\/types\/product"}],"replies":[{"embeddable":true,"href":"https:\/\/www.literam.net\/cs\/wp-json\/wp\/v2\/comments?post=8181"}],"wp:featuredmedia":[{"embeddable":true,"href":"https:\/\/www.literam.net\/cs\/wp-json\/wp\/v2\/media\/7320"}],"wp:attachment":[{"href":"https:\/\/www.literam.net\/cs\/wp-json\/wp\/v2\/media?parent=8181"}],"wp:term":[{"taxonomy":"product_brand","embeddable":true,"href":"https:\/\/www.literam.net\/cs\/wp-json\/wp\/v2\/product_brand?post=8181"},{"taxonomy":"product_cat","embeddable":true,"href":"https:\/\/www.literam.net\/cs\/wp-json\/wp\/v2\/product_cat?post=8181"},{"taxonomy":"product_tag","embeddable":true,"href":"https:\/\/www.literam.net\/cs\/wp-json\/wp\/v2\/product_tag?post=8181"}],"curies":[{"name":"wp","href":"https:\/\/api.w.org\/{rel}","templated":true}]}}