{"id":11903,"date":"2022-11-15T09:10:19","date_gmt":"2022-11-15T08:10:19","guid":{"rendered":"https:\/\/www.literam.net\/brezplacen-posvet-zahvala\/"},"modified":"2022-11-15T21:14:01","modified_gmt":"2022-11-15T20:14:01","slug":"brezplacen-posvet-zahvala","status":"publish","type":"page","link":"https:\/\/www.literam.net\/de\/brezplacen-posvet-zahvala\/","title":{"rendered":"Brezpla\u010den posvet"},"content":{"rendered":"\t\t<div data-elementor-type=\"wp-page\" data-elementor-id=\"11903\" class=\"elementor elementor-11903 elementor-11886\" data-elementor-post-type=\"page\">\n\t\t\t\t\t\t<section class=\"elementor-section elementor-top-section elementor-element elementor-element-33a53e7 ct-section-stretched elementor-section-boxed elementor-section-height-default elementor-section-height-default\" data-id=\"33a53e7\" data-element_type=\"section\" data-e-type=\"section\" data-settings=\"{&quot;jet_parallax_layout_list&quot;:[],&quot;background_background&quot;:&quot;classic&quot;}\">\n\t\t\t\t\t\t<div class=\"elementor-container elementor-column-gap-no\">\n\t\t\t\t\t<div class=\"elementor-column elementor-col-100 elementor-top-column elementor-element elementor-element-e4f25f5\" data-id=\"e4f25f5\" data-element_type=\"column\" data-e-type=\"column\">\n\t\t\t<div class=\"elementor-widget-wrap elementor-element-populated\">\n\t\t\t\t\t\t<div class=\"elementor-element elementor-element-6fb8999 elementor-widget elementor-widget-heading\" data-id=\"6fb8999\" data-element_type=\"widget\" data-e-type=\"widget\" data-widget_type=\"heading.default\">\n\t\t\t\t<div class=\"elementor-widget-container\">\n\t\t\t\t\t<h2 class=\"elementor-heading-title elementor-size-default\">Kostenlose Beratung<\/h2>\t\t\t\t<\/div>\n\t\t\t\t<\/div>\n\t\t\t\t<div class=\"elementor-element elementor-element-bba7a5a elementor-widget elementor-widget-text-editor\" data-id=\"bba7a5a\" data-element_type=\"widget\" data-e-type=\"widget\" data-widget_type=\"text-editor.default\">\n\t\t\t\t<div class=\"elementor-widget-container\">\n\t\t\t\t\t\t\t\t\t<p>Wir haben bereits das Haar von mehr als 5.000 Menschen restauriert und k\u00f6nnen es sicherlich auch f\u00fcr Sie restaurieren. Melden Sie sich f\u00fcr ein kostenloses Beratungsgespr\u00e4ch an, bei dem wir Sie ganz individuell und ganzheitlich behandeln! Schon vor Ihrer Anmeldung geben wir Ihnen eine 100%ige ERFOLGSGARANTIE!<\/p><p>Folgen Sie im Folgenden den Fragen und beantworten Sie diese, damit wir Sie bzw. Ihren Haartyp besser kennenlernen k\u00f6nnen, bevor wir zur KOSTENLOSEN BERATUNG kommen.<\/p>\t\t\t\t\t\t\t\t<\/div>\n\t\t\t\t<\/div>\n\t\t\t\t\t<\/div>\n\t\t<\/div>\n\t\t\t\t\t<\/div>\n\t\t<\/section>\n\t\t\t\t<section class=\"elementor-section elementor-top-section elementor-element elementor-element-af21072 elementor-section-boxed elementor-section-height-default elementor-section-height-default\" data-id=\"af21072\" data-element_type=\"section\" data-e-type=\"section\" data-settings=\"{&quot;jet_parallax_layout_list&quot;:[],&quot;background_background&quot;:&quot;classic&quot;}\">\n\t\t\t\t\t\t<div class=\"elementor-container elementor-column-gap-default\">\n\t\t\t\t\t<div class=\"elementor-column elementor-col-100 elementor-top-column elementor-element elementor-element-fdccb31\" data-id=\"fdccb31\" data-element_type=\"column\" data-e-type=\"column\">\n\t\t\t<div class=\"elementor-widget-wrap elementor-element-populated\">\n\t\t\t\t\t\t<div class=\"elementor-element elementor-element-7998fce elementor-widget elementor-widget-heading\" data-id=\"7998fce\" data-element_type=\"widget\" data-e-type=\"widget\" data-widget_type=\"heading.default\">\n\t\t\t\t<div class=\"elementor-widget-container\">\n\t\t\t\t\t<h2 class=\"elementor-heading-title elementor-size-default\">Der Antrag auf ein kostenloses Beratungsgespr\u00e4ch wurde erfolgreich \u00fcbermittelt<\/h2>\t\t\t\t<\/div>\n\t\t\t\t<\/div>\n\t\t\t\t<div class=\"elementor-element elementor-element-28ef103 elementor-widget elementor-widget-text-editor\" data-id=\"28ef103\" data-element_type=\"widget\" data-e-type=\"widget\" data-widget_type=\"text-editor.default\">\n\t\t\t\t<div class=\"elementor-widget-container\">\n\t\t\t\t\t\t\t\t\t<p>Ein LITERAM-Therapeut wird sich so schnell wie m\u00f6glich mit Ihnen in Verbindung setzen, der Sie f\u00fcr eine kostenlose Haar- und Kopfhautanalyse in den n\u00e4chstgelegenen Salon leitet oder Ihnen einen Pflegevorschlag unterbreitet, der Ihrem Haar die besten Voraussetzungen f\u00fcr gesundes Wachstum und sch\u00f6nes, gesch\u00fctztes Haar bietet .<\/p>\t\t\t\t\t\t\t\t<\/div>\n\t\t\t\t<\/div>\n\t\t\t\t\t<\/div>\n\t\t<\/div>\n\t\t\t\t\t<\/div>\n\t\t<\/section>\n\t\t\t\t<section class=\"elementor-section elementor-top-section elementor-element elementor-element-7e445fa elementor-section-boxed elementor-section-height-default elementor-section-height-default\" data-id=\"7e445fa\" data-element_type=\"section\" data-e-type=\"section\" data-settings=\"{&quot;jet_parallax_layout_list&quot;:[],&quot;background_background&quot;:&quot;classic&quot;}\">\n\t\t\t\t\t\t<div class=\"elementor-container elementor-column-gap-default\">\n\t\t\t\t\t<div class=\"elementor-column elementor-col-100 elementor-top-column elementor-element elementor-element-6dcea01\" data-id=\"6dcea01\" data-element_type=\"column\" data-e-type=\"column\">\n\t\t\t<div class=\"elementor-widget-wrap elementor-element-populated\">\n\t\t\t\t\t\t<div class=\"elementor-element elementor-element-41fda9c elementor-widget elementor-widget-heading\" data-id=\"41fda9c\" data-element_type=\"widget\" data-e-type=\"widget\" data-widget_type=\"heading.default\">\n\t\t\t\t<div class=\"elementor-widget-container\">\n\t\t\t\t\t<h2 class=\"elementor-heading-title elementor-size-default\">Melden Sie sich f\u00fcr E-News an<\/h2>\t\t\t\t<\/div>\n\t\t\t\t<\/div>\n\t\t\t\t<div class=\"elementor-element elementor-element-c7cb7c8 elementor-button-align-stretch elementor-widget elementor-widget-form\" data-id=\"c7cb7c8\" data-element_type=\"widget\" data-e-type=\"widget\" data-settings=\"{&quot;button_width&quot;:&quot;20&quot;,&quot;step_next_label&quot;:&quot;Next&quot;,&quot;step_previous_label&quot;:&quot;Previous&quot;,&quot;step_type&quot;:&quot;number_text&quot;,&quot;step_icon_shape&quot;:&quot;circle&quot;}\" data-widget_type=\"form.default\">\n\t\t\t\t<div class=\"elementor-widget-container\">\n\t\t\t\t\t\t\t<form class=\"elementor-form\" method=\"post\" name=\"Mailchimp\" aria-label=\"Mailchimp\">\n\t\t\t<input type=\"hidden\" name=\"post_id\" value=\"11903\"\/>\n\t\t\t<input type=\"hidden\" name=\"form_id\" value=\"c7cb7c8\"\/>\n\t\t\t<input type=\"hidden\" name=\"referer_title\" value=\"\" \/>\n\n\t\t\t\n\t\t\t<div class=\"elementor-form-fields-wrapper elementor-labels-\">\n\t\t\t\t\t\t\t\t<div class=\"elementor-field-type-email elementor-field-group elementor-column elementor-field-group-email elementor-col-80 elementor-field-required\">\n\t\t\t\t\t\t\t\t\t\t\t\t<label for=\"form-field-email\" class=\"elementor-field-label elementor-screen-only\">\n\t\t\t\t\t\t\t\tEmail\t\t\t\t\t\t\t<\/label>\n\t\t\t\t\t\t\t\t\t\t\t\t\t\t<input size=\"1\" type=\"email\" name=\"form_fields[email]\" id=\"form-field-email\" class=\"elementor-field elementor-size-lg  elementor-field-textual\" placeholder=\"Email\" required=\"required\">\n\t\t\t\t\t\t\t\t\t\t\t<\/div>\n\t\t\t\t\t\t\t\t<div class=\"elementor-field-group elementor-column elementor-field-type-submit elementor-col-20 e-form__buttons\">\n\t\t\t\t\t<button class=\"elementor-button elementor-size-md\" type=\"submit\">\n\t\t\t\t\t\t<span class=\"elementor-button-content-wrapper\">\n\t\t\t\t\t\t\t\t\t\t\t\t\t\t\t\t\t\t\t\t\t\t<span class=\"elementor-button-text\">SUBSCRIBE<\/span>\n\t\t\t\t\t\t\t\t\t\t\t\t\t<\/span>\n\t\t\t\t\t<\/button>\n\t\t\t\t<\/div>\n\t\t\t<\/div>\n\t\t<\/form>\n\t\t\t\t\t\t<\/div>\n\t\t\t\t<\/div>\n\t\t\t\t<div class=\"elementor-element elementor-element-a0f73a4 elementor-widget elementor-widget-text-editor\" data-id=\"a0f73a4\" data-element_type=\"widget\" data-e-type=\"widget\" data-widget_type=\"text-editor.default\">\n\t\t\t\t<div class=\"elementor-widget-container\">\n\t\t\t\t\t\t\t\t\t<p>Ich bin damit einverstanden, dass die Firma Piskar LITERAM d.o.o. diese Daten zum Zwecke der Zusendung von Informationen per E-Mail verwenden (Wir informieren Sie \u00fcber LITERAM Produkte und Dienstleistungen rund um die Gesundheit Ihrer Haare.) Ihre Einwilligung k\u00f6nnen Sie jederzeit schriftlich per E-Mail an piskar@literam widerrufen. Netz. Zweck der Zusendung werden auch n\u00fctzliche Tipps f\u00fcr sch\u00f6neres und ges\u00fcnderes Haar sein.<\/p>\t\t\t\t\t\t\t\t<\/div>\n\t\t\t\t<\/div>\n\t\t\t\t\t<\/div>\n\t\t<\/div>\n\t\t\t\t\t<\/div>\n\t\t<\/section>\n\t\t\t\t<\/div>\n\t\t","protected":false},"excerpt":{"rendered":"<p>Kostenlose Beratung Wir haben bereits das Haar von mehr als 5.000 Menschen restauriert und k\u00f6nnen es sicherlich auch f\u00fcr Sie restaurieren. Melden Sie sich f\u00fcr ein kostenloses Beratungsgespr\u00e4ch an, bei dem wir Sie ganz individuell und ganzheitlich behandeln! Schon vor Ihrer Anmeldung geben wir Ihnen eine 100%ige ERFOLGSGARANTIE! Folgen Sie im Folgenden den Fragen und [&hellip;]<\/p>\n","protected":false},"author":5,"featured_media":0,"parent":0,"menu_order":0,"comment_status":"closed","ping_status":"closed","template":"","meta":{"footnotes":""},"class_list":["post-11903","page","type-page","status-publish","hentry"],"blocksy_meta":{"styles_descriptor":{"styles":{"desktop":"","tablet":"","mobile":""},"google_fonts":[],"version":6}},"_links":{"self":[{"href":"https:\/\/www.literam.net\/de\/wp-json\/wp\/v2\/pages\/11903","targetHints":{"allow":["GET"]}}],"collection":[{"href":"https:\/\/www.literam.net\/de\/wp-json\/wp\/v2\/pages"}],"about":[{"href":"https:\/\/www.literam.net\/de\/wp-json\/wp\/v2\/types\/page"}],"author":[{"embeddable":true,"href":"https:\/\/www.literam.net\/de\/wp-json\/wp\/v2\/users\/5"}],"replies":[{"embeddable":true,"href":"https:\/\/www.literam.net\/de\/wp-json\/wp\/v2\/comments?post=11903"}],"version-history":[{"count":2,"href":"https:\/\/www.literam.net\/de\/wp-json\/wp\/v2\/pages\/11903\/revisions"}],"predecessor-version":[{"id":11982,"href":"https:\/\/www.literam.net\/de\/wp-json\/wp\/v2\/pages\/11903\/revisions\/11982"}],"wp:attachment":[{"href":"https:\/\/www.literam.net\/de\/wp-json\/wp\/v2\/media?parent=11903"}],"curies":[{"name":"wp","href":"https:\/\/api.w.org\/{rel}","templated":true}]}}