{"id":8311,"date":"2022-02-24T15:26:10","date_gmt":"2022-02-24T14:26:10","guid":{"rendered":"https:\/\/www.literam.net\/opis-literam-antiage-nege\/"},"modified":"2022-06-19T21:54:54","modified_gmt":"2022-06-19T19:54:54","slug":"opis-literam-antiage-nege","status":"publish","type":"page","link":"https:\/\/www.literam.net\/de\/opis-literam-antiage-nege\/","title":{"rendered":"OPIS LITERAM ANTIAGE NEGE"},"content":{"rendered":"\t\t<div data-elementor-type=\"wp-page\" data-elementor-id=\"8311\" class=\"elementor elementor-8311 elementor-4542\" data-elementor-post-type=\"page\">\n\t\t\t\t\t\t<section class=\"elementor-section elementor-top-section elementor-element elementor-element-7d1ba62 ct-section-stretched elementor-section-height-min-height elementor-section-items-bottom elementor-section-boxed elementor-section-height-default\" data-id=\"7d1ba62\" data-element_type=\"section\" data-e-type=\"section\" data-settings=\"{&quot;jet_parallax_layout_list&quot;:[],&quot;background_background&quot;:&quot;classic&quot;}\">\n\t\t\t\t\t\t\t<div class=\"elementor-background-overlay\"><\/div>\n\t\t\t\t\t\t\t<div class=\"elementor-container elementor-column-gap-default\">\n\t\t\t\t\t<div class=\"elementor-column elementor-col-100 elementor-top-column elementor-element elementor-element-1b8af3c\" data-id=\"1b8af3c\" data-element_type=\"column\" data-e-type=\"column\">\n\t\t\t<div class=\"elementor-widget-wrap elementor-element-populated\">\n\t\t\t\t\t\t<div class=\"elementor-element elementor-element-5e908f8 elementor-widget elementor-widget-heading\" data-id=\"5e908f8\" data-element_type=\"widget\" data-e-type=\"widget\" data-widget_type=\"heading.default\">\n\t\t\t\t<div class=\"elementor-widget-container\">\n\t\t\t\t\t<h2 class=\"elementor-heading-title elementor-size-default\">OPIS LITERAM ANTIAGE NEGE<\/h2>\t\t\t\t<\/div>\n\t\t\t\t<\/div>\n\t\t\t\t\t<\/div>\n\t\t<\/div>\n\t\t\t\t\t<\/div>\n\t\t<\/section>\n\t\t\t\t<section class=\"elementor-section elementor-top-section elementor-element elementor-element-c0aa359 elementor-section-boxed elementor-section-height-default elementor-section-height-default\" data-id=\"c0aa359\" data-element_type=\"section\" data-e-type=\"section\" data-settings=\"{&quot;jet_parallax_layout_list&quot;:[]}\">\n\t\t\t\t\t\t<div class=\"elementor-container elementor-column-gap-default\">\n\t\t\t\t\t<div class=\"elementor-column elementor-col-100 elementor-top-column elementor-element elementor-element-52fa6ab\" data-id=\"52fa6ab\" data-element_type=\"column\" data-e-type=\"column\">\n\t\t\t<div class=\"elementor-widget-wrap elementor-element-populated\">\n\t\t\t\t\t\t<div class=\"elementor-element elementor-element-fbe2a6d elementor-widget elementor-widget-jet-breadcrumbs\" data-id=\"fbe2a6d\" data-element_type=\"widget\" data-e-type=\"widget\" data-widget_type=\"jet-breadcrumbs.default\">\n\t\t\t\t<div class=\"elementor-widget-container\">\n\t\t\t\t\t<div class=\"elementor-jet-breadcrumbs jet-blocks\">\n\t\t<div class=\"jet-breadcrumbs\">\n\t\t<div class=\"jet-breadcrumbs__content\">\n\t\t<div class=\"jet-breadcrumbs__wrap\"><div class=\"jet-breadcrumbs__item\"><a href=\"https:\/\/www.literam.net\/de\/\" class=\"jet-breadcrumbs__item-link is-home\" rel=\"home\" title=\"Domov\">Domov<\/a><\/div>\n\t\t<\/div>\n\t\t<\/div>\n\t\t<\/div><\/div>\t\t\t\t<\/div>\n\t\t\t\t<\/div>\n\t\t\t\t\t<\/div>\n\t\t<\/div>\n\t\t\t\t\t<\/div>\n\t\t<\/section>\n\t\t\t\t<section class=\"elementor-section elementor-top-section elementor-element elementor-element-6f12758 elementor-section-boxed elementor-section-height-default elementor-section-height-default\" data-id=\"6f12758\" data-element_type=\"section\" data-e-type=\"section\" data-settings=\"{&quot;jet_parallax_layout_list&quot;:[]}\">\n\t\t\t\t\t\t<div class=\"elementor-container elementor-column-gap-default\">\n\t\t\t\t\t<div class=\"elementor-column elementor-col-100 elementor-top-column elementor-element elementor-element-0192052\" data-id=\"0192052\" data-element_type=\"column\" data-e-type=\"column\">\n\t\t\t<div class=\"elementor-widget-wrap elementor-element-populated\">\n\t\t\t\t\t\t<div class=\"elementor-element elementor-element-41ade3c elementor-widget elementor-widget-text-editor\" data-id=\"41ade3c\" data-element_type=\"widget\" data-e-type=\"widget\" data-widget_type=\"text-editor.default\">\n\t\t\t\t<div class=\"elementor-widget-container\">\n\t\t\t\t\t\t\t\t\t<p>LITERAM ANTIAGE NEGO priporo\u010damo vsem, ki niso zadovoljni s svojimi lasmi. Pa naj si gre za izsu\u0161ene lase, prepletajo\u010de lase, mastne lase ali lase \u00bbbrez \u017eivljenja\u00ab in potrebnega leska. Nujno jo priporo\u010damo tudi vsem, ki imate te\u017eavo z obstojnostjo pri\u010deske in si zaradi tega prepogosto umivate lase.<\/p><p><strong>Med postopkom ANTIAGE NEGE poskrbimo, da va\u0161im lasem povrnemo materiale, ki so njim naravni ( keratin), s \u010dimer dobijo lasje ponovno gladkost, pro\u017enost, naravni lesk in izgubljeno vlago. Po doma\u010de, lasem vrnemo \u017dIVLJENJE. <\/strong>To dose\u017eemo z antiage nego oziroma <em>vplivom na vrhnje plasti las<\/em>, nikakor pa ne moremo z antiage nego posegati v globino lasu in ga graditi. Ko so va\u0161i lasje resni\u010dno mo\u010dno uni\u010deni, kar najla\u017eje presodi frizer\/terapevt kar sam, pa priporo\u010damo LITERAM TERAPIJO.<\/p><p><strong>RAZLIKA MED LITERAM TERAPIJO IN LITERAM ANTIAGE NEGO?\u00a0 <\/strong><\/p><p>Razlika med <strong><u>LITERAM TERAPIJO<\/u><\/strong> in LITERAM ANTIAGE NEGO je v tem, da se u\u010dinki pridobljeni z LITERAM ANTIAGE NEGO po nekaj umivanjih izperejo, medtem, ko so u\u010dinki LITERAM TERAPIJE trajni. Zaradi tega ponavljanje ANTIAGE NEGE priporo\u010damo na vsake 3 tedne, da dose\u017eemo iste rezultate, medtem, ko se ponavljanje LITERAM TERAPIJE pozna na laseh kot dodatna nadgraditev lasu.<\/p><p>Za\u010deten efekt ANTIAGE NEGE in LITERAM TERAPIJE je zelo podoben, s tem, da lahko z LITERAM TERAPIJO na dolgi rok naredimo bistveno ve\u010dje razlike oziroma globinske vplive na strukturo las. <strong>Z LITERAM ANTIAGE NEGO pa poskrbimo za zdrav izgled las, torej se u\u010dinki ne poznajo globinsko ampak na vrhnjih plasteh las. <\/strong><\/p><p><em>Primer: \u017denski, ki ima sicer zdrave lase, so ji pa morje, sol, sonce ali suh zrak na\u010deli povrhnjico lasu in se ta tudi ne sveti ve\u010d, lasje pa se med drugim tudi vozlajo in jih je te\u017eko raz\u010desati, tak\u0161ni lastnici las bi vsekakor priporo\u010dili LITERAM ANTIAGE NEGO. <\/em><\/p><p><em>\u017denski, ki ima globinsko po\u0161kodovane lase ( tanj\u0161e konice, izpadanje las, suhi lasje, lasje, ki ne dose\u017eejo dol\u017eine) poleg tega pa je tudi poletje naredilo slab vpliv na lase, tak\u0161ni lastnici las bi vsekakor nujno priporo\u010dali LITERAM TERAPIJO, saj ne gre ve\u010d za estetiko ampak \u017ee za problem.<\/em><\/p>\t\t\t\t\t\t\t\t<\/div>\n\t\t\t\t<\/div>\n\t\t\t\t\t<\/div>\n\t\t<\/div>\n\t\t\t\t\t<\/div>\n\t\t<\/section>\n\t\t\t\t<section class=\"elementor-section elementor-top-section elementor-element elementor-element-7d413cfb ct-section-stretched elementor-section-full_width elementor-section-height-default elementor-section-height-default\" data-id=\"7d413cfb\" data-element_type=\"section\" data-e-type=\"section\" data-settings=\"{&quot;jet_parallax_layout_list&quot;:[],&quot;background_background&quot;:&quot;classic&quot;}\">\n\t\t\t\t\t\t<div class=\"elementor-container elementor-column-gap-no\">\n\t\t\t\t\t<div class=\"elementor-column elementor-col-100 elementor-top-column elementor-element elementor-element-3fe99893\" data-id=\"3fe99893\" data-element_type=\"column\" data-e-type=\"column\">\n\t\t\t<div class=\"elementor-widget-wrap elementor-element-populated\">\n\t\t\t\t\t\t<div class=\"elementor-element elementor-element-1f9e5acf elementor-widget elementor-widget-heading\" data-id=\"1f9e5acf\" data-element_type=\"widget\" data-e-type=\"widget\" data-widget_type=\"heading.default\">\n\t\t\t\t<div class=\"elementor-widget-container\">\n\t\t\t\t\t<h2 class=\"elementor-heading-title elementor-size-default\">VEREINBAREN SIE IHRE KOSTENLOSE BERATUNG<\/h2>\t\t\t\t<\/div>\n\t\t\t\t<\/div>\n\t\t\t\t<div class=\"elementor-element elementor-element-2a94c2a1 elementor-align-center elementor-widget elementor-widget-button\" data-id=\"2a94c2a1\" data-element_type=\"widget\" data-e-type=\"widget\" data-widget_type=\"button.default\">\n\t\t\t\t<div class=\"elementor-widget-container\">\n\t\t\t\t\t\t\t\t\t<div class=\"elementor-button-wrapper\">\n\t\t\t\t\t<a class=\"elementor-button elementor-button-link elementor-size-md\" href=\"https:\/\/www.literam.net\/brezplacen-posvet\/\">\n\t\t\t\t\t\t<span class=\"elementor-button-content-wrapper\">\n\t\t\t\t\t\t\t\t\t<span class=\"elementor-button-text\">ICH M\u00d6CHTE EINE KOSTENLOSE BERATUNG<\/span>\n\t\t\t\t\t<\/span>\n\t\t\t\t\t<\/a>\n\t\t\t\t<\/div>\n\t\t\t\t\t\t\t\t<\/div>\n\t\t\t\t<\/div>\n\t\t\t\t\t<\/div>\n\t\t<\/div>\n\t\t\t\t\t<\/div>\n\t\t<\/section>\n\t\t\t\t<\/div>\n\t\t","protected":false},"excerpt":{"rendered":"<p>OPIS LITERAM ANTIAGE NEGE Domov LITERAM ANTIAGE NEGO priporo\u010damo vsem, ki niso zadovoljni s svojimi lasmi. Pa naj si gre za izsu\u0161ene lase, prepletajo\u010de lase, mastne lase ali lase \u00bbbrez \u017eivljenja\u00ab in potrebnega leska. Nujno jo priporo\u010damo tudi vsem, ki imate te\u017eavo z obstojnostjo pri\u010deske in si zaradi tega prepogosto umivate lase. Med postopkom ANTIAGE [&hellip;]<\/p>\n","protected":false},"author":4,"featured_media":0,"parent":0,"menu_order":0,"comment_status":"closed","ping_status":"closed","template":"elementor_header_footer","meta":{"footnotes":""},"class_list":["post-8311","page","type-page","status-publish","hentry"],"blocksy_meta":{"styles_descriptor":{"styles":{"desktop":"","tablet":"","mobile":""},"google_fonts":[],"version":6}},"_links":{"self":[{"href":"https:\/\/www.literam.net\/de\/wp-json\/wp\/v2\/pages\/8311","targetHints":{"allow":["GET"]}}],"collection":[{"href":"https:\/\/www.literam.net\/de\/wp-json\/wp\/v2\/pages"}],"about":[{"href":"https:\/\/www.literam.net\/de\/wp-json\/wp\/v2\/types\/page"}],"author":[{"embeddable":true,"href":"https:\/\/www.literam.net\/de\/wp-json\/wp\/v2\/users\/4"}],"replies":[{"embeddable":true,"href":"https:\/\/www.literam.net\/de\/wp-json\/wp\/v2\/comments?post=8311"}],"version-history":[{"count":0,"href":"https:\/\/www.literam.net\/de\/wp-json\/wp\/v2\/pages\/8311\/revisions"}],"wp:attachment":[{"href":"https:\/\/www.literam.net\/de\/wp-json\/wp\/v2\/media?parent=8311"}],"curies":[{"name":"wp","href":"https:\/\/api.w.org\/{rel}","templated":true}]}}