{"id":7579,"date":"2022-05-28T14:11:15","date_gmt":"2022-05-28T12:11:15","guid":{"rendered":"https:\/\/www.literam.net\/izdelek\/7421\/"},"modified":"2022-06-16T20:29:25","modified_gmt":"2022-06-16T18:29:25","slug":"7421","status":"publish","type":"product","link":"https:\/\/www.literam.net\/de\/izdelek\/7421\/","title":{"rendered":"Lite HERBAL shampoo"},"content":{"rendered":"<p>Sanftes Reinigungsshampoo, das die Oberhautschuppen verschlie\u00dft, trockene und hervorstehende Haarspitzen pflegt und die Haare geschmeidiger und glatter macht.<\/p>\n<p>Wirkt wohltuend auf gereizte Kopfhaut und f\u00f6rdert das Haarwachstum.<\/p>\n<p>Repariert gesch\u00e4digte, stark gef\u00e4rbte Haare mit Hilfe von Keratin. Es macht sie geschmeidiger, flexibler und passt sich dem Styling an.<\/p>\n<p>Stellt Weichheit, Geschmeidigkeit und sch\u00f6ne Locken auf trockenen und steifen lockigen Haaren wieder her.<\/p>\n<h3>VERWENDUNG<\/h3>\n<p>F\u00fcr trockene Haare und trockene Kopfhaut einmal auftragen (falls erforderlich zweimal) und mindestens 3 Minuten einwirken lassen. Anschlie\u00dfend k\u00f6nnen Sie Ihre Haare k\u00e4mmen und waschen.<\/p>\n<p>F\u00fcr fettige Kopfhaut oder extrem fettige Kopfhaut und trockene Haare in Kombination mit OIL CONTROL VITAL- oder EXTRA GENTLE-Shampoo verwenden. Tragen Sie das OIL CONTROL VITAL- oder EXTRA GENTLE-Shampoo an den Wurzeln und das HERBAL-Shampoo in voller L\u00e4nge auf und lassen Sie es mindestens 3 Minuten einwirken. Anschlie\u00dfend k\u00f6nnen Sie Ihre Haare k\u00e4mmen und waschen.<\/p>\n<h3>WAS SIND DIE PRODUKT-VORTEILE?<\/h3>\n<ul>\n<li>Saubere, glatte und gl\u00e4nzende Haare, das sich trotz seiner festen Struktur weich anf\u00fchlt.<\/li>\n<li>Nat\u00fcrlich lockige und trockene Haare werden mit Feuchtigkeit versorgt und anpassungsf\u00e4higer, die Locken werden flexibel.<\/li>\n<li>Haare und Follikel sind nicht belastet. Der Haarwuchs verbessert sich.<\/li>\n<li>Die Haare sind vitaler und anpassungsf\u00e4higer.<\/li>\n<li>Je nach Styling k\u00f6nnen wir dieses Shampoo verwenden, um mehr Volumen oder glattere Haare mit weniger Volumen zu erzielen.<\/li>\n<\/ul>\n<h3>DAS LITE HERBAL SHAMPOO IST F\u00dcR DIE FOLGENDEN HAARTYPEN UND HAARSTILEN GEEIGNET<\/h3>\n<ul>\n<li>Gesch\u00e4digte Haare nach harten Behandlungen, die mehr Flexibilit\u00e4t erfordern.<\/li>\n<li>Lange Haar und trockene Kopfhaut (Geschmeidigkeit, Glanz, Wachstum).<\/li>\n<li>K\u00fcrzere Haare nach harten Behandlungen &#8211; F\u00e4rbung.<\/li>\n<li>Lockige Haare und trockene Kopfhaut.<\/li>\n<li>Sehr dicke und trockene Haare ohne zus\u00e4tzliches Volumen.<\/li>\n<\/ul>\n<h3>GEBRAUCHSANLEITUNG F\u00dcR DIE LITE SHAMPOOS?<\/h3>\n<p>Sp\u00fclen Sie die Haare mit Wasser aus, wringen Sie sie aus und heben Sie sie \u00fcber die Kopfhaut. Tragen Sie das Shampoo an mehreren Stellen direkt auf die Kopfhaut auf und massieren Sie es in kreisenden Bewegungen in die Kopfhaut ein. Achten Sie darauf, die Haare nicht zu flechten. Einige Minuten einwirken lassen (mindestens 3 Minuten) und danach auswaschen. Sie k\u00f6nnen Ihre Haare auswringen oder mit einem Handtuch Wasser aus Ihren Haaren aufsaugen.<\/p>\n<h3>EIN ERG\u00c4NZENDES PRODUKT, DAS SIE BRAUCHEN: LITE KERACARE<\/h3>\n<p>Um Ihr Haar nach dem Waschen mit LITE-Shampoos zu sch\u00fctzen, es sch\u00f6ner zu machen und das Styling zu vereinfachen, empfehlen LITERAM-Therapeuten die Verwendung von LITE KERACARE.<\/p>\n<p><img fetchpriority=\"high\" decoding=\"async\" class=\"size-full wp-image-4491\" src=\"https:\/\/www.literam.net\/wp-content\/uploads\/2018\/07\/Untitled-design.jpg\" alt=\"\" width=\"800\" height=\"1000\" title=\"\"><\/p>\n","protected":false},"excerpt":{"rendered":"<p>F\u00fcr trockene und extrem dehydrierte Haare nach intensiven Behandlungen. Die pflegenden Inhaltsstoffe n\u00e4hren und pflegen strapazierte und trockene Haare und machen es glatt, weicher und gl\u00e4nzender.<\/p>\n","protected":false},"featured_media":12645,"comment_status":"closed","ping_status":"closed","template":"","meta":[],"product_brand":[],"product_cat":[349],"product_tag":[],"class_list":{"0":"post-7579","1":"product","2":"type-product","3":"status-publish","4":"has-post-thumbnail","6":"product_cat-shampoos-de","8":"first","9":"instock","10":"shipping-taxable","11":"purchasable","12":"product-type-variable"},"_links":{"self":[{"href":"https:\/\/www.literam.net\/de\/wp-json\/wp\/v2\/product\/7579","targetHints":{"allow":["GET"]}}],"collection":[{"href":"https:\/\/www.literam.net\/de\/wp-json\/wp\/v2\/product"}],"about":[{"href":"https:\/\/www.literam.net\/de\/wp-json\/wp\/v2\/types\/product"}],"replies":[{"embeddable":true,"href":"https:\/\/www.literam.net\/de\/wp-json\/wp\/v2\/comments?post=7579"}],"wp:featuredmedia":[{"embeddable":true,"href":"https:\/\/www.literam.net\/de\/wp-json\/wp\/v2\/media\/12645"}],"wp:attachment":[{"href":"https:\/\/www.literam.net\/de\/wp-json\/wp\/v2\/media?parent=7579"}],"wp:term":[{"taxonomy":"product_brand","embeddable":true,"href":"https:\/\/www.literam.net\/de\/wp-json\/wp\/v2\/product_brand?post=7579"},{"taxonomy":"product_cat","embeddable":true,"href":"https:\/\/www.literam.net\/de\/wp-json\/wp\/v2\/product_cat?post=7579"},{"taxonomy":"product_tag","embeddable":true,"href":"https:\/\/www.literam.net\/de\/wp-json\/wp\/v2\/product_tag?post=7579"}],"curies":[{"name":"wp","href":"https:\/\/api.w.org\/{rel}","templated":true}]}}