{"id":8068,"date":"2022-06-16T13:17:08","date_gmt":"2022-06-16T11:17:08","guid":{"rendered":"https:\/\/www.literam.net\/izdelek\/lite-extra-gentle-shampoo-foam-za-najneznejsa-lasisca-in-pogosto-umivanje-las\/"},"modified":"2022-06-16T20:46:32","modified_gmt":"2022-06-16T18:46:32","slug":"lite-extra-gentle-shampoo-foam-za-najneznejsa-lasisca-in-pogosto-umivanje-las","status":"publish","type":"product","link":"https:\/\/www.literam.net\/de\/izdelek\/lite-extra-gentle-shampoo-foam-za-najneznejsa-lasisca-in-pogosto-umivanje-las\/","title":{"rendered":"Lite extra gentle shampoo foam"},"content":{"rendered":"<p>Das pflegende Schaumshampoo reinigt schonend auch extrem empfindliche Kopfhaut. Empfohlen f\u00fcr die empfindlichste Kopfhaut und Kopfhaut mit wenigen Haaren.<\/p>\n<p>Gr\u00fcndliche Reinigung der Kopfhaut wo gelegentlich Anomalien auftreten, wie z.B. milderen F\u00e4llen von Schuppen.<\/p>\n<p>Normalisiert die Kopfhautfunktion.<\/p>\n<p>Schafft gute Bedingungen f\u00fcr den Haarwuchs.<\/p>\n<p>St\u00e4rkt den Haarschaft und h\u00e4lt ihn fest.<\/p>\n<h3>WIE IST DAS PRODUKT ANZUWENDEN?<\/h3>\n<ul>\n<li>Einzeln auf nat\u00fcrlichen (nicht gef\u00e4rbtem) kurzen Haaren (f\u00fcr M\u00e4nner, Frauen und Kinder).<\/li>\n<li>Auf Haare und Kopfhaut auftragen, mindestens 3 Minuten einwirken lassen. Danach k\u00f6nnen Sie Ihre Haare k\u00e4mmen und waschen.<\/li>\n<li>Es ist nicht notwendig, Ihre Haare zweimal zu waschen, au\u00dfer in Ausnahmef\u00e4llen.<\/li>\n<\/ul>\n<h3>WAS SIND DIE PRODUKT-VORTEILE?<\/h3>\n<p>Beruhigende Wirkung auf die Kopfhaut.<\/p>\n<p>Gesunde und kr\u00e4ftige Haare.<\/p>\n<p>Bessere Bedingungen f\u00fcr den Haarwuchs.<\/p>\n<p>Ideal f\u00fcr die empfindlichste Kopfhaut, da sich der Schaum nicht \u00fcber die Kopfhaut ausbreitet und die Augen nicht reizt.<\/p>\n<p>Das Schaumshampoo sch\u00fctzt den Haarschaft vor dem Abnutzungsprozess und reduziert Irritationen der Kopfhaut.<\/p>\n<p><img fetchpriority=\"high\" decoding=\"async\" class=\"alignnone size-full wp-image-4535\" src=\"https:\/\/www.literam.net\/wp-content\/uploads\/2018\/07\/Untitled-design-3.jpg\" alt=\"\" width=\"800\" height=\"1000\" title=\"\"><\/p>\n","protected":false},"excerpt":{"rendered":"<p>Das pflegende Shampoo reinigt und pflegt sanft die Haare und wirkt wohltuend auf die Kopfhaut. Es ist zum h\u00e4ufigen Waschen der Haare geeignet. Empfohlen f\u00fcr empfindliche Kopfhaut und Kopfhaut mit wenigen Haaren. Reizt die Augen nicht.<\/p>\n","protected":false},"featured_media":12640,"comment_status":"closed","ping_status":"closed","template":"","meta":[],"product_brand":[],"product_cat":[349],"product_tag":[],"class_list":{"0":"post-8068","1":"product","2":"type-product","3":"status-publish","4":"has-post-thumbnail","6":"product_cat-shampoos-de","8":"first","9":"instock","10":"shipping-taxable","11":"purchasable","12":"product-type-simple"},"_links":{"self":[{"href":"https:\/\/www.literam.net\/de\/wp-json\/wp\/v2\/product\/8068","targetHints":{"allow":["GET"]}}],"collection":[{"href":"https:\/\/www.literam.net\/de\/wp-json\/wp\/v2\/product"}],"about":[{"href":"https:\/\/www.literam.net\/de\/wp-json\/wp\/v2\/types\/product"}],"replies":[{"embeddable":true,"href":"https:\/\/www.literam.net\/de\/wp-json\/wp\/v2\/comments?post=8068"}],"wp:featuredmedia":[{"embeddable":true,"href":"https:\/\/www.literam.net\/de\/wp-json\/wp\/v2\/media\/12640"}],"wp:attachment":[{"href":"https:\/\/www.literam.net\/de\/wp-json\/wp\/v2\/media?parent=8068"}],"wp:term":[{"taxonomy":"product_brand","embeddable":true,"href":"https:\/\/www.literam.net\/de\/wp-json\/wp\/v2\/product_brand?post=8068"},{"taxonomy":"product_cat","embeddable":true,"href":"https:\/\/www.literam.net\/de\/wp-json\/wp\/v2\/product_cat?post=8068"},{"taxonomy":"product_tag","embeddable":true,"href":"https:\/\/www.literam.net\/de\/wp-json\/wp\/v2\/product_tag?post=8068"}],"curies":[{"name":"wp","href":"https:\/\/api.w.org\/{rel}","templated":true}]}}