{"id":8080,"date":"2022-05-28T13:46:07","date_gmt":"2022-05-28T11:46:07","guid":{"rendered":"https:\/\/www.literam.net\/izdelek\/lite-vital-shampoo-foam-za-tanke-lase-mastno-in-obcutljivo-lasisce\/"},"modified":"2022-06-16T21:12:51","modified_gmt":"2022-06-16T19:12:51","slug":"lite-vital-shampoo-foam-za-tanke-lase-mastno-in-obcutljivo-lasisce","status":"publish","type":"product","link":"https:\/\/www.literam.net\/de\/izdelek\/lite-vital-shampoo-foam-za-tanke-lase-mastno-in-obcutljivo-lasisce\/","title":{"rendered":"Lite vital shampoo foam"},"content":{"rendered":"<p>Das auf Seifenbasis hergestellte Pflegeshampoo wirkt hervorragend revitalisierend und festigend auf die Kopfhaut und den Haarwuchs.<\/p>\n<p>Zerst\u00f6rt \u00fcberentwickelte Bakterien, die auf der Kopfhaut auftreten.<\/p>\n<p>Erh\u00f6ht das Haarvolumen und schlie\u00dft die Oberhautschuppen.<\/p>\n<p>Entfettet extrem fettige Kopfhaut und verursacht keine Reizungen.<\/p>\n<p>Auch zum Waschen von Kinderhaaren geeignet.<\/p>\n<h3>WIE IST DAS PRODUKT ANZUWENDEN?<\/h3>\n<ul>\n<li>Einzeln auf nat\u00fcrlichen (nicht gef\u00e4rbtem) kurzen Haaren (f\u00fcr M\u00e4nner, Frauen und Kinder).<\/li>\n<li>In Kombination mit anderen LITE-Shampoos zum zweiten Waschen, wenn die Kopfhaut extrem fettig ist.<\/li>\n<li>Kombinationen: Das VITAL-Shampoo an den Wurzeln einzeln oder in Kombination mit dem HERBAL-Shampoo an den Haarspitzen.<\/li>\n<li>F\u00fcr extrem fettige Kopfhaut und d\u00fcnne Haare, um volumin\u00f6sere und kr\u00e4ftigere Haare zu erhalten, in Kombination mit dem OIL CONTROL f\u00fcr die erste W\u00e4sche und dem VITAL FOAM Shampoo f\u00fcr die zweite W\u00e4sche verwenden.<\/li>\n<\/ul>\n<h3>WAS SIND DIE PRODUKT-VORTEILE?<\/h3>\n<ul>\n<li>Die Kopfhaut wird weniger fettig, die H\u00e4ufigkeit des Waschens nimmt ab.<\/li>\n<li>Die Kopfhaut ist weniger belastet, das Haarwachstum verbessert sich.<\/li>\n<li>Die Haarqualit\u00e4t bleibt erhalten.<\/li>\n<li>Das Haarvolumen nimmt zu, das Haar wird kr\u00e4ftiger und l\u00e4sst sich besser stylen. Frisur ist best\u00e4ndiger.<\/li>\n<\/ul>\n<h3>DAS LITE VITAL SHAMPOO IST F\u00dcR DIE FOLGENDEN HAARTYPEN UND HAARSTILEN GEEIGNET<\/h3>\n<p>F\u00fcr D\u00dcNNE K\u00dcRZERE HAARE um mehr Volumen und schnelleres Haarwachstum (in Kombination mit dem Shampoo VITAL und dem Shampoo OIL CONTROL) zu verschaffen;<\/p>\n<p>f\u00fcr M\u00c4NNER, schnelleres Haarwachstum, individuelle Anwendung;<\/p>\n<p>f\u00fcr STARKE HAARE (FETTIGERE HAARSTRUKTUR), das an den Wurzeln schnell fettig wird, w\u00e4hrend die Spitzen dehydriert werden. Dieses Shampoo wirkt beruhigend auf die Talgdr\u00fcsen (in Kombination mit dem VITAL- oder dem HERBAL-Shampoo).<\/p>\n<p>Geeignet auch f\u00fcr Kopfhaut mit wenigen Haaren und empfindlicher Kopfhaut, da Schaum nicht \u00fcber die Kopfhaut verteilt wird und reizt die Augen nicht.<\/p>\n<p>&nbsp;<\/p>\n<p><img fetchpriority=\"high\" decoding=\"async\" class=\"alignnone size-full wp-image-4529\" src=\"https:\/\/www.literam.net\/wp-content\/uploads\/2018\/07\/Untitled-design-2.jpg\" alt=\"\" width=\"800\" height=\"1000\" title=\"\"><\/p>\n","protected":false},"excerpt":{"rendered":"<p>F\u00fcr d\u00fcnne Haare und extrem fettige und empfindliche Kopfhaut. Das Shampoo wird auf Seifenbasis hergestellt und wirkt sich positiv auf die Kopfhaut aus.<\/p>\n","protected":false},"featured_media":12635,"comment_status":"closed","ping_status":"closed","template":"","meta":[],"product_brand":[],"product_cat":[349],"product_tag":[],"class_list":{"0":"post-8080","1":"product","2":"type-product","3":"status-publish","4":"has-post-thumbnail","6":"product_cat-shampoos-de","8":"first","9":"instock","10":"shipping-taxable","11":"purchasable","12":"product-type-simple"},"_links":{"self":[{"href":"https:\/\/www.literam.net\/de\/wp-json\/wp\/v2\/product\/8080","targetHints":{"allow":["GET"]}}],"collection":[{"href":"https:\/\/www.literam.net\/de\/wp-json\/wp\/v2\/product"}],"about":[{"href":"https:\/\/www.literam.net\/de\/wp-json\/wp\/v2\/types\/product"}],"replies":[{"embeddable":true,"href":"https:\/\/www.literam.net\/de\/wp-json\/wp\/v2\/comments?post=8080"}],"wp:featuredmedia":[{"embeddable":true,"href":"https:\/\/www.literam.net\/de\/wp-json\/wp\/v2\/media\/12635"}],"wp:attachment":[{"href":"https:\/\/www.literam.net\/de\/wp-json\/wp\/v2\/media?parent=8080"}],"wp:term":[{"taxonomy":"product_brand","embeddable":true,"href":"https:\/\/www.literam.net\/de\/wp-json\/wp\/v2\/product_brand?post=8080"},{"taxonomy":"product_cat","embeddable":true,"href":"https:\/\/www.literam.net\/de\/wp-json\/wp\/v2\/product_cat?post=8080"},{"taxonomy":"product_tag","embeddable":true,"href":"https:\/\/www.literam.net\/de\/wp-json\/wp\/v2\/product_tag?post=8080"}],"curies":[{"name":"wp","href":"https:\/\/api.w.org\/{rel}","templated":true}]}}