{"id":8142,"date":"2022-05-28T13:37:09","date_gmt":"2022-05-28T11:37:09","guid":{"rendered":"https:\/\/www.literam.net\/izdelek\/literam-krtace-za-oblikovanje-iz-naravnih-scetin\/"},"modified":"2022-06-16T23:26:35","modified_gmt":"2022-06-16T21:26:35","slug":"literam-krtace-za-oblikovanje-iz-naravnih-scetin","status":"publish","type":"product","link":"https:\/\/www.literam.net\/de\/izdelek\/literam-krtace-za-oblikovanje-iz-naravnih-scetin\/","title":{"rendered":"LITERAM STYLING BRUSHES FROM NATURAL BRISTLES"},"content":{"rendered":"<p>Dicke und pr\u00e4zise feste Borsten sorgen f\u00fcr guten Halt und Styling. Sie verhindern Kratzen und Kopfhautirritationen und erm\u00f6glichen eine leichte und schonende Beruhigung der Haare. Die B\u00fcrstenborsten erhitzen sich<\/p>\n<p>genauso schnell und stark wie Ihr Haar, so sorgen die B\u00fcrsten daf\u00fcr, dass es beim Stylen nicht zu thermischen Sch\u00e4den kommt.<\/p>\n<p>Sie k\u00f6nnen aus folgenden Pinseln w\u00e4hlen:<\/p>\n<p>\/\/ F\u00fcr kurzes Haar oder feinere Locken<br \/>\n\/\/ F\u00fcr mittellanges Haar und feine Locken<br \/>\n\/\/ F\u00fcr l\u00e4ngeres Haar und definierte Locken<br \/>\n\/\/ F\u00fcr l\u00e4ngeres Haar und glattere Frisuren<\/p>\n","protected":false},"excerpt":{"rendered":"<p>Die Sicherstellung minimaler Haarsch\u00e4den w\u00e4hrend des Stylings ist die Grundlage f\u00fcr die Erhaltung gesunder Haare. LITERAM Rundb\u00fcrsten aus Naturborsten sorgen daf\u00fcr, dass beim Trocknen und Stylen so wenig Schaden wie m\u00f6glich entsteht.<\/p>\n","protected":false},"featured_media":7394,"comment_status":"closed","ping_status":"closed","template":"","meta":[],"product_brand":[],"product_cat":[351],"product_tag":[],"class_list":{"0":"post-8142","1":"product","2":"type-product","3":"status-publish","4":"has-post-thumbnail","6":"product_cat-styling-de","7":"pa_premer-15-cm-de","8":"pa_premer-35-cm-de","9":"pa_premer-5-cm-de","10":"pa_premer-7-cm-de","12":"first","13":"instock","14":"shipping-taxable","15":"purchasable","16":"product-type-variable"},"_links":{"self":[{"href":"https:\/\/www.literam.net\/de\/wp-json\/wp\/v2\/product\/8142","targetHints":{"allow":["GET"]}}],"collection":[{"href":"https:\/\/www.literam.net\/de\/wp-json\/wp\/v2\/product"}],"about":[{"href":"https:\/\/www.literam.net\/de\/wp-json\/wp\/v2\/types\/product"}],"replies":[{"embeddable":true,"href":"https:\/\/www.literam.net\/de\/wp-json\/wp\/v2\/comments?post=8142"}],"wp:featuredmedia":[{"embeddable":true,"href":"https:\/\/www.literam.net\/de\/wp-json\/wp\/v2\/media\/7394"}],"wp:attachment":[{"href":"https:\/\/www.literam.net\/de\/wp-json\/wp\/v2\/media?parent=8142"}],"wp:term":[{"taxonomy":"product_brand","embeddable":true,"href":"https:\/\/www.literam.net\/de\/wp-json\/wp\/v2\/product_brand?post=8142"},{"taxonomy":"product_cat","embeddable":true,"href":"https:\/\/www.literam.net\/de\/wp-json\/wp\/v2\/product_cat?post=8142"},{"taxonomy":"product_tag","embeddable":true,"href":"https:\/\/www.literam.net\/de\/wp-json\/wp\/v2\/product_tag?post=8142"}],"curies":[{"name":"wp","href":"https:\/\/api.w.org\/{rel}","templated":true}]}}