{"id":8156,"date":"2022-05-28T13:32:16","date_gmt":"2022-05-28T11:32:16","guid":{"rendered":"https:\/\/www.literam.net\/izdelek\/literam-sponka-vilica-za-spenjanje-las\/"},"modified":"2026-04-01T12:17:05","modified_gmt":"2026-04-01T10:17:05","slug":"literam-sponka-vilica-za-spenjanje-las","status":"publish","type":"product","link":"https:\/\/www.literam.net\/de\/izdelek\/literam-sponka-vilica-za-spenjanje-las\/","title":{"rendered":"LITERAM SPONKA &#8211; VILICA za spenjanje las 3\/1"},"content":{"rendered":"<p>\u010ce \u017eelite zjutraj prihraniti \u010das z oblikovanjem pri\u010deske storite naslednje. Zve\u010der lase pre\u010de\u0161ite z glavo obrnjeno navzdol, po potrebi lase (dol\u017eino, konice) navla\u017eite in osve\u017eite z LITE KERATIN sprejem in jih zavrtite v svitek \u2013 pol\u017e, ki ga s sponko pritrdite na vrhu glave.<\/p>\n<p><strong>ZAKAJ PRIPORO\u010cAMO UPORABO SPONKE ZA LASE?<\/strong> \u010ce vsak ve\u010der spimo na laseh prihaja do drgnjenja najob\u010dutljivej\u0161ih predelov las, kot sta dol\u017eina in konice. Lasje se hitreje izsu\u0161ijo in tanj\u0161ajo.<\/p>\n<p>&nbsp;<\/p>\n<p><strong>Odgovorna oseba:<\/strong> PISKAR LITERAM D.O.O., MI\u0160EVA 1, 1230 DOM\u017dALE, SLOVENIJA,\u00a0PISKAR@LITERAM.NET<\/p>\n","protected":false},"excerpt":{"rendered":"<p>Za ve\u010derno spenjanje dolgih las v svitek (figo) na vrhu glave.<\/p>\n","protected":false},"featured_media":17982,"comment_status":"closed","ping_status":"closed","template":"","meta":[],"product_brand":[],"product_cat":[350],"product_tag":[],"class_list":{"0":"post-8156","1":"product","2":"type-product","3":"status-publish","4":"has-post-thumbnail","6":"product_cat-haarpflege","8":"first","9":"instock","10":"shipping-taxable","11":"purchasable","12":"product-type-simple"},"_links":{"self":[{"href":"https:\/\/www.literam.net\/de\/wp-json\/wp\/v2\/product\/8156","targetHints":{"allow":["GET"]}}],"collection":[{"href":"https:\/\/www.literam.net\/de\/wp-json\/wp\/v2\/product"}],"about":[{"href":"https:\/\/www.literam.net\/de\/wp-json\/wp\/v2\/types\/product"}],"replies":[{"embeddable":true,"href":"https:\/\/www.literam.net\/de\/wp-json\/wp\/v2\/comments?post=8156"}],"wp:featuredmedia":[{"embeddable":true,"href":"https:\/\/www.literam.net\/de\/wp-json\/wp\/v2\/media\/17982"}],"wp:attachment":[{"href":"https:\/\/www.literam.net\/de\/wp-json\/wp\/v2\/media?parent=8156"}],"wp:term":[{"taxonomy":"product_brand","embeddable":true,"href":"https:\/\/www.literam.net\/de\/wp-json\/wp\/v2\/product_brand?post=8156"},{"taxonomy":"product_cat","embeddable":true,"href":"https:\/\/www.literam.net\/de\/wp-json\/wp\/v2\/product_cat?post=8156"},{"taxonomy":"product_tag","embeddable":true,"href":"https:\/\/www.literam.net\/de\/wp-json\/wp\/v2\/product_tag?post=8156"}],"curies":[{"name":"wp","href":"https:\/\/api.w.org\/{rel}","templated":true}]}}