{"id":8175,"date":"2022-05-28T13:16:51","date_gmt":"2022-05-28T11:16:51","guid":{"rendered":"https:\/\/www.literam.net\/izdelek\/lite-strong-styling-gel-spray\/"},"modified":"2022-06-18T22:47:10","modified_gmt":"2022-06-18T20:47:10","slug":"lite-strong-styling-gel-spray","status":"publish","type":"product","link":"https:\/\/www.literam.net\/de\/izdelek\/lite-strong-styling-gel-spray\/","title":{"rendered":"Lite strong styling gel spray"},"content":{"rendered":"<p>Es erm\u00f6glicht die Festigung von nassem und trockenem Haar, dabei erh\u00f6hen die Haltbarkeit von Frisuren.<\/p>\n<p>Die Fixierung von feinem Haar mit geringem Volumen verl\u00e4ngert die Beharrlichkeit der Frisur.<\/p>\n<p>F\u00fcr das endg\u00fcltige Styling wird es auch angewendet, um die Statik oder hervorragende Haare zu stabilisieren. Auf die Handfl\u00e4chen auftragen und sanft die Frisur glatt machen. Das nat\u00fcrliche Aussehen und die Geschmeidigkeit der Haare bleiben erhalten.<\/p>\n<h3>WAS SIND DIE VORTEILE DER VERWENDUNG VON LITE NATURAL SPRAY?<\/h3>\n<p>Best\u00e4ndige Frisur.<\/p>\n<p>Es h\u00e4lt die Haare sauber. Die Haare werden nicht klebrig oder unrein.<\/p>\n<p>Die Haare sind leicht zu k\u00e4mmen.<\/p>\n<p>Es funktioniert gleichzeitig als Haarspray und Haarfestiger.<\/p>\n<p>Erh\u00e4lt die gesunde Haarstruktur. Ist sehr sanft zur Haarstruktur, l\u00e4sst sich mit den schonenden Lite-Pflegeshampoos leicht auswaschen.<\/p>\n<h3>WIE IST DAS PRODUKT ANZUWENDEN?<\/h3>\n<p>Wenn wir Lite Styling Spray auf nasses Haar auftragen, wirkt es als ein Haarfestiger.<\/p>\n<p>Tragen Sie das Spray nach dem Stylen auf das trockene Haar auf, um eine optimale Haltbarkeit der Frisur zu gew\u00e4hrleisten. Das Produkt wirkt als Haarspray.<\/p>\n<p>Es kann f\u00fcr verschiedene Stylings und Haartypen verwendet werden. F\u00fcr feines Haar und k\u00fcrzere Frisuren hilft es, Volumen, Stabilit\u00e4t und Haltbarkeit zu erreichen. Kann auch f\u00fcr m\u00e4nnliche Frisuren verwendet werden, um einen nassen Look zu erzielen (auf die Handfl\u00e4chen auftragen und im Haar verteilen).<\/p>\n<p>Im Winter, wenn die Luft trockener ist und Statik in den Haaren auftritt, k\u00f6nnen wir sie mit diesem Spray stabilisieren.<\/p>\n<p>Die aufgebrachte Menge des Sprays hilft dabei, den Fixierungsgrad und die Best\u00e4ndigkeit einer Frisur zu regulieren.<\/p>\n","protected":false},"excerpt":{"rendered":"<p>Fixierspray, Gelspray. Das Haarspray, das f\u00fcr zahlreiche Zwecke verwendet werden kann und verschiedene Verwendungsmethoden aufweist. Es verbessert die Best\u00e4ndigkeit und die Festigkeit von F\u00f6hnfrisuren. Es ist m\u00f6glich, das Produkt auf nasses oder trockenes Haar aufzutragen.<\/p>\n","protected":false},"featured_media":7366,"comment_status":"closed","ping_status":"closed","template":"","meta":[],"product_brand":[],"product_cat":[351],"product_tag":[],"class_list":{"0":"post-8175","1":"product","2":"type-product","3":"status-publish","4":"has-post-thumbnail","6":"product_cat-styling-de","8":"first","9":"instock","10":"shipping-taxable","11":"purchasable","12":"product-type-simple"},"_links":{"self":[{"href":"https:\/\/www.literam.net\/de\/wp-json\/wp\/v2\/product\/8175","targetHints":{"allow":["GET"]}}],"collection":[{"href":"https:\/\/www.literam.net\/de\/wp-json\/wp\/v2\/product"}],"about":[{"href":"https:\/\/www.literam.net\/de\/wp-json\/wp\/v2\/types\/product"}],"replies":[{"embeddable":true,"href":"https:\/\/www.literam.net\/de\/wp-json\/wp\/v2\/comments?post=8175"}],"wp:featuredmedia":[{"embeddable":true,"href":"https:\/\/www.literam.net\/de\/wp-json\/wp\/v2\/media\/7366"}],"wp:attachment":[{"href":"https:\/\/www.literam.net\/de\/wp-json\/wp\/v2\/media?parent=8175"}],"wp:term":[{"taxonomy":"product_brand","embeddable":true,"href":"https:\/\/www.literam.net\/de\/wp-json\/wp\/v2\/product_brand?post=8175"},{"taxonomy":"product_cat","embeddable":true,"href":"https:\/\/www.literam.net\/de\/wp-json\/wp\/v2\/product_cat?post=8175"},{"taxonomy":"product_tag","embeddable":true,"href":"https:\/\/www.literam.net\/de\/wp-json\/wp\/v2\/product_tag?post=8175"}],"curies":[{"name":"wp","href":"https:\/\/api.w.org\/{rel}","templated":true}]}}