{"id":8179,"date":"2022-05-27T20:14:41","date_gmt":"2022-05-27T18:14:41","guid":{"rendered":"https:\/\/www.literam.net\/izdelek\/lite-styling-light-foam\/"},"modified":"2022-06-18T22:53:41","modified_gmt":"2022-06-18T20:53:41","slug":"lite-styling-light-foam","status":"publish","type":"product","link":"https:\/\/www.literam.net\/de\/izdelek\/lite-styling-light-foam\/","title":{"rendered":"LITE STYLING &#8211; Light foam"},"content":{"rendered":"<p>Verwenden Sie diese Option, um starken Halt und Fixierung zu erzielen. Kann anstelle eines Haargels verwendet werden.<\/p>\n<p>Erh\u00f6ht die Best\u00e4ndigkeit der Frisur.<\/p>\n<p>Macht das Haar weder klebrig noch fettig, w\u00e4hrend es den Halt und die Fixierung erh\u00f6ht.<\/p>\n<p>Das Haar bleibt sauber.<\/p>\n<h3>WAS SIND DIE VORTEILE DER VERWENDUNG VON LITE STYLING FOAM?<\/h3>\n<p>Eine anhaltende Frisur und starke Haare.<\/p>\n<p>Eine vollere Frisur.<\/p>\n<p>Die Haare bleiben sauber.<\/p>\n<p>Erh\u00e4lt die gesunde Haarstruktur.<\/p>\n<h3>WIE IST DAS PRODUKT ANZUWENDEN?<\/h3>\n<p><strong>Vor Gebrauch immer sch\u00fctteln!<\/strong><\/p>\n<p>Tragen Sie vor dem Stylen eine kleinere Menge des Schaums auf die gesamte L\u00e4nge des nassen Haares auf, um es zu fixieren. Die verwendete Menge des Produkts und der Feuchtigkeitsgehalt der Haare vor der Anwendung k\u00f6nnen den Fixierungsgrad beeinflussen. Es wird empfohlen, den Schaum gr\u00fcndlich durchzuk\u00e4mmen, um die besten Ergebnisse zu erzielen.<\/p>\n<p>F\u00fcr das endg\u00fcltige Styling &#8211; nasses Aussehen oder sehr starke Fixierung &#8211; tragen Sie eine kleinere Menge Schaum auf das trockene Haar auf, bevor Sie das Styling beenden.<\/p>\n<p>Dieser Schaum eignet sich auch zum Stylen feinster Haare.<\/p>\n<p>Kann in Kombination mit anderen Pflegeprodukten der LITE-Care-Line Pflegelinie verwendet werden, um ein anderes Ergebnis zu erzielen.<\/p>\n<p>Die Haare, die ein st\u00e4rkeres Styling erfordern, k\u00f6nnen in Kombination mit dem LITE EXTRA STRONG Styling-Schaum verwendet werden, um eine st\u00e4rkere Persistenz und Haltbarkeit zu erzielen.<\/p>\n<p>Kombinieren Sie wie folgt: Tragen Sie den LITE EXTRA STRONG Styling-Schaum an den Wurzeln auf, wo das Haar fester und fettiger ist. Gleichzeitig LITE STYLING Schaum auf die gesamte L\u00e4nge des feineren und trockeneren Haares auftragen.<\/p>\n<p>Verschiedenen Stylings, die mit dem LITE Styling Schaum erzielt werden k\u00f6nnen:<\/p>\n<p>F\u00fcr festige und k\u00fcrzere Haare &#8211; Fixierung, verl\u00e4ngerte Best\u00e4ndigkeit und Auff\u00fcllen der Haare.<\/p>\n<p>F\u00fcr feine Haare und k\u00fcrzere Frisuren &#8211; Volumen, Festigkeit und Best\u00e4ndigkeit.<\/p>\n<p>F\u00fcr mehr Volumen und Best\u00e4ndigkeit f\u00fcr l\u00e4ngere weibliche Frisuren.<\/p>\n<p>Halt und Best\u00e4ndigkeit f\u00fcr m\u00e4nnliche Frisuren.<\/p>\n","protected":false},"excerpt":{"rendered":"<p>Genau das richtige Ma\u00df an Halt und Fixierung auch f\u00fcr d\u00fcnneres, weicheres oder normales Haar. Verschiedene Verwendungszwecke. Auf das nasse Haar auftragen, bevor die Frisuren trockengef\u00f6hnt oder gelockt werden. Zum Stylen k\u00fcrzerer Haare anstelle eines Haargels verwenden. Macht das Haar nicht klebrig oder fettig.<\/p>\n","protected":false},"featured_media":7289,"comment_status":"closed","ping_status":"closed","template":"","meta":[],"product_brand":[],"product_cat":[351],"product_tag":[],"class_list":{"0":"post-8179","1":"product","2":"type-product","3":"status-publish","4":"has-post-thumbnail","6":"product_cat-styling-de","8":"first","9":"instock","10":"shipping-taxable","11":"purchasable","12":"product-type-simple"},"_links":{"self":[{"href":"https:\/\/www.literam.net\/de\/wp-json\/wp\/v2\/product\/8179","targetHints":{"allow":["GET"]}}],"collection":[{"href":"https:\/\/www.literam.net\/de\/wp-json\/wp\/v2\/product"}],"about":[{"href":"https:\/\/www.literam.net\/de\/wp-json\/wp\/v2\/types\/product"}],"replies":[{"embeddable":true,"href":"https:\/\/www.literam.net\/de\/wp-json\/wp\/v2\/comments?post=8179"}],"wp:featuredmedia":[{"embeddable":true,"href":"https:\/\/www.literam.net\/de\/wp-json\/wp\/v2\/media\/7289"}],"wp:attachment":[{"href":"https:\/\/www.literam.net\/de\/wp-json\/wp\/v2\/media?parent=8179"}],"wp:term":[{"taxonomy":"product_brand","embeddable":true,"href":"https:\/\/www.literam.net\/de\/wp-json\/wp\/v2\/product_brand?post=8179"},{"taxonomy":"product_cat","embeddable":true,"href":"https:\/\/www.literam.net\/de\/wp-json\/wp\/v2\/product_cat?post=8179"},{"taxonomy":"product_tag","embeddable":true,"href":"https:\/\/www.literam.net\/de\/wp-json\/wp\/v2\/product_tag?post=8179"}],"curies":[{"name":"wp","href":"https:\/\/api.w.org\/{rel}","templated":true}]}}