{"id":11900,"date":"2022-11-15T09:10:19","date_gmt":"2022-11-15T08:10:19","guid":{"rendered":"https:\/\/www.literam.net\/brezplacen-posvet-zahvala\/"},"modified":"2022-11-15T21:16:50","modified_gmt":"2022-11-15T20:16:50","slug":"brezplacen-posvet-zahvala","status":"publish","type":"page","link":"https:\/\/www.literam.net\/hr\/brezplacen-posvet-zahvala\/","title":{"rendered":"Brezpla\u010den posvet"},"content":{"rendered":"\t\t<div data-elementor-type=\"wp-page\" data-elementor-id=\"11900\" class=\"elementor elementor-11900 elementor-11886\" data-elementor-post-type=\"page\">\n\t\t\t\t\t\t<section class=\"elementor-section elementor-top-section elementor-element elementor-element-33a53e7 ct-section-stretched elementor-section-boxed elementor-section-height-default elementor-section-height-default\" data-id=\"33a53e7\" data-element_type=\"section\" data-e-type=\"section\" data-settings=\"{&quot;jet_parallax_layout_list&quot;:[],&quot;background_background&quot;:&quot;classic&quot;}\">\n\t\t\t\t\t\t<div class=\"elementor-container elementor-column-gap-no\">\n\t\t\t\t\t<div class=\"elementor-column elementor-col-100 elementor-top-column elementor-element elementor-element-e4f25f5\" data-id=\"e4f25f5\" data-element_type=\"column\" data-e-type=\"column\">\n\t\t\t<div class=\"elementor-widget-wrap elementor-element-populated\">\n\t\t\t\t\t\t<div class=\"elementor-element elementor-element-6fb8999 elementor-widget elementor-widget-heading\" data-id=\"6fb8999\" data-element_type=\"widget\" data-e-type=\"widget\" data-widget_type=\"heading.default\">\n\t\t\t\t<div class=\"elementor-widget-container\">\n\t\t\t\t\t<h2 class=\"elementor-heading-title elementor-size-default\">Besplatne konzultacije<\/h2>\t\t\t\t<\/div>\n\t\t\t\t<\/div>\n\t\t\t\t<div class=\"elementor-element elementor-element-bba7a5a elementor-widget elementor-widget-text-editor\" data-id=\"bba7a5a\" data-element_type=\"widget\" data-e-type=\"widget\" data-widget_type=\"text-editor.default\">\n\t\t\t\t<div class=\"elementor-widget-container\">\n\t\t\t\t\t\t\t\t\t<p>Ve\u0107 smo obnovili kosu vi\u0161e od 5000 ljudi, a sigurno je mo\u017eemo obnoviti i vama. Prijavite se na besplatne konzultacije, gdje \u0107emo Vas tretirati potpuno individualno i holisti\u010dki! \u010cak i prije nego \u0161to se prijavite, dajemo vam 100% JAMSTVO USPJEHA!<\/p><p>U nastavku slijedite pitanja i odgovorite na njih kako bismo Vas ili Va\u0161 tip kose bolje upoznali prije dolaska na BESPLATNO SAVJETOVANJE.<\/p>\t\t\t\t\t\t\t\t<\/div>\n\t\t\t\t<\/div>\n\t\t\t\t\t<\/div>\n\t\t<\/div>\n\t\t\t\t\t<\/div>\n\t\t<\/section>\n\t\t\t\t<section class=\"elementor-section elementor-top-section elementor-element elementor-element-af21072 elementor-section-boxed elementor-section-height-default elementor-section-height-default\" data-id=\"af21072\" data-element_type=\"section\" data-e-type=\"section\" data-settings=\"{&quot;jet_parallax_layout_list&quot;:[],&quot;background_background&quot;:&quot;classic&quot;}\">\n\t\t\t\t\t\t<div class=\"elementor-container elementor-column-gap-default\">\n\t\t\t\t\t<div class=\"elementor-column elementor-col-100 elementor-top-column elementor-element elementor-element-fdccb31\" data-id=\"fdccb31\" data-element_type=\"column\" data-e-type=\"column\">\n\t\t\t<div class=\"elementor-widget-wrap elementor-element-populated\">\n\t\t\t\t\t\t<div class=\"elementor-element elementor-element-7998fce elementor-widget elementor-widget-heading\" data-id=\"7998fce\" data-element_type=\"widget\" data-e-type=\"widget\" data-widget_type=\"heading.default\">\n\t\t\t\t<div class=\"elementor-widget-container\">\n\t\t\t\t\t<h2 class=\"elementor-heading-title elementor-size-default\">Prijava za besplatne konzultacije uspje\u0161no je predana<\/h2>\t\t\t\t<\/div>\n\t\t\t\t<\/div>\n\t\t\t\t<div class=\"elementor-element elementor-element-28ef103 elementor-widget elementor-widget-text-editor\" data-id=\"28ef103\" data-element_type=\"widget\" data-e-type=\"widget\" data-widget_type=\"text-editor.default\">\n\t\t\t\t<div class=\"elementor-widget-container\">\n\t\t\t\t\t\t\t\t\t<p>U najkra\u0107em mogu\u0107em roku javit \u0107e vam se LITERAM terapeut koji \u0107e vas uputiti u najbli\u017ei salon na besplatnu analizu kose i vlasi\u0161ta ili \u0107e vam poslati prijedlog njege koja \u0107e va\u0161oj kosi pru\u017eiti najbolje uvjete za zdrav rast i lijepu, za\u0161ti\u0107enu kosu .<\/p>\t\t\t\t\t\t\t\t<\/div>\n\t\t\t\t<\/div>\n\t\t\t\t\t<\/div>\n\t\t<\/div>\n\t\t\t\t\t<\/div>\n\t\t<\/section>\n\t\t\t\t<section class=\"elementor-section elementor-top-section elementor-element elementor-element-7e445fa elementor-section-boxed elementor-section-height-default elementor-section-height-default\" data-id=\"7e445fa\" data-element_type=\"section\" data-e-type=\"section\" data-settings=\"{&quot;jet_parallax_layout_list&quot;:[],&quot;background_background&quot;:&quot;classic&quot;}\">\n\t\t\t\t\t\t<div class=\"elementor-container elementor-column-gap-default\">\n\t\t\t\t\t<div class=\"elementor-column elementor-col-100 elementor-top-column elementor-element elementor-element-6dcea01\" data-id=\"6dcea01\" data-element_type=\"column\" data-e-type=\"column\">\n\t\t\t<div class=\"elementor-widget-wrap elementor-element-populated\">\n\t\t\t\t\t\t<div class=\"elementor-element elementor-element-41fda9c elementor-widget elementor-widget-heading\" data-id=\"41fda9c\" data-element_type=\"widget\" data-e-type=\"widget\" data-widget_type=\"heading.default\">\n\t\t\t\t<div class=\"elementor-widget-container\">\n\t\t\t\t\t<h2 class=\"elementor-heading-title elementor-size-default\">Prijavite se na e-novosti<\/h2>\t\t\t\t<\/div>\n\t\t\t\t<\/div>\n\t\t\t\t<div class=\"elementor-element elementor-element-c7cb7c8 elementor-button-align-stretch elementor-widget elementor-widget-form\" data-id=\"c7cb7c8\" data-element_type=\"widget\" data-e-type=\"widget\" data-settings=\"{&quot;button_width&quot;:&quot;20&quot;,&quot;step_next_label&quot;:&quot;Next&quot;,&quot;step_previous_label&quot;:&quot;Previous&quot;,&quot;step_type&quot;:&quot;number_text&quot;,&quot;step_icon_shape&quot;:&quot;circle&quot;}\" data-widget_type=\"form.default\">\n\t\t\t\t<div class=\"elementor-widget-container\">\n\t\t\t\t\t\t\t<form class=\"elementor-form\" method=\"post\" name=\"Mailchimp\" aria-label=\"Mailchimp\">\n\t\t\t<input type=\"hidden\" name=\"post_id\" value=\"11900\"\/>\n\t\t\t<input type=\"hidden\" name=\"form_id\" value=\"c7cb7c8\"\/>\n\t\t\t<input type=\"hidden\" name=\"referer_title\" value=\"\" \/>\n\n\t\t\t\n\t\t\t<div class=\"elementor-form-fields-wrapper elementor-labels-\">\n\t\t\t\t\t\t\t\t<div class=\"elementor-field-type-email elementor-field-group elementor-column elementor-field-group-email elementor-col-80 elementor-field-required\">\n\t\t\t\t\t\t\t\t\t\t\t\t<label for=\"form-field-email\" class=\"elementor-field-label elementor-screen-only\">\n\t\t\t\t\t\t\t\tEmail\t\t\t\t\t\t\t<\/label>\n\t\t\t\t\t\t\t\t\t\t\t\t\t\t<input size=\"1\" type=\"email\" name=\"form_fields[email]\" id=\"form-field-email\" class=\"elementor-field elementor-size-lg  elementor-field-textual\" placeholder=\"E-adresa\" required=\"required\">\n\t\t\t\t\t\t\t\t\t\t\t<\/div>\n\t\t\t\t\t\t\t\t<div class=\"elementor-field-group elementor-column elementor-field-type-submit elementor-col-20 e-form__buttons\">\n\t\t\t\t\t<button class=\"elementor-button elementor-size-md\" type=\"submit\">\n\t\t\t\t\t\t<span class=\"elementor-button-content-wrapper\">\n\t\t\t\t\t\t\t\t\t\t\t\t\t\t\t\t\t\t\t\t\t\t<span class=\"elementor-button-text\">PRIJAVA<\/span>\n\t\t\t\t\t\t\t\t\t\t\t\t\t<\/span>\n\t\t\t\t\t<\/button>\n\t\t\t\t<\/div>\n\t\t\t<\/div>\n\t\t<\/form>\n\t\t\t\t\t\t<\/div>\n\t\t\t\t<\/div>\n\t\t\t\t<div class=\"elementor-element elementor-element-a0f73a4 elementor-widget elementor-widget-text-editor\" data-id=\"a0f73a4\" data-element_type=\"widget\" data-e-type=\"widget\" data-widget_type=\"text-editor.default\">\n\t\t\t\t<div class=\"elementor-widget-container\">\n\t\t\t\t\t\t\t\t\t<p>Sla\u017eem se da tvrtka Piskar LITERAM d.o.o. koristiti ove podatke u svrhu slanja informacija putem e-maila (Obavijestit \u0107emo vas o LITERAM proizvodima i uslugama za zdravlje va\u0161e kose.) Svoju privolu mo\u017eete povu\u0107i u bilo kojem trenutku pisanim putem e-mailom na piskar@literam. neto. Svrha slanja bit \u0107e i korisni savjeti za ljep\u0161u i zdraviju kosu.<\/p>\t\t\t\t\t\t\t\t<\/div>\n\t\t\t\t<\/div>\n\t\t\t\t\t<\/div>\n\t\t<\/div>\n\t\t\t\t\t<\/div>\n\t\t<\/section>\n\t\t\t\t<\/div>\n\t\t","protected":false},"excerpt":{"rendered":"<p>Besplatne konzultacije Ve\u0107 smo obnovili kosu vi\u0161e od 5000 ljudi, a sigurno je mo\u017eemo obnoviti i vama. Prijavite se na besplatne konzultacije, gdje \u0107emo Vas tretirati potpuno individualno i holisti\u010dki! \u010cak i prije nego \u0161to se prijavite, dajemo vam 100% JAMSTVO USPJEHA! U nastavku slijedite pitanja i odgovorite na njih kako bismo Vas ili Va\u0161 [&hellip;]<\/p>\n","protected":false},"author":5,"featured_media":0,"parent":0,"menu_order":0,"comment_status":"closed","ping_status":"closed","template":"","meta":{"footnotes":""},"class_list":["post-11900","page","type-page","status-publish","hentry"],"blocksy_meta":{"styles_descriptor":{"styles":{"desktop":"","tablet":"","mobile":""},"google_fonts":[],"version":6}},"_links":{"self":[{"href":"https:\/\/www.literam.net\/hr\/wp-json\/wp\/v2\/pages\/11900","targetHints":{"allow":["GET"]}}],"collection":[{"href":"https:\/\/www.literam.net\/hr\/wp-json\/wp\/v2\/pages"}],"about":[{"href":"https:\/\/www.literam.net\/hr\/wp-json\/wp\/v2\/types\/page"}],"author":[{"embeddable":true,"href":"https:\/\/www.literam.net\/hr\/wp-json\/wp\/v2\/users\/5"}],"replies":[{"embeddable":true,"href":"https:\/\/www.literam.net\/hr\/wp-json\/wp\/v2\/comments?post=11900"}],"version-history":[{"count":2,"href":"https:\/\/www.literam.net\/hr\/wp-json\/wp\/v2\/pages\/11900\/revisions"}],"predecessor-version":[{"id":11985,"href":"https:\/\/www.literam.net\/hr\/wp-json\/wp\/v2\/pages\/11900\/revisions\/11985"}],"wp:attachment":[{"href":"https:\/\/www.literam.net\/hr\/wp-json\/wp\/v2\/media?parent=11900"}],"curies":[{"name":"wp","href":"https:\/\/api.w.org\/{rel}","templated":true}]}}