{"id":8278,"date":"2022-02-24T16:12:54","date_gmt":"2022-02-24T15:12:54","guid":{"rendered":"https:\/\/www.literam.net\/opis-terapije\/"},"modified":"2022-07-07T12:15:55","modified_gmt":"2022-07-07T10:15:55","slug":"opis-terapije","status":"publish","type":"page","link":"https:\/\/www.literam.net\/hr\/opis-terapije\/","title":{"rendered":"OPIS TERAPIJE"},"content":{"rendered":"\t\t<div data-elementor-type=\"wp-page\" data-elementor-id=\"8278\" class=\"elementor elementor-8278 elementor-4591\" data-elementor-post-type=\"page\">\n\t\t\t\t\t\t<section class=\"elementor-section elementor-top-section elementor-element elementor-element-1d78b488 ct-section-stretched elementor-section-height-min-height elementor-section-items-bottom elementor-section-boxed elementor-section-height-default\" data-id=\"1d78b488\" data-element_type=\"section\" data-e-type=\"section\" data-settings=\"{&quot;jet_parallax_layout_list&quot;:[],&quot;background_background&quot;:&quot;classic&quot;}\">\n\t\t\t\t\t\t\t<div class=\"elementor-background-overlay\"><\/div>\n\t\t\t\t\t\t\t<div class=\"elementor-container elementor-column-gap-default\">\n\t\t\t\t\t<div class=\"elementor-column elementor-col-100 elementor-top-column elementor-element elementor-element-7d158086\" data-id=\"7d158086\" data-element_type=\"column\" data-e-type=\"column\">\n\t\t\t<div class=\"elementor-widget-wrap elementor-element-populated\">\n\t\t\t\t\t\t<div class=\"elementor-element elementor-element-75c593b6 elementor-widget elementor-widget-heading\" data-id=\"75c593b6\" data-element_type=\"widget\" data-e-type=\"widget\" data-widget_type=\"heading.default\">\n\t\t\t\t<div class=\"elementor-widget-container\">\n\t\t\t\t\t<h2 class=\"elementor-heading-title elementor-size-default\">Opis terapije<\/h2>\t\t\t\t<\/div>\n\t\t\t\t<\/div>\n\t\t\t\t\t<\/div>\n\t\t<\/div>\n\t\t\t\t\t<\/div>\n\t\t<\/section>\n\t\t\t\t<section class=\"elementor-section elementor-top-section elementor-element elementor-element-6b9e14e3 elementor-section-boxed elementor-section-height-default elementor-section-height-default\" data-id=\"6b9e14e3\" data-element_type=\"section\" data-e-type=\"section\" data-settings=\"{&quot;jet_parallax_layout_list&quot;:[]}\">\n\t\t\t\t\t\t<div class=\"elementor-container elementor-column-gap-default\">\n\t\t\t\t\t<div class=\"elementor-column elementor-col-100 elementor-top-column elementor-element elementor-element-204b38b2\" data-id=\"204b38b2\" data-element_type=\"column\" data-e-type=\"column\">\n\t\t\t<div class=\"elementor-widget-wrap elementor-element-populated\">\n\t\t\t\t\t\t<div class=\"elementor-element elementor-element-698484ed elementor-widget elementor-widget-jet-breadcrumbs\" data-id=\"698484ed\" data-element_type=\"widget\" data-e-type=\"widget\" data-widget_type=\"jet-breadcrumbs.default\">\n\t\t\t\t<div class=\"elementor-widget-container\">\n\t\t\t\t\t<div class=\"elementor-jet-breadcrumbs jet-blocks\">\n\t\t<div class=\"jet-breadcrumbs\">\n\t\t<div class=\"jet-breadcrumbs__content\">\n\t\t<div class=\"jet-breadcrumbs__wrap\"><div class=\"jet-breadcrumbs__item\"><a href=\"https:\/\/www.literam.net\/hr\/\" class=\"jet-breadcrumbs__item-link is-home\" rel=\"home\" title=\"Domov\">Domov<\/a><\/div>\n\t\t<\/div>\n\t\t<\/div>\n\t\t<\/div><\/div>\t\t\t\t<\/div>\n\t\t\t\t<\/div>\n\t\t\t\t\t<\/div>\n\t\t<\/div>\n\t\t\t\t\t<\/div>\n\t\t<\/section>\n\t\t\t\t<section class=\"elementor-section elementor-top-section elementor-element elementor-element-4a154767 elementor-section-boxed elementor-section-height-default elementor-section-height-default\" data-id=\"4a154767\" data-element_type=\"section\" data-e-type=\"section\" data-settings=\"{&quot;jet_parallax_layout_list&quot;:[]}\">\n\t\t\t\t\t\t<div class=\"elementor-container elementor-column-gap-default\">\n\t\t\t\t\t<div class=\"elementor-column elementor-col-100 elementor-top-column elementor-element elementor-element-3125036d\" data-id=\"3125036d\" data-element_type=\"column\" data-e-type=\"column\">\n\t\t\t<div class=\"elementor-widget-wrap elementor-element-populated\">\n\t\t\t\t\t\t<div class=\"elementor-element elementor-element-f2a6b0f elementor-widget elementor-widget-text-editor\" data-id=\"f2a6b0f\" data-element_type=\"widget\" data-e-type=\"widget\" data-widget_type=\"text-editor.default\">\n\t\t\t\t<div class=\"elementor-widget-container\">\n\t\t\t\t\t\t\t\t\t<p>LITERAM TERAPIJA prirodna je obnova kose s trajnim rezultatima. Istro\u0161enu i o\u0161te\u0107enu kosu opet napravi glatkom sjajnom i jakom. Rezultat terapije je trajan i ne ispire se pranjem.<\/p><p>Ako terapiju ne izvodimo u odgovaraju\u0107im vremenskim razdobljima, rezultati terapije se pobolj\u0161avaju do odre\u0111ene mjere. Kosa je nakon odre\u0111enog vremenskog razdoblja otpornija, druga\u010dija na prvi pogled, druga\u010dija na dodir. Frizuru se lak\u0161e oblikuje i frizura je postojanija.<\/p><p>Zbog LITERAM TERAPIJE kosa raste do ve\u0107e du\u017eine od uobi\u010dajene jer se vi\u0161e ne lome i ne cvjetaju jer terapija utje\u010de na cijelu du\u017einu kose i time i na vrhove koja je zbog razli\u010ditih bojanja i intervencija tanja i istro\u0161ena.<\/p><p>Kod LITERAM terapije stru\u010dno osposobljeni frizeri ili LITERAM terapeuti brinu se za unutarnju obnovu kose. Radi se o jedinstvenom konceptu obnove kose koji mnoge dosada\u0161nje teorije i prakse namijenjene uspjehu prilikom njege kose postavlja na glavu. Tijekom samog postupka LITERAM terapije, pomo\u0107u posebne svjetlosti materijali se ve\u017eu u kosu \u010dime se stvara nova struktura kose. Kosa se deblja, izgled je gu\u0161\u0107i i puniji. Usporava se slabljenje kose i zato kasnije koristimo manje vremena za njegu, smanjuje se u\u010destalost pranja, u vlasi\u0161tu se stvaraju bolji uvjeti za rast kose, normalizira se masno\u0107a. Kovr\u010davoj kosi vra\u0107aju prirodne kovr\u010de.<\/p><h3>KOLIKO JE POTREBNO TERAPIJA ZA OBNOVU KOSE?<\/h3><p>Jednom LITERAM terapijom ne mo\u017eemo ozdraviti sva o\u0161te\u0107enja na kosi nastala u nekoliko godina i zato je rezultat prve terapije samo djelomi\u010dan. Za dobre rezultate i potpunu obnovu, postupak je potrebno ponoviti vi\u0161e puta.<\/p><p>Na po\u010detku prirodne obnove kose potrebno je napraviti barem 4 do 6 terapija, u vremenskom razdoblju od 3 do 4 tjedna, kako bi se kosa prestala lomiti i kako bi se kosa obnovila.<\/p><p>Ako \u017eelite ve\u0107e promjene, kao \u0161to je postizanje du\u017eine iznad 20 cm, terapije je potrebno obnavljati svaka 2 mjeseca u razdoblju od 2 godine. Ako \u017eelite ve\u0107e promjene u debljini, volumenu, gusto\u0107i i cjelovitoj preobrazbi kose, terapije je potrebno ponavljati barem svakih 5 godina.<\/p><p>Kasnije, ako \u017eelite o\u010duvati postignute rezultate, terapije je potrebno obnavljati 1x na 2 mjeseca, odnosno terapije se odre\u0111uju individualno \u0161to prvenstveno ovisi o tome \u0161to radite s kosom.<\/p><p>Ako \u017eelite 100% rezultate LITERAM TERAPIJE, koncept obnove kose mo\u017eemo potkrijepiti i LITERAM CARE PROIZVODI LITE care-line za kod ku\u0107e. \u0160amponi LITE care-line ne sadr\u017ee parabene i sulfate.<\/p>\t\t\t\t\t\t\t\t<\/div>\n\t\t\t\t<\/div>\n\t\t\t\t<section class=\"elementor-section elementor-inner-section elementor-element elementor-element-f9dad34 elementor-section-boxed elementor-section-height-default elementor-section-height-default\" data-id=\"f9dad34\" data-element_type=\"section\" data-e-type=\"section\" data-settings=\"{&quot;jet_parallax_layout_list&quot;:[]}\">\n\t\t\t\t\t\t<div class=\"elementor-container elementor-column-gap-default\">\n\t\t\t\t\t<div class=\"elementor-column elementor-col-33 elementor-inner-column elementor-element elementor-element-42fcfdd\" data-id=\"42fcfdd\" data-element_type=\"column\" data-e-type=\"column\">\n\t\t\t<div class=\"elementor-widget-wrap elementor-element-populated\">\n\t\t\t\t\t\t<div class=\"elementor-element elementor-element-3b9808d elementor-widget elementor-widget-image\" data-id=\"3b9808d\" data-element_type=\"widget\" data-e-type=\"widget\" data-widget_type=\"image.default\">\n\t\t\t\t<div class=\"elementor-widget-container\">\n\t\t\t\t\t\t\t\t\t\t\t\t\t\t\t\t<a href=\"https:\/\/www.literam.net\/wp-content\/uploads\/2022\/02\/priznanje_za_inovacijo-600x832-1.jpg\">\n\t\t\t\t\t\t\t<img fetchpriority=\"high\" decoding=\"async\" width=\"600\" height=\"832\" src=\"https:\/\/www.literam.net\/wp-content\/uploads\/2022\/02\/priznanje_za_inovacijo-600x832-1.jpg\" class=\"attachment-large size-large wp-image-4603\" alt=\"\" srcset=\"https:\/\/www.literam.net\/wp-content\/uploads\/2022\/02\/priznanje_za_inovacijo-600x832-1.jpg 600w, https:\/\/www.literam.net\/wp-content\/uploads\/2022\/02\/priznanje_za_inovacijo-600x832-1-216x300.jpg 216w\" sizes=\"(max-width: 600px) 100vw, 600px\" title=\"\">\t\t\t\t\t\t\t\t<\/a>\n\t\t\t\t\t\t\t\t\t\t\t\t\t\t\t<\/div>\n\t\t\t\t<\/div>\n\t\t\t\t\t<\/div>\n\t\t<\/div>\n\t\t\t\t<div class=\"elementor-column elementor-col-33 elementor-inner-column elementor-element elementor-element-ab30883\" data-id=\"ab30883\" data-element_type=\"column\" data-e-type=\"column\">\n\t\t\t<div class=\"elementor-widget-wrap elementor-element-populated\">\n\t\t\t\t\t\t<div class=\"elementor-element elementor-element-1e2970d elementor-widget elementor-widget-image\" data-id=\"1e2970d\" data-element_type=\"widget\" data-e-type=\"widget\" data-widget_type=\"image.default\">\n\t\t\t\t<div class=\"elementor-widget-container\">\n\t\t\t\t\t\t\t\t\t\t\t\t\t\t\t\t<a href=\"https:\/\/www.literam.net\/wp-content\/uploads\/2022\/02\/pecat-big.jpg\">\n\t\t\t\t\t\t\t<img decoding=\"async\" width=\"464\" height=\"464\" src=\"https:\/\/www.literam.net\/wp-content\/uploads\/2022\/02\/pecat-big.jpg\" class=\"attachment-large size-large wp-image-4608\" alt=\"\" srcset=\"https:\/\/www.literam.net\/wp-content\/uploads\/2022\/02\/pecat-big.jpg 464w, https:\/\/www.literam.net\/wp-content\/uploads\/2022\/02\/pecat-big-300x300.jpg 300w, https:\/\/www.literam.net\/wp-content\/uploads\/2022\/02\/pecat-big-100x100.jpg 100w, https:\/\/www.literam.net\/wp-content\/uploads\/2022\/02\/pecat-big-150x150.jpg 150w\" sizes=\"(max-width: 464px) 100vw, 464px\" title=\"\">\t\t\t\t\t\t\t\t<\/a>\n\t\t\t\t\t\t\t\t\t\t\t\t\t\t\t<\/div>\n\t\t\t\t<\/div>\n\t\t\t\t\t<\/div>\n\t\t<\/div>\n\t\t\t\t<div class=\"elementor-column elementor-col-33 elementor-inner-column elementor-element elementor-element-e4d1d0b\" data-id=\"e4d1d0b\" data-element_type=\"column\" data-e-type=\"column\">\n\t\t\t<div class=\"elementor-widget-wrap\">\n\t\t\t\t\t\t\t<\/div>\n\t\t<\/div>\n\t\t\t\t\t<\/div>\n\t\t<\/section>\n\t\t\t\t\t<\/div>\n\t\t<\/div>\n\t\t\t\t\t<\/div>\n\t\t<\/section>\n\t\t\t\t<section class=\"elementor-section elementor-top-section elementor-element elementor-element-87ea7e5 ct-section-stretched elementor-section-full_width elementor-section-height-default elementor-section-height-default\" data-id=\"87ea7e5\" data-element_type=\"section\" data-e-type=\"section\" data-settings=\"{&quot;jet_parallax_layout_list&quot;:[],&quot;background_background&quot;:&quot;classic&quot;}\">\n\t\t\t\t\t\t<div class=\"elementor-container elementor-column-gap-no\">\n\t\t\t\t\t<div class=\"elementor-column elementor-col-100 elementor-top-column elementor-element elementor-element-ef51f77\" data-id=\"ef51f77\" data-element_type=\"column\" data-e-type=\"column\">\n\t\t\t<div class=\"elementor-widget-wrap elementor-element-populated\">\n\t\t\t\t\t\t<div class=\"elementor-element elementor-element-490f705d elementor-widget elementor-widget-heading\" data-id=\"490f705d\" data-element_type=\"widget\" data-e-type=\"widget\" data-widget_type=\"heading.default\">\n\t\t\t\t<div class=\"elementor-widget-container\">\n\t\t\t\t\t<h2 class=\"elementor-heading-title elementor-size-default\">Dogovorite besplatno savjetovanje<\/h2>\t\t\t\t<\/div>\n\t\t\t\t<\/div>\n\t\t\t\t<div class=\"elementor-element elementor-element-528f6090 elementor-align-center elementor-widget elementor-widget-button\" data-id=\"528f6090\" data-element_type=\"widget\" data-e-type=\"widget\" data-widget_type=\"button.default\">\n\t\t\t\t<div class=\"elementor-widget-container\">\n\t\t\t\t\t\t\t\t\t<div class=\"elementor-button-wrapper\">\n\t\t\t\t\t<a class=\"elementor-button elementor-button-link elementor-size-md\" href=\"https:\/\/www.literam.net\/brezplacen-posvet\/\">\n\t\t\t\t\t\t<span class=\"elementor-button-content-wrapper\">\n\t\t\t\t\t\t\t\t\t<span class=\"elementor-button-text\">\u017delim besplatno savjetovanje<\/span>\n\t\t\t\t\t<\/span>\n\t\t\t\t\t<\/a>\n\t\t\t\t<\/div>\n\t\t\t\t\t\t\t\t<\/div>\n\t\t\t\t<\/div>\n\t\t\t\t\t<\/div>\n\t\t<\/div>\n\t\t\t\t\t<\/div>\n\t\t<\/section>\n\t\t\t\t<\/div>\n\t\t","protected":false},"excerpt":{"rendered":"<p>Opis terapije Domov LITERAM TERAPIJA prirodna je obnova kose s trajnim rezultatima. Istro\u0161enu i o\u0161te\u0107enu kosu opet napravi glatkom sjajnom i jakom. Rezultat terapije je trajan i ne ispire se pranjem. Ako terapiju ne izvodimo u odgovaraju\u0107im vremenskim razdobljima, rezultati terapije se pobolj\u0161avaju do odre\u0111ene mjere. Kosa je nakon odre\u0111enog vremenskog razdoblja otpornija, druga\u010dija na [&hellip;]<\/p>\n","protected":false},"author":4,"featured_media":0,"parent":0,"menu_order":0,"comment_status":"closed","ping_status":"closed","template":"elementor_header_footer","meta":{"footnotes":""},"class_list":["post-8278","page","type-page","status-publish","hentry"],"blocksy_meta":{"styles_descriptor":{"styles":{"desktop":"","tablet":"","mobile":""},"google_fonts":[],"version":6}},"_links":{"self":[{"href":"https:\/\/www.literam.net\/hr\/wp-json\/wp\/v2\/pages\/8278","targetHints":{"allow":["GET"]}}],"collection":[{"href":"https:\/\/www.literam.net\/hr\/wp-json\/wp\/v2\/pages"}],"about":[{"href":"https:\/\/www.literam.net\/hr\/wp-json\/wp\/v2\/types\/page"}],"author":[{"embeddable":true,"href":"https:\/\/www.literam.net\/hr\/wp-json\/wp\/v2\/users\/4"}],"replies":[{"embeddable":true,"href":"https:\/\/www.literam.net\/hr\/wp-json\/wp\/v2\/comments?post=8278"}],"version-history":[{"count":0,"href":"https:\/\/www.literam.net\/hr\/wp-json\/wp\/v2\/pages\/8278\/revisions"}],"wp:attachment":[{"href":"https:\/\/www.literam.net\/hr\/wp-json\/wp\/v2\/media?parent=8278"}],"curies":[{"name":"wp","href":"https:\/\/api.w.org\/{rel}","templated":true}]}}