{"id":8503,"date":"2022-02-24T20:09:15","date_gmt":"2022-02-24T19:09:15","guid":{"rendered":"https:\/\/www.literam.net\/postanite-literam-terapevt\/"},"modified":"2022-06-23T13:39:03","modified_gmt":"2022-06-23T11:39:03","slug":"postanite-literam-terapevt","status":"publish","type":"page","link":"https:\/\/www.literam.net\/hr\/postanite-literam-terapevt\/","title":{"rendered":"POSTANITE LITERAM TERAPEUT"},"content":{"rendered":"\t\t<div data-elementor-type=\"wp-page\" data-elementor-id=\"8503\" class=\"elementor elementor-8503 elementor-4738\" data-elementor-post-type=\"page\">\n\t\t\t\t\t\t<section class=\"elementor-section elementor-top-section elementor-element elementor-element-2781e28 elementor-section-boxed elementor-section-height-default elementor-section-height-default\" data-id=\"2781e28\" data-element_type=\"section\" data-e-type=\"section\" data-settings=\"{&quot;jet_parallax_layout_list&quot;:[]}\">\n\t\t\t\t\t\t<div class=\"elementor-container elementor-column-gap-default\">\n\t\t\t\t\t<div class=\"elementor-column elementor-col-100 elementor-top-column elementor-element elementor-element-a4dbcd8\" data-id=\"a4dbcd8\" data-element_type=\"column\" data-e-type=\"column\">\n\t\t\t<div class=\"elementor-widget-wrap elementor-element-populated\">\n\t\t\t\t\t\t<div class=\"elementor-element elementor-element-89b285a elementor-widget elementor-widget-jet-breadcrumbs\" data-id=\"89b285a\" data-element_type=\"widget\" data-e-type=\"widget\" data-widget_type=\"jet-breadcrumbs.default\">\n\t\t\t\t<div class=\"elementor-widget-container\">\n\t\t\t\t\t<div class=\"elementor-jet-breadcrumbs jet-blocks\">\n\t\t<div class=\"jet-breadcrumbs\">\n\t\t<div class=\"jet-breadcrumbs__content\">\n\t\t<div class=\"jet-breadcrumbs__wrap\"><div class=\"jet-breadcrumbs__item\"><a href=\"https:\/\/www.literam.net\/hr\/\" class=\"jet-breadcrumbs__item-link is-home\" rel=\"home\" title=\"Domov\">Domov<\/a><\/div>\n\t\t<\/div>\n\t\t<\/div>\n\t\t<\/div><\/div>\t\t\t\t<\/div>\n\t\t\t\t<\/div>\n\t\t\t\t\t<\/div>\n\t\t<\/div>\n\t\t\t\t\t<\/div>\n\t\t<\/section>\n\t\t\t\t<section class=\"elementor-section elementor-top-section elementor-element elementor-element-125f61e elementor-section-boxed elementor-section-height-default elementor-section-height-default\" data-id=\"125f61e\" data-element_type=\"section\" data-e-type=\"section\" data-settings=\"{&quot;jet_parallax_layout_list&quot;:[]}\">\n\t\t\t\t\t\t<div class=\"elementor-container elementor-column-gap-default\">\n\t\t\t\t\t<div class=\"elementor-column elementor-col-100 elementor-top-column elementor-element elementor-element-5a49e84\" data-id=\"5a49e84\" data-element_type=\"column\" data-e-type=\"column\">\n\t\t\t<div class=\"elementor-widget-wrap elementor-element-populated\">\n\t\t\t\t\t\t<div class=\"elementor-element elementor-element-533a1e3 elementor-widget elementor-widget-text-editor\" data-id=\"533a1e3\" data-element_type=\"widget\" data-e-type=\"widget\" data-widget_type=\"text-editor.default\">\n\t\t\t\t<div class=\"elementor-widget-container\">\n\t\t\t\t\t\t\t\t\t<p><strong>\u017delite nadograditi znanje o strukturi kose, pote\u0161ko\u0107ama povezanima sa zdravljem i vlasi\u0161tem?<\/strong><\/p><p>U tvrtki osje\u0107amo odgovornost oprema okoli\u0161i i zdravoj kosi na\u0161ih klijenata. To se kao na\u0161a misao vodilja odr\u017eava u sloganu \u00bbKad zdravlje izgleda lijepo\u00ab te u na\u0161im vrednotama. Vrednote na kojima se temelji na\u0161 rad su:<\/p><ul><li>trajnost u\u010dinaka<\/li><li>prirodna obnova kose<\/li><li>zadovoljstvo stranaka<\/li><li>individualni i holisti\u010dki pristup<\/li><li>ekolo\u0161ki proizvodi<\/li><\/ul><p>Pomo\u0107u znanja, kojeg \u0107ete usvojiti obrazovanjem za LITERAM terapeuta, mo\u017eete u vlastitom salonu klijentima ponuditi dodatne usluge, jedinstvene na tom podru\u010dju. Pomo\u0107i \u0107ete va\u0161im klijentima pri postizanju zdrave, kvalitetnije i ljep\u0161e kose.<\/p><p>Obrazovanje preporu\u010damo posebice frizerima koji tijekom rada prioritet daju zdravlju kose i vlasi\u0161ta.<\/p><p>Pomo\u0107u LITERAM tehnologije i odgovaraju\u0107eg na\u010dina ku\u0107ne njege pomo\u0107i \u0107ete pri uklanjanju raznih pote\u0161ko\u0107a kose i vlasi\u0161ta, kao \u0161to su:<\/p><ul><li>o\u0161te\u0107ena kosa,<\/li><li>spori rast kose,<\/li><li>kosa, koja raste do odre\u0111ene du\u017eina i potom se lomi ili ispada,<\/li><li>kosa koja prekomjerno ispada, prorje\u0111uje se ili stanjuje,<\/li><li>kosa koja se izvanredno masti ili je veoma suha,<\/li><li>nepostojana frizura,<\/li><\/ul><p>Pomo\u0107u LITERAM postupaka, proizvoda i znanja, koje \u0107e klijenti usvojiti tijekom obrazovanja, nau\u010dit \u0107e kako postupati s kosom kod ku\u0107e, kako dugoro\u010dno o\u010duvati du\u017einu kose koja \u0107e izrasti te njezin ljep\u0161i izgled, posebice kroz proces starenja, a da istovremeno ne oduzme suvi\u0161e vremena i novaca.<\/p><p>Za sve dodatne informacije u vezi s obrazovanjem za LITERAM terapeuta pi\u0161ite nam na na\u0161u adresu e-po\u0161te: piskar@literam.net ili nas nazovite na 031 773 319 kako bi se dogovorili o prakti\u010dnom predstavljanju i komercijalnim uvjetima.<\/p>\t\t\t\t\t\t\t\t<\/div>\n\t\t\t\t<\/div>\n\t\t\t\t\t<\/div>\n\t\t<\/div>\n\t\t\t\t\t<\/div>\n\t\t<\/section>\n\t\t\t\t<section class=\"elementor-section elementor-top-section elementor-element elementor-element-58f2f93c ct-section-stretched elementor-section-full_width elementor-section-height-default elementor-section-height-default\" data-id=\"58f2f93c\" data-element_type=\"section\" data-e-type=\"section\" data-settings=\"{&quot;jet_parallax_layout_list&quot;:[],&quot;background_background&quot;:&quot;classic&quot;}\">\n\t\t\t\t\t\t<div class=\"elementor-container elementor-column-gap-no\">\n\t\t\t\t\t<div class=\"elementor-column elementor-col-100 elementor-top-column elementor-element elementor-element-54e94d5b\" data-id=\"54e94d5b\" data-element_type=\"column\" data-e-type=\"column\">\n\t\t\t<div class=\"elementor-widget-wrap elementor-element-populated\">\n\t\t\t\t\t\t<div class=\"elementor-element elementor-element-2f427da5 elementor-widget elementor-widget-heading\" data-id=\"2f427da5\" data-element_type=\"widget\" data-e-type=\"widget\" data-widget_type=\"heading.default\">\n\t\t\t\t<div class=\"elementor-widget-container\">\n\t\t\t\t\t<h2 class=\"elementor-heading-title elementor-size-default\">Dogovorite besplatno savjetovanje<\/h2>\t\t\t\t<\/div>\n\t\t\t\t<\/div>\n\t\t\t\t<div class=\"elementor-element elementor-element-13fd7c30 elementor-align-center elementor-widget elementor-widget-button\" data-id=\"13fd7c30\" data-element_type=\"widget\" data-e-type=\"widget\" data-widget_type=\"button.default\">\n\t\t\t\t<div class=\"elementor-widget-container\">\n\t\t\t\t\t\t\t\t\t<div class=\"elementor-button-wrapper\">\n\t\t\t\t\t<a class=\"elementor-button elementor-button-link elementor-size-md\" href=\"https:\/\/www.literam.net\/brezplacen-posvet\/\">\n\t\t\t\t\t\t<span class=\"elementor-button-content-wrapper\">\n\t\t\t\t\t\t\t\t\t<span class=\"elementor-button-text\">\u017delim besplatno savjetovanje<\/span>\n\t\t\t\t\t<\/span>\n\t\t\t\t\t<\/a>\n\t\t\t\t<\/div>\n\t\t\t\t\t\t\t\t<\/div>\n\t\t\t\t<\/div>\n\t\t\t\t\t<\/div>\n\t\t<\/div>\n\t\t\t\t\t<\/div>\n\t\t<\/section>\n\t\t\t\t<\/div>\n\t\t","protected":false},"excerpt":{"rendered":"<p>Domov \u017delite nadograditi znanje o strukturi kose, pote\u0161ko\u0107ama povezanima sa zdravljem i vlasi\u0161tem? U tvrtki osje\u0107amo odgovornost oprema okoli\u0161i i zdravoj kosi na\u0161ih klijenata. To se kao na\u0161a misao vodilja odr\u017eava u sloganu \u00bbKad zdravlje izgleda lijepo\u00ab te u na\u0161im vrednotama. Vrednote na kojima se temelji na\u0161 rad su: trajnost u\u010dinaka prirodna obnova kose zadovoljstvo [&hellip;]<\/p>\n","protected":false},"author":4,"featured_media":0,"parent":0,"menu_order":0,"comment_status":"closed","ping_status":"closed","template":"elementor_header_footer","meta":{"footnotes":""},"class_list":["post-8503","page","type-page","status-publish","hentry"],"blocksy_meta":{"styles_descriptor":{"styles":{"desktop":"","tablet":"","mobile":""},"google_fonts":[],"version":6}},"_links":{"self":[{"href":"https:\/\/www.literam.net\/hr\/wp-json\/wp\/v2\/pages\/8503","targetHints":{"allow":["GET"]}}],"collection":[{"href":"https:\/\/www.literam.net\/hr\/wp-json\/wp\/v2\/pages"}],"about":[{"href":"https:\/\/www.literam.net\/hr\/wp-json\/wp\/v2\/types\/page"}],"author":[{"embeddable":true,"href":"https:\/\/www.literam.net\/hr\/wp-json\/wp\/v2\/users\/4"}],"replies":[{"embeddable":true,"href":"https:\/\/www.literam.net\/hr\/wp-json\/wp\/v2\/comments?post=8503"}],"version-history":[{"count":0,"href":"https:\/\/www.literam.net\/hr\/wp-json\/wp\/v2\/pages\/8503\/revisions"}],"wp:attachment":[{"href":"https:\/\/www.literam.net\/hr\/wp-json\/wp\/v2\/media?parent=8503"}],"curies":[{"name":"wp","href":"https:\/\/api.w.org\/{rel}","templated":true}]}}