{"id":12508,"date":"2022-12-14T15:00:21","date_gmt":"2022-12-14T14:00:21","guid":{"rendered":"https:\/\/www.literam.net\/izdelek\/literam-promo-paket-up-za-popoln-styling-las\/"},"modified":"2025-04-28T10:48:14","modified_gmt":"2025-04-28T08:48:14","slug":"literam-promo-paket-up-za-popoln-styling-las","status":"publish","type":"product","link":"https:\/\/www.literam.net\/hr\/izdelek\/literam-promo-paket-up-za-popoln-styling-las\/","title":{"rendered":"DARILNI PAKET &#8220;UP&#8221; ZA OBSTOJNO PRI\u010cESKO + darilo torbica"},"content":{"rendered":"<p>\u010ce ste vi ali je va\u0161a obdarjenka med posameznicami, ki nimajo sre\u010de z obstankom pri\u010deske, ker so njeni lasje uporni\u0161ki in neubogljivi, potem zaupajte hi\u0161ni trihologiji Klaudiji Piskar, ki zelo dobro ve, kako lase SPRAVITI POKONCI! V darilnem stayling paketu\u00a0 <strong>so trije klju\u010dni styling izdelki, da bo pri\u010deska OBSTOJNA \u0161e dolgo po tem, ko boste zapustili kopalnico.\u00a0 IZDELKI SO IZJEMNI <\/strong>in na laseh NE PU\u0160\u010cAJO SLEDI, tudi po tem, ko jih raz\u010desmo. \u00a0<strong>Lite Extra strong pena je v paketu klju\u010dna in izredno podalj\u0161a obstojnost pri\u010desk vseh tipov las, tudi najbolj mastnih, te\u017ekih las.\u00a0<\/strong>Pri oblikovanju in krotenju las je<strong> klju\u010dnega pomena tudi izdelek Lite strong styling gel spray.<\/strong>\u00a0Kodri oziroma fen frizura bodo po uporabi tega izdelka videti bogati, bujnej\u0161i, predvsem pa obstojni! Za konec popolno obstojne pri\u010deske je tukaj \u0161e mo\u010dan utrjevalec za lase Lite styling strong non-sticky spray.\u00a0Pri\u010deski pove\u010da obstojnost in hkrati ohranja naraven videz las, jih ne zlepi, tudi \u010de so izpostavljeni vlagi. Umirja stati\u010dne lase.<\/p>\n<p>&nbsp;<\/p>\n<h3><strong>PAKET SESTAVLJAJO NASLEDNJI IZDELKI:\u00a0<\/strong><\/h3>\n<h4><a href=\"https:\/\/www.literam.net\/hr\/izdelek\/lite-styling-extra-strong-pena-izredno-podaljsa-obstojnost-pricesk\/\">LITE STYLING \u2013 EXTRA STRONG PENA<\/a><\/h4>\n<p>Inovativna formula <strong>izredno podalj\u0161a obstojnost pri\u010desk vseh tipov las tudi najbolj mastnih, te\u017ekih las,<\/strong> katerih pri\u010deska obi\u010dajno ne obstoji niti en dan, pri \u010demer lasje vseeno ostanejo \u010disti. <strong>Edinstvena prednost proizvoda je tudi v njeni uporabnosti kot \u010distilna pena \u2013 suhi \u0161ampon.<\/strong> Pri uporabi kot suhi \u0161ampon jo nanesemo ob korenu na suhe lase, kjer so le-ti mastni, vmasiramo, malo pre\u010de\u0161emo in predel, kamor smo nanesli peno, posu\u0161imo s fenom. Lasje bodo izgledali \u010disti, pri\u010deska bo pridobila volumen. Potrebna koli\u010dina in \u0161tevilo nanosov sta odvisna od tega, koliko so va\u0161i lasje pri korenu mastni.<\/p>\n<h4><a href=\"https:\/\/www.literam.net\/hr\/izdelek\/lite-strong-styling-gel-spray\/\">LITE STRONG STYLING GEL SPRAY\u00a0<\/a><\/h4>\n<p>Posebna formulacija tega teko\u010dega utrjevalca omogo\u010da utrjevanje mokrih las. Proizvod je primeren za vse strukture. <strong>Uporablja se za utrjevanje mokrih las pred oblikovanjem, utrjevanje<\/strong>\u00a0<strong>suhih las po oblikovanju ali kot gel za lase pri zaklju\u010devanju kraj\u0161ih mo\u0161kih pri\u010desk.<\/strong> Pri kon\u010dnem oblikovanju se ga nana\u0161a tudi za umiritev stati\u010dnih ali \u0161trle\u010dih las, v tem primeru ga nanesemo na dlani in z njimi zgladimo pri\u010desko, pri tem \u0161e vedno ohranimo naraven videz gibanja las. Lase je mogo\u010de po uporabi raz\u010desati in ponovno oblikovati, ne da bi pri tem po\u0161kodovali njihovo strukturo.<\/p>\n<h4><a href=\"https:\/\/www.literam.net\/hr\/izdelek\/lite-styling-strong-non-sticky-spray\/\">LITE STYLING STRONG NON-STICKY SPRAY<\/a><\/h4>\n<div class=\"elementor-element elementor-element-6d7f10c9 elementor-widget elementor-widget-woocommerce-product-short-description\" data-id=\"6d7f10c9\" data-element_type=\"widget\" data-widget_type=\"woocommerce-product-short-description.default\">\n<div class=\"elementor-widget-container\">\n<div class=\"woocommerce-product-details__short-description\">\n<p>Mo\u010dan lak \u2013 utrjevalec za lase s posebno formulo omogo\u010da naravno u\u010dvrstitev pri\u010deske tudi pri najtanj\u0161ih in najmehkej\u0161ih laseh.<\/p>\n<h4>DARILO: LITERAM TROBICA<\/h4>\n<p>&nbsp;<\/p>\n<\/div>\n<\/div>\n<\/div>\n<h3>PRIPORO\u010cENA UPORABA:<\/h3>\n<ol>\n<li>Po \u0161amponiranju oziroma umivanju las le-te osu\u0161ite z brisa\u010do, raz\u010de\u0161ite in najprej uporabite LITE STYLING EXTRA STRONG PENA. V poljubni koli\u010dini (odvisno od dol\u017eine), jo nanesite od korena las pa vse po dol\u017eini. <strong>Peno dobro v\u010de\u0161ite v lase.<\/strong><\/li>\n<li>Da bo va\u0161a pri\u010deska \u0161e bolj obstojna na \u0161e mokre lase nanesite tudi Lite strong styling gel spray in ga v\u010de\u0161ite v lase. Pri\u010dnite z oblikovanjem oziroma su\u0161enjem las, pri \u010demer lahko uporabite tudi krta\u010do in naravnih \u0161\u010detin, ki ste jo prejeli v paketu.<\/li>\n<li>Kon\u010dano pri\u010desko pogumno popr\u0161ite \u0161e z utrjevalcem za lase Lite styling strong non-sticky spray<\/li>\n<\/ol>\n<p>&nbsp;<\/p>\n<p><em>**Opomba:** K paketu je prilo\u017eena kozmeti\u010dna torbica kot darilo, vendar se lahko dejanska, ki jo prejmete v paketu, nekoliko razlikuje od tiste na fotografiji. Zaradi velikega povpra\u0161evanja v\u010dasih zaloga torbic iz fotografije pred\u010dasno poide. V tak\u0161nih primerih se trudimo torbico nadomestiti s podobno, tako po videzu kot tudi po velikosti. Hvala za va\u0161e razumevanje.<\/em><\/p>\n","protected":false},"excerpt":{"rendered":"<p>V\u010dasih se nam zgodi, da pri\u010deska, volumen ali kodri, padejo \u0161e predno zapustimo kopalnico. \u010ce ste vi ali je va\u0161a obdarjenka med posameznicami, ki nimajo sre\u010de z obstankom pri\u010deske, ker so va\u0161i ali njeni lasje uporni\u0161ki in neubogljivi, potem zaupajte hi\u0161ni trihologiji Klaudiji Piskar, ki zelo dobro ve, kako lase SPRAVITI POKONCI! V darilnem stayling paketu\u00a0 <strong>so trije klju\u010dni styling izdelki, da bo pri\u010deska OBSTOJNA \u0161e dolgo po tem, ko bo obdarjenka pri\u0161la iz slu\u017ebe oziroma zabave. K paketu je prilo\u017eeno tudi darilo v obliki kozmeti\u010dne torbice.\u00a0<\/strong><\/p>\n","protected":false},"featured_media":13604,"comment_status":"open","ping_status":"closed","template":"","meta":[],"product_brand":[],"product_cat":[599,600],"product_tag":[],"class_list":{"0":"post-12508","1":"product","2":"type-product","3":"status-publish","4":"has-post-thumbnail","6":"product_cat-podarite-obstojno-pricesko-hr","7":"product_cat-praznicni-paketi-v-namen-obdarovanja-hr","9":"first","10":"instock","11":"shipping-taxable","12":"purchasable","13":"product-type-simple"},"_links":{"self":[{"href":"https:\/\/www.literam.net\/hr\/wp-json\/wp\/v2\/product\/12508","targetHints":{"allow":["GET"]}}],"collection":[{"href":"https:\/\/www.literam.net\/hr\/wp-json\/wp\/v2\/product"}],"about":[{"href":"https:\/\/www.literam.net\/hr\/wp-json\/wp\/v2\/types\/product"}],"replies":[{"embeddable":true,"href":"https:\/\/www.literam.net\/hr\/wp-json\/wp\/v2\/comments?post=12508"}],"wp:featuredmedia":[{"embeddable":true,"href":"https:\/\/www.literam.net\/hr\/wp-json\/wp\/v2\/media\/13604"}],"wp:attachment":[{"href":"https:\/\/www.literam.net\/hr\/wp-json\/wp\/v2\/media?parent=12508"}],"wp:term":[{"taxonomy":"product_brand","embeddable":true,"href":"https:\/\/www.literam.net\/hr\/wp-json\/wp\/v2\/product_brand?post=12508"},{"taxonomy":"product_cat","embeddable":true,"href":"https:\/\/www.literam.net\/hr\/wp-json\/wp\/v2\/product_cat?post=12508"},{"taxonomy":"product_tag","embeddable":true,"href":"https:\/\/www.literam.net\/hr\/wp-json\/wp\/v2\/product_tag?post=12508"}],"curies":[{"name":"wp","href":"https:\/\/api.w.org\/{rel}","templated":true}]}}