{"id":14020,"date":"2024-03-06T20:02:02","date_gmt":"2024-03-06T19:02:02","guid":{"rendered":"https:\/\/www.literam.net\/izdelek\/lite-hair-growth-lotion-2\/"},"modified":"2024-03-06T20:06:51","modified_gmt":"2024-03-06T19:06:51","slug":"lite-hair-growth-lotion-2","status":"publish","type":"product","link":"https:\/\/www.literam.net\/hr\/izdelek\/lite-hair-growth-lotion-2\/","title":{"rendered":"Lite hair growth lotion"},"content":{"rendered":"<p>LITE HAIR GROWTH LOTION koristimo kao pomo\u0107 za rast kose jer ostvaruje bolje uvjete za br\u017ei rast kose, poput \u010di\u0161\u0107enja vlasi\u0161ta na kojemu se razvija perut i prekomjerno razvijene bakterijske kulture, koje mogu uzrokovati slabiji rast kose i pove\u0107ano ispadanje.<\/p>\n<p>Za pomo\u0107 pri rastu kose koristimo LITE HAIR GROWTH LOTION koji ostvaruje bolje uvjete za br\u017ei rast kose. Nanesite ga izravno na vlasi\u0161te. Najmanje 30 minuta prije pranja nanesite losion na vlasi\u0161te, umasirajte i ostavite da djeluje. Zatim isperite. Mo\u017eete ga nanijeti nakon pranja kose u tankim slojevima na \u010disto vlasi\u0161te, umasirati i oblikovati frizuru. Za maksimalnu u\u010dinkovitost proizvod je potrebno nanositi barem 4 mjeseca kao dodatni tretman tijekom pranja kose. Za optimalne rezultate preporu\u010deno je ponoviti tretman jednom do dvaput tjedno.<\/p>\n<p>Losion djeluje antisepti\u010dki i antibakterijski, \u0161to sprje\u010dava prekomjerni rast bakterijskih kultura, koje se razvijaju u blizini folikula i ograni\u010davaju njegov \u017eivotni ciklus, a time i dovod hranjivih tvari potrebnih za rast kose. Na taj na\u010din dolazi do ispadanja kose, a u rje\u0111im slu\u010dajevima i do pojave peruti. Uporabom losiona \u010distimo obli\u017enju povr\u0161inu folikula i tako stvaramo uvjete za ponovni rast kose. Proizvod sprje\u010dava i uklanja bakterijsko ispadanje kose, perut i svrbe\u017e. Preporu\u010dena je uporaba u kombinaciji sa \u0161amponom LITE KEPYRO ANTI-DANDRUFF u slu\u010daju peruti te sa \u0161amponom LITE VITAL SOAP-BASED u slu\u010daju sporijeg rasta kose.<\/p>\n","protected":false},"excerpt":{"rendered":"<p>LITE HAIR GROWTH LOTION koristimo kao pomo\u0107 za rast kose jer ostvaruje bolje uvjete za br\u017ei rast kose, poput \u010di\u0161\u0107enja vlasi\u0161ta na kojemu se razvija perut i prekomjerno razvijene bakterijske kulture, koje mogu uzrokovati slabiji rast kose i pove\u0107ano ispadanje. Tako o\u010di\u0161\u0107eno vlasi\u0161te ima bolje uvjete za njegovanje folikula potrebnim tvarima koje utje\u010du na br\u017ei rast kose.<\/p>\n","protected":false},"featured_media":7575,"comment_status":"open","ping_status":"closed","template":"","meta":[],"product_brand":[],"product_cat":[387],"product_tag":[],"class_list":{"0":"post-14020","1":"product","2":"type-product","3":"status-publish","4":"has-post-thumbnail","6":"product_cat-njega-vlasista","8":"first","9":"instock","10":"shipping-taxable","11":"purchasable","12":"product-type-simple"},"_links":{"self":[{"href":"https:\/\/www.literam.net\/hr\/wp-json\/wp\/v2\/product\/14020","targetHints":{"allow":["GET"]}}],"collection":[{"href":"https:\/\/www.literam.net\/hr\/wp-json\/wp\/v2\/product"}],"about":[{"href":"https:\/\/www.literam.net\/hr\/wp-json\/wp\/v2\/types\/product"}],"replies":[{"embeddable":true,"href":"https:\/\/www.literam.net\/hr\/wp-json\/wp\/v2\/comments?post=14020"}],"wp:featuredmedia":[{"embeddable":true,"href":"https:\/\/www.literam.net\/hr\/wp-json\/wp\/v2\/media\/7575"}],"wp:attachment":[{"href":"https:\/\/www.literam.net\/hr\/wp-json\/wp\/v2\/media?parent=14020"}],"wp:term":[{"taxonomy":"product_brand","embeddable":true,"href":"https:\/\/www.literam.net\/hr\/wp-json\/wp\/v2\/product_brand?post=14020"},{"taxonomy":"product_cat","embeddable":true,"href":"https:\/\/www.literam.net\/hr\/wp-json\/wp\/v2\/product_cat?post=14020"},{"taxonomy":"product_tag","embeddable":true,"href":"https:\/\/www.literam.net\/hr\/wp-json\/wp\/v2\/product_tag?post=14020"}],"curies":[{"name":"wp","href":"https:\/\/api.w.org\/{rel}","templated":true}]}}