{"id":8024,"date":"2022-05-28T18:51:23","date_gmt":"2022-05-28T16:51:23","guid":{"rendered":"https:\/\/www.literam.net\/izdelek\/lite-eyelash-serum\/"},"modified":"2022-06-13T14:43:19","modified_gmt":"2022-06-13T12:43:19","slug":"lite-eyelash-serum","status":"publish","type":"product","link":"https:\/\/www.literam.net\/hr\/izdelek\/lite-eyelash-serum\/","title":{"rendered":"LITE EYELASH SERUM"},"content":{"rendered":"<p>LITE EYELASH SERUM trepavice \u010dini du\u017eima, punijima i sna\u017enijima. Aktivna djelatna tvar biotinil-GHK peptil s komplementarnom tvari panthenol poti\u010de pomla\u0111ivanje folikula trepavice. Rast trepavica je br\u017ei, smanjuje njihovo ispadanje i lomljenje. Pomo\u0107u LITE EYELASH SERUMA dobit \u0107ete izgled gu\u0161\u0107ih, du\u017eih i punijih trepavica.<\/p>\n<h3>UPORABA<\/h3>\n<p>Zatvorite oko i pomo\u0107u \u010depi\u0107a nanesite tanki sloj seruma na rub gornjeg kapka na korijen trepavica, od unutarnjeg do vanjskog kuta oka. Prvi mjesec nanosite SERUM LITE EYELASH na trepavice dva puta dnevno, ujutro i nave\u010der. Kada trepavice postanu vidljive, odnosno zadebljane, nanosite serum jednom dnevno. \u010ce\u0161\u0107a uporaba oja\u010dat \u0107e rast trepavica. Kod nano\u0161enja LITE EYELASH seruma va\u017eno je da izbjegavate izravni kontakt s o\u010dima. Pazite da suvi\u0161na teku\u0107ina LITE EYELASH seruma ne do\u0111e u kontakt s o\u010dima. U tom slu\u010daju, odmah temeljito isperite o\u010di vodom. Ako se pojavi crvenilo ili iritacija ko\u017ee, prestanite s uporabom seruma.<\/p>\n","protected":false},"excerpt":{"rendered":"<p>LITE EYELASH SERUM trepavice \u010dini du\u017eima, punijima i sna\u017enijima. Aktivna djelatna tvar biotinil-GHK peptil s komplementarnom tvari panthenol poti\u010de pomla\u0111ivanje folikula trepavice. Rast trepavica je br\u017ei, smanjuje njihovo ispadanje i lomljenje.<\/p>\n","protected":false},"featured_media":7466,"comment_status":"open","ping_status":"closed","template":"","meta":[],"product_brand":[],"product_cat":[386],"product_tag":[],"class_list":{"0":"post-8024","1":"product","2":"type-product","3":"status-publish","4":"has-post-thumbnail","6":"product_cat-jacanje-trepavica","8":"first","9":"instock","10":"shipping-taxable","11":"purchasable","12":"product-type-simple"},"_links":{"self":[{"href":"https:\/\/www.literam.net\/hr\/wp-json\/wp\/v2\/product\/8024","targetHints":{"allow":["GET"]}}],"collection":[{"href":"https:\/\/www.literam.net\/hr\/wp-json\/wp\/v2\/product"}],"about":[{"href":"https:\/\/www.literam.net\/hr\/wp-json\/wp\/v2\/types\/product"}],"replies":[{"embeddable":true,"href":"https:\/\/www.literam.net\/hr\/wp-json\/wp\/v2\/comments?post=8024"}],"wp:featuredmedia":[{"embeddable":true,"href":"https:\/\/www.literam.net\/hr\/wp-json\/wp\/v2\/media\/7466"}],"wp:attachment":[{"href":"https:\/\/www.literam.net\/hr\/wp-json\/wp\/v2\/media?parent=8024"}],"wp:term":[{"taxonomy":"product_brand","embeddable":true,"href":"https:\/\/www.literam.net\/hr\/wp-json\/wp\/v2\/product_brand?post=8024"},{"taxonomy":"product_cat","embeddable":true,"href":"https:\/\/www.literam.net\/hr\/wp-json\/wp\/v2\/product_cat?post=8024"},{"taxonomy":"product_tag","embeddable":true,"href":"https:\/\/www.literam.net\/hr\/wp-json\/wp\/v2\/product_tag?post=8024"}],"curies":[{"name":"wp","href":"https:\/\/api.w.org\/{rel}","templated":true}]}}