{"id":8026,"date":"2022-05-28T14:11:15","date_gmt":"2022-05-28T12:11:15","guid":{"rendered":"https:\/\/www.literam.net\/izdelek\/lite-herbal-shampoo-za-suhe-lase\/"},"modified":"2025-06-09T11:08:30","modified_gmt":"2025-06-09T09:08:30","slug":"lite-herbal-shampoo-za-suhe-lase","status":"publish","type":"product","link":"https:\/\/www.literam.net\/hr\/izdelek\/lite-herbal-shampoo-za-suhe-lase\/","title":{"rendered":"Lite HERBAL shampoo"},"content":{"rendered":"<p>\u0160ampon je namijenjen razli\u010ditoj strukturi kose i pote\u0161ko\u0107ama vlasi\u0161ta:<\/p>\n<ul>\n<li>JAKO OBOJENA KOSA: pomo\u0107u keratina uklanja \u0161tetu nastalu na povr\u0161ini kutikule. Takva \u0107e kosa biti glatka i elasti\u010dna<\/li>\n<li>tijekom oblikovanja jer \u0161ampon zatvara ljuskice.<\/li>\n<li>ISU\u0160ENA KOSA, STR\u0160E\u0106I VRHOVI: zbog dodatka limunske kiseline i ostalih njeguju\u0107ih sastojaka vlasi \u0107e postati glatke, sjajne i za\u0161ti\u0107ene, a frizura postojana.<\/li>\n<li>Kosa, koja je PRIRODNO DEBELA i TVRDA: \u0161ampon \u010dini kosu elasti\u010dnom, MEK\u0160OM i sjajnijom, kako bi je mogli lak\u0161e oblikovati.<\/li>\n<li>KOVR\u010cAVA kosa \u010desto je isu\u0161ena i kruta, zbog \u010dega kovr\u010de ne padaju u mekim valovima: takovoj kosi \u0161ampon vra\u0107a meko\u0107u i elasti\u010dnost, a KOVR\u010cE su LJEP\u0160E I POSTOJANE.<\/li>\n<li>RAZDRA\u017dENO VLASI\u0160TE I CRVENILO umirujemo pomo\u0107u dodatka sive lavande. Ekstrakti ru\u017emarina uspostavljaju ravnote\u017eu i poti\u010du rast kose.<\/li>\n<\/ul>\n<p>Ako \u017eelite da \u0161ampon \u0161to bolje nahrani kosu, ostavite ga djeluje du\u017ee vrijeme, na primjer 15 minuta.<\/p>\n<p>&nbsp;<\/p>\n<h3>UPORABA<\/h3>\n<ul>\n<li>Na suhu kosu i suho vlasi\u0161te nanesemo 1x (po potrebi 2x), ostavite da djeluje (pribli\u017eno 3 minute), po\u010de\u0161ljajte (po potrebi) te isperite.<\/li>\n<\/ul>\n<h3>\u0160TO POSTI\u017dETE UPORABOM \u0160AMPONA?<\/h3>\n<ul>\n<li>\u010cistu, glatku, sjajnu i na dodir mek\u0161u kosu s vidljivo \u010dvr\u0161\u0107om strukturom.<\/li>\n<li>Za kosu koja je prirodno kovr\u010dava i prirodno suha, mo\u017eemo ve\u0107 uporabom ovog \u0161ampona dobiti podatnije kovr\u010de i navla\u017eenu kosu.<\/li>\n<li>Kosa i folikula su neoptere\u0107eni i zato bolje rastu.<\/li>\n<li>Kosa je mnogo vitalnija i poslu\u0161nija.<\/li>\n<\/ul>\n<h3>ZA KAKVU KOSU I OBLIK FRIZURE KORISTIMO LITE HERBAL \u0160AMPON?<\/h3>\n<ul>\n<li>Za prekomjerno tretiranu i o\u0161te\u0107enu kosu koju \u017eelite u\u010diniti podatnijom.<\/li>\n<li>Za dugu obojenu kosu i suho vlasi\u0161te (glatko\u0107a, sjaj, rast).<\/li>\n<li>Za kra\u0107u i prekomjerno tretiranu &#8211; obojanu kosu.<\/li>\n<li>Za kovr\u010davu kosu i suho vlasi\u0161te.<\/li>\n<li>Za veoma gustu i dugu kosu kojoj nije potreban dodatni volumen.<\/li>\n<\/ul>\n<h3>UPUTE ZA UPORABU LITE \u0160AMPONA<\/h3>\n<p>Kosu isperite vodom, ocijedite i podignete od vlasi\u0161ta. Nanesite \u0161ampon na nekoliko mjesta na vlasi\u0161tu (izravno) i umasirajte ga kru\u017enim masa\u017enim pokretima. Nemojte preplesti kosu. Ostavite djelovati nekoliko minuta (najmanje 3 minute) pa isperite. Ocijedite kosu i otrljajte je ru\u010dnikom.<\/p>\n","protected":false},"excerpt":{"rendered":"<p>Za suhu i izrazito dehidriranu kosu nakon o\u0161trih tretmana. Nje\u017eni sastojci dodatno njeguju i njeguju o\u0161te\u0107enu i suhu kosu \u010dine\u0107i je glatkom, mekom i sjajnom.<\/p>\n","protected":false},"featured_media":12642,"comment_status":"closed","ping_status":"closed","template":"","meta":[],"product_brand":[],"product_cat":[383],"product_tag":[],"class_list":{"0":"post-8026","1":"product","2":"type-product","3":"status-publish","4":"has-post-thumbnail","6":"product_cat-samponi-hr","8":"first","9":"instock","10":"shipping-taxable","11":"purchasable","12":"product-type-variable"},"_links":{"self":[{"href":"https:\/\/www.literam.net\/hr\/wp-json\/wp\/v2\/product\/8026","targetHints":{"allow":["GET"]}}],"collection":[{"href":"https:\/\/www.literam.net\/hr\/wp-json\/wp\/v2\/product"}],"about":[{"href":"https:\/\/www.literam.net\/hr\/wp-json\/wp\/v2\/types\/product"}],"replies":[{"embeddable":true,"href":"https:\/\/www.literam.net\/hr\/wp-json\/wp\/v2\/comments?post=8026"}],"wp:featuredmedia":[{"embeddable":true,"href":"https:\/\/www.literam.net\/hr\/wp-json\/wp\/v2\/media\/12642"}],"wp:attachment":[{"href":"https:\/\/www.literam.net\/hr\/wp-json\/wp\/v2\/media?parent=8026"}],"wp:term":[{"taxonomy":"product_brand","embeddable":true,"href":"https:\/\/www.literam.net\/hr\/wp-json\/wp\/v2\/product_brand?post=8026"},{"taxonomy":"product_cat","embeddable":true,"href":"https:\/\/www.literam.net\/hr\/wp-json\/wp\/v2\/product_cat?post=8026"},{"taxonomy":"product_tag","embeddable":true,"href":"https:\/\/www.literam.net\/hr\/wp-json\/wp\/v2\/product_tag?post=8026"}],"curies":[{"name":"wp","href":"https:\/\/api.w.org\/{rel}","templated":true}]}}