{"id":8030,"date":"2022-05-28T14:03:03","date_gmt":"2022-05-28T12:03:03","guid":{"rendered":"https:\/\/www.literam.net\/izdelek\/lite-oil-control-shampoo-za-mastne-lase\/"},"modified":"2025-06-09T11:22:40","modified_gmt":"2025-06-09T09:22:40","slug":"lite-oil-control-shampoo-za-mastne-lase","status":"publish","type":"product","link":"https:\/\/www.literam.net\/hr\/izdelek\/lite-oil-control-shampoo-za-mastne-lase\/","title":{"rendered":"Lite oil control shampoo"},"content":{"rendered":"<p>Posebno odabrani njeguju\u0107i sastojci u \u0161amponu brinu se za uspostavljanje prirodne ravnote\u017ee vlasi\u0161ta, sprje\u010davaju iritaciju i uravnote\u017euju izlu\u010divanje masno\u0107e. \u0160ampon zatvara ljuskice kose, u\u010dvr\u0161\u0107uje ih i stvara osje\u0107aj \u010diste kose koja prirodno pada. Zbog zatvorenih ljuskica kosu je nakon uporabe \u0161ampona lak\u0161e ra\u0161\u010de\u0161ljati i lijepog je sjaja.<\/p>\n<p>*Kod veoma masnog vlasi\u0161ta preporu\u010damo uporabu \u0161ampona u kombinaciji sa \u0161amponom LITE VITAL.<\/p>\n<h3>UPORABA<\/h3>\n<p>\u0160ampon treba uvijek ostaviti na kosi du\u017ee vrijeme (najmanje 3 minute) kako bi se otopile ne\u010disto\u0107e i pripremila kosa za styling. LITERAM \u0161amponi ne pjene se puno jer ne sadr\u017ee agresivna sredstva za pjenjenje koja dodatno o\u0161te\u0107uju kosu i vlasi\u0161te.<\/p>\n<p>1x nanesite \u0161ampon (po potrebi 2x) i ostavite djelovati.<\/p>\n<h3>\u0160TO POSTI\u017dETE UPORABOM \u0160AMPONA?<\/h3>\n<ul>\n<li>Kosa postaje \u010dvrsta, glatka i sjajna.<\/li>\n<li>Kosa br\u017ee raste jer vlasi\u0161te ne optere\u0107ujemo suvi\u0161e agresivnim deterd\u017eentima i ostalim sredstvima.<\/li>\n<li>Normalizirana funkcija lojnih \u017elijezda i bolja kvaliteta kose smanjuju potrebu za u\u010destalo\u0161\u0107u pranja.<\/li>\n<li>ZA KAKVU KOSU I OBLIK FRIZURE KORISTIMO OIL \u0160AMPON?<\/li>\n<li>ZA TANKU KRA\u0106U KOSU &#8211; ako \u017eelite imati \u010dvr\u0161\u0107u kosu s vi\u0161e volumena,<\/li>\n<li>ZA DUGU TANKU OBOJENU (SU\u0160U) KOSU I MASNIJE VLASI\u0160TE u kombinaciji s HERBAL \u0161amponom,<\/li>\n<li>ZA PRIRODNU ZDRAVU KOSU, ako \u017eelite vi\u0161e volumena,<\/li>\n<li>ZA DEBLJU PRIRODNU MASNIJU KOSU i MASNO VLASI\u0160TE,<\/li>\n<li>ZA SUVI\u0160E MASNO VLASI\u0160TE mo\u017ee se koristiti u kombinaciji s VITAL \u0161amponom.<\/li>\n<\/ul>\n<h3>UPUTE ZA UPORABU LITE \u0160AMPONA<\/h3>\n<p>Kosu isperite vodom, ocijedite i podignete od vlasi\u0161ta. Nanesite \u0161ampon na nekoliko mjesta na vlasi\u0161tu (izravno) i umasirajte ga kru\u017enim masa\u017enim pokretima. Nemojte preplesti kosu. Ostavite djelovati barem 3 minute i isperite. Ocijedite kosu i otrljajte je ru\u010dnikom.<\/p>\n<h3>VIDJELI STE?<\/h3>\n<p>Na\/u kosi imamo dvije vrste masno\u0107a:<\/p>\n<ol>\n<li>Masno\u0107u koju izlu\u010duju \u017elijezde lojnice kako bi za\u0161titile vlasi\u0161te i kosu od prodora stranih tvari u na\u0161u ko\u017eu i kosu. Zbog svog sastava djeluje antibakterijski i antisepti\u010dki.<\/li>\n<li>Masno\u0107a, koja je sastavni dio prirodne i zdrave stabljike kose (vidljivi dio kose), kosi daje za\u0161titu i sjaj. Uloga prirodne masno\u0107e je o\u010duvati zdravlje ko\u017ee i vlasi\u0161ta. Nje\u017eno formulirani \u0161amponi LITERAM CARE-LINE \u010diste, njeguju i uravnote\u017euju prekomjerno izlu\u010divanje i ispiranje prirodne masno\u0107e na vlasi\u0161tu.<\/li>\n<\/ol>\n<p><img fetchpriority=\"high\" decoding=\"async\" class=\"size-full wp-image-4497\" src=\"https:\/\/www.literam.net\/wp-content\/uploads\/2018\/07\/Untitled-design-1.jpg\" alt=\"\" width=\"800\" height=\"1000\" title=\"\"><\/p>\n","protected":false},"excerpt":{"rendered":"<p>Za normalne masne i masne kose koje su previ\u0161e glatke i imaju malo volumena.<br \/>\nPriprema kosu za oblikovanje koje zahtijeva dodatni volumen.<\/p>\n","protected":false},"featured_media":12647,"comment_status":"closed","ping_status":"closed","template":"","meta":[],"product_brand":[],"product_cat":[383],"product_tag":[],"class_list":{"0":"post-8030","1":"product","2":"type-product","3":"status-publish","4":"has-post-thumbnail","6":"product_cat-samponi-hr","8":"first","9":"instock","10":"shipping-taxable","11":"purchasable","12":"product-type-variable"},"_links":{"self":[{"href":"https:\/\/www.literam.net\/hr\/wp-json\/wp\/v2\/product\/8030","targetHints":{"allow":["GET"]}}],"collection":[{"href":"https:\/\/www.literam.net\/hr\/wp-json\/wp\/v2\/product"}],"about":[{"href":"https:\/\/www.literam.net\/hr\/wp-json\/wp\/v2\/types\/product"}],"replies":[{"embeddable":true,"href":"https:\/\/www.literam.net\/hr\/wp-json\/wp\/v2\/comments?post=8030"}],"wp:featuredmedia":[{"embeddable":true,"href":"https:\/\/www.literam.net\/hr\/wp-json\/wp\/v2\/media\/12647"}],"wp:attachment":[{"href":"https:\/\/www.literam.net\/hr\/wp-json\/wp\/v2\/media?parent=8030"}],"wp:term":[{"taxonomy":"product_brand","embeddable":true,"href":"https:\/\/www.literam.net\/hr\/wp-json\/wp\/v2\/product_brand?post=8030"},{"taxonomy":"product_cat","embeddable":true,"href":"https:\/\/www.literam.net\/hr\/wp-json\/wp\/v2\/product_cat?post=8030"},{"taxonomy":"product_tag","embeddable":true,"href":"https:\/\/www.literam.net\/hr\/wp-json\/wp\/v2\/product_tag?post=8030"}],"curies":[{"name":"wp","href":"https:\/\/api.w.org\/{rel}","templated":true}]}}