{"id":8038,"date":"2022-06-16T13:17:08","date_gmt":"2022-06-16T11:17:08","guid":{"rendered":"https:\/\/www.literam.net\/izdelek\/lite-extra-gentle-shampoo-foam-za-najneznejsa-lasisca-in-pogosto-umivanje-las\/"},"modified":"2022-06-16T13:21:04","modified_gmt":"2022-06-16T11:21:04","slug":"lite-extra-gentle-shampoo-foam-za-najneznejsa-lasisca-in-pogosto-umivanje-las","status":"publish","type":"product","link":"https:\/\/www.literam.net\/hr\/izdelek\/lite-extra-gentle-shampoo-foam-za-najneznejsa-lasisca-in-pogosto-umivanje-las\/","title":{"rendered":"Lite extra gentle shampoo foam"},"content":{"rendered":"<p>Zbog odabranog nje\u017enog sastava s dodatkom ru\u017emarina uklanja bla\u017ee anomalije na vlasi\u0161tu, poput peruti te ostvaruje uvjete za bolji rast kose. Vlasi su \u010dvr\u0161\u0107e i lak\u0161e ih ra\u0161\u010de\u0161ljati.<\/p>\n<p>Ako koristimo \u0161ampon u pjeni koji se ne\u0107e razliti, pranje kra\u0107e kose bit \u0107e jednostavnije, a uporaba kontrolirana. Time istovremeno \u0161titimo o\u010di. Zato je prikladan za pranje kose va\u0161ih najmla\u0111ih. Tako\u0111er, koli\u010dina iskori\u0161tenog \u0161ampona je manja jer se u pjeni nalazi ve\u0107a koli\u010dina zraka.<\/p>\n<p>*Za veoma masno vlasi\u0161te preporu\u010damo uporabu u kombinaciji sa \u0161amponom LITE VITAL.<\/p>\n<p>* Za vlasi\u0161te na kojemu se u odre\u0111enim razdobljima neprestano pojavljuje perut preporu\u010damo uporabu u kombinaciji sa \u0161amponom LITE KEPYRO.<\/p>\n<h3>UPORABA<\/h3>\n<p>Nanesite na kosu i vlasi\u0161te, ostavite djelovati najmanje 3 minute, zatim mo\u017eete ra\u0161\u010de\u0161ljati i isprati.<\/p>\n<p>Nije potrebno 2x prati, osim u iznimnim slu\u010dajevima.<\/p>\n<h3>\u0160TO POSTI\u017dETE UPORABOM EXTRA GENTLE SHAMPOO FOAM?<\/h3>\n<ul>\n<li>Umireno vlasi\u0161te.<\/li>\n<li>Zdrava i \u010dvrsta kosa.<\/li>\n<li>Pobolj\u0161ani uvjeti za rast kose.<\/li>\n<li>Idealan je za najosjetljivije vlasi\u0161te, jer je u obliku pjene i ne prolijeva se.Stoga, ne nadra\u017euje o\u010di.<\/li>\n<\/ul>\n<h3>UPUTE ZA UPORABU LITE \u0160AMPONA<\/h3>\n<p>Kosu isperite vodom, ocijedite i podignete od vlasi\u0161ta. Nanesite \u0161ampon na nekoliko mjesta na vlasi\u0161tu (izravno) i umasirajte ga kru\u017enim masa\u017enim pokretima. Nemojte preplesti kosu. Ostavite djelovati nekoliko minuta (najmanje 3) pa isperite. Ocijedite kosu i otrljajte je ru\u010dnikom.<\/p>\n<h3>VIDJELI STE?<\/h3>\n<p>Duge vlasi peremo otprilike 260 puta prije nego ispadnu i narastu nove. Kvaliteta vlasi ovisi o tome \u010dime ih perete i na koji na\u010din.<\/p>\n<p><img fetchpriority=\"high\" decoding=\"async\" class=\"alignnone size-full wp-image-4535\" src=\"https:\/\/www.literam.net\/wp-content\/uploads\/2018\/07\/Untitled-design-3.jpg\" alt=\"\" width=\"800\" height=\"1000\" title=\"\"><\/p>\n","protected":false},"excerpt":{"rendered":"<p>Hranjiv, nje\u017eni \u0161ampon koji \u010disti i njeguje kosu, a blagotvorno djeluje na vlasi\u0161te.\u00a0 Za izuzetno \u010desto pranje kose.\u00a0 Preporu\u010duje se za najnje\u017enije vlasi\u0161te ili vlasi\u0161te s manje kose, ne nadra\u017euje o\u010di.<\/p>\n","protected":false},"featured_media":12637,"comment_status":"closed","ping_status":"closed","template":"","meta":[],"product_brand":[],"product_cat":[383],"product_tag":[],"class_list":{"0":"post-8038","1":"product","2":"type-product","3":"status-publish","4":"has-post-thumbnail","6":"product_cat-samponi-hr","8":"first","9":"instock","10":"shipping-taxable","11":"purchasable","12":"product-type-simple"},"_links":{"self":[{"href":"https:\/\/www.literam.net\/hr\/wp-json\/wp\/v2\/product\/8038","targetHints":{"allow":["GET"]}}],"collection":[{"href":"https:\/\/www.literam.net\/hr\/wp-json\/wp\/v2\/product"}],"about":[{"href":"https:\/\/www.literam.net\/hr\/wp-json\/wp\/v2\/types\/product"}],"replies":[{"embeddable":true,"href":"https:\/\/www.literam.net\/hr\/wp-json\/wp\/v2\/comments?post=8038"}],"wp:featuredmedia":[{"embeddable":true,"href":"https:\/\/www.literam.net\/hr\/wp-json\/wp\/v2\/media\/12637"}],"wp:attachment":[{"href":"https:\/\/www.literam.net\/hr\/wp-json\/wp\/v2\/media?parent=8038"}],"wp:term":[{"taxonomy":"product_brand","embeddable":true,"href":"https:\/\/www.literam.net\/hr\/wp-json\/wp\/v2\/product_brand?post=8038"},{"taxonomy":"product_cat","embeddable":true,"href":"https:\/\/www.literam.net\/hr\/wp-json\/wp\/v2\/product_cat?post=8038"},{"taxonomy":"product_tag","embeddable":true,"href":"https:\/\/www.literam.net\/hr\/wp-json\/wp\/v2\/product_tag?post=8038"}],"curies":[{"name":"wp","href":"https:\/\/api.w.org\/{rel}","templated":true}]}}