{"id":8050,"date":"2022-05-28T13:42:44","date_gmt":"2022-05-28T11:42:44","guid":{"rendered":"https:\/\/www.literam.net\/izdelek\/lite-kepyro-shampoo-foam\/"},"modified":"2022-06-16T13:38:29","modified_gmt":"2022-06-16T11:38:29","slug":"lite-kepyro-shampoo-foam","status":"publish","type":"product","link":"https:\/\/www.literam.net\/hr\/izdelek\/lite-kepyro-shampoo-foam\/","title":{"rendered":"Lite kepyro shampoo foam"},"content":{"rendered":"<p>Perut je pote\u0161ko\u0107a koju uzrokuje kombinacija \u010dimbenika, kao \u0161to su gljivice, bakterije, stres i zaga\u0111enje. Sklonost perutanju mo\u017ee biti i genetske prirode. \u0160ampon odlikuje u\u010dinkovito uklanjanje peruti te iznimno ja\u010danje stabljike vlasi. Njeguju\u0107a kombinacija sastojaka klimbazola, cinka, piritona i ru\u017emarina omogu\u0107uje u\u010dinkovitu borbu s razli\u010ditim vrstama peruti, a istovremeno bogato hranu stabljiku vlasi. Vlasi\u0161te \u0107e nakon uporabe biti \u010disto i umireno, a kosa \u0107e ponovno imati volumen, elasti\u010dnost i \u010dvrsto\u0107u. Du\u017ea kosa \u0107e se zbog uporabe \u0161ampona lak\u0161e ra\u0161\u010de\u0161ljavati i ostati zdrava unato\u010d \u010destom pranju.<\/p>\n<p>Ako je prisutna perut, obi\u010dno je potrebno vi\u0161e puta nanijeti \u0161ampon na vlasi\u0161te. Preporu\u010da se nje\u017eno masirati vlasi\u0161te i \u010de\u0161ljati \u010distim \u010de\u0161ljem. \u0160ampon isperemo i ponovno nanosimo dok vlasi\u0161te nije posve \u010disto.<\/p>\n<p>*\u0160ampon bolje djeluje ako ga du\u017ee vrijeme ostavimo na vlasi\u0161tu, na primjer 15 minuta.<\/p>\n<h3>UPORABA<\/h3>\n<p>Nanesite na kosu i vlasi\u0161te, dobro umasirajte u vlasi\u0161te, ostavite da djeluje najmanje 3 minute.\u00a0 Ra\u0161\u010de\u0161ljajte i isperite kosu.<\/p>\n<p>Ako ima vi\u0161e peruti, nanesite 2x \u0161ampon, dobro umasirajte, ostavite da djeluje nekoliko minuta (najmanje 3), ra\u0161\u010de\u0161ljajte kosu i isperite.<\/p>\n<p>Kad vi\u0161e nema peruti , za sljede\u0107e pranje kose koristimo druge LITE \u0161ampone. Ako se perut ponovno pojavi, vlasi\u0161te peremo 1x ili 2x s KEPYRO \u0161amponom.<\/p>\n<p>Kod vrlo trajne peruti perite kosu 2 ili 3 uzastopna dana. Preporu\u010duje se i upotreba Lite Hair Growth Lotiona koji \u0107e dodatno osigurati br\u017ee normaliziranje vlasi\u0161ta.<\/p>\n<p>UPUTE ZA UPORABU LITE \u0160AMPONA<\/p>\n<p>Kosu isperite vodom, ocijedite i podignete od vlasi\u0161ta. Nanesite \u0161ampon na nekoliko mjesta na vlasi\u0161tu (izravno) i umasirajte ga kru\u017enim masa\u017enim pokretima. Nemojte preplesti kosu. Ostavite djelovati nekoliko minuta (najmanje 3) i isperite. Ocijedite kosu i otrljajte je ru\u010dnikom.<\/p>\n<h3>VIDJELI STE?<\/h3>\n<p>Perut je \u010dest problem i \u010dak kod 50 posto ljudi ponavlja se barem jednom u \u017eivotu. Kombinacija hladnog vremena vani i toplog i suhog zraka u na\u0161im stanovima samo ubrzava nastanak peruti. Perut je ujedno i hrana za gljivice i bakterije koje uzrokuju nadra\u017eeno, svrbe\u017eno vlasi\u0161te. I ne samo to, gljivice i bakterije naru\u0161avaju rast kose i mogu ubrzati gubitak kose.<\/p>\n<p>\u0160to mo\u017eemo u\u010diniti da na\u0161a kosa ostane zdrava i sjajna zimi i, iznad svega, bez peruti?<\/p>\n<p>Prvo, najva\u017enije je kupiti odgovaraju\u0107i \u0161ampon koji je nje\u017ean i ne sadr\u017ei prekomjerna sredstva za pjenjenje. Odabiremo \u0161ampon koji s odabranim biljnim ekstraktima djeluje umiruju\u0107e na vlasi\u0161te i vra\u0107a prirodnu ravnote\u017eu, kao \u0161to je gore opisani LITE KEPYRO. Ako se perut ne \u010disti pravim \u0161amponima ili su ti \u0161amponi neprikladni zbog svojih sastojaka, mo\u017ee se dodatno ra\u0161iriti.<\/p>\n","protected":false},"excerpt":{"rendered":"<p>\u0160\u0160ampon protiv PERUTI u pjeni. Aktivno \u010disti vlasi\u0161te i i ja\u010da kosu. Djeluje na tri glavne uzro\u010dnike peruti: bakterije, stres i zaga\u0111enje.\u00a0 Ja\u010da stabljiku kose jer je izuzetno aktivan.<\/p>\n","protected":false},"featured_media":7397,"comment_status":"open","ping_status":"closed","template":"","meta":[],"product_brand":[],"product_cat":[383],"product_tag":[],"class_list":{"0":"post-8050","1":"product","2":"type-product","3":"status-publish","4":"has-post-thumbnail","6":"product_cat-samponi-hr","8":"first","9":"instock","10":"shipping-taxable","11":"purchasable","12":"product-type-simple"},"_links":{"self":[{"href":"https:\/\/www.literam.net\/hr\/wp-json\/wp\/v2\/product\/8050","targetHints":{"allow":["GET"]}}],"collection":[{"href":"https:\/\/www.literam.net\/hr\/wp-json\/wp\/v2\/product"}],"about":[{"href":"https:\/\/www.literam.net\/hr\/wp-json\/wp\/v2\/types\/product"}],"replies":[{"embeddable":true,"href":"https:\/\/www.literam.net\/hr\/wp-json\/wp\/v2\/comments?post=8050"}],"wp:featuredmedia":[{"embeddable":true,"href":"https:\/\/www.literam.net\/hr\/wp-json\/wp\/v2\/media\/7397"}],"wp:attachment":[{"href":"https:\/\/www.literam.net\/hr\/wp-json\/wp\/v2\/media?parent=8050"}],"wp:term":[{"taxonomy":"product_brand","embeddable":true,"href":"https:\/\/www.literam.net\/hr\/wp-json\/wp\/v2\/product_brand?post=8050"},{"taxonomy":"product_cat","embeddable":true,"href":"https:\/\/www.literam.net\/hr\/wp-json\/wp\/v2\/product_cat?post=8050"},{"taxonomy":"product_tag","embeddable":true,"href":"https:\/\/www.literam.net\/hr\/wp-json\/wp\/v2\/product_tag?post=8050"}],"curies":[{"name":"wp","href":"https:\/\/api.w.org\/{rel}","templated":true}]}}