{"id":8083,"date":"2022-05-28T18:38:45","date_gmt":"2022-05-28T16:38:45","guid":{"rendered":"https:\/\/www.literam.net\/izdelek\/lite-keratin-spray-za-suhe-lase-ki-jim-primankuje-vlage-ter-za-lazje-razcesavanje\/"},"modified":"2025-06-09T11:00:48","modified_gmt":"2025-06-09T09:00:48","slug":"lite-keratin-spray-za-suhe-lase-ki-jim-primankuje-vlage-ter-za-lazje-razcesavanje","status":"publish","type":"product","link":"https:\/\/www.literam.net\/hr\/izdelek\/lite-keratin-spray-za-suhe-lase-ki-jim-primankuje-vlage-ter-za-lazje-razcesavanje\/","title":{"rendered":"Lite keratin spray"},"content":{"rendered":"<p>Proizvod je formuliran za sve koji se susre\u0107u s pote\u0161ko\u0107ama prekomjernog zaplitanja kose, kosa vam se lomi i svakodnevno isu\u0161uje, zato vam vlasi u frizuri \u010desto \u201estr\u0161e\u201c. Budu\u0107i da se LITE KERATIN SPRAY mo\u017ee nanositi i na suhu kosu, svakodnevno vra\u0107a vla\u017enost kosi, poma\u017ee o\u010duvati zdravi oblik, glatko\u0107u i sjaj. Zbog ni\u017ee koncentracije derivata keratina, proizvod ne vra\u0107a kosi toliko \u010dvrsto\u0107e koliko je \u010dini glatkom. Kosa pomo\u0107u proizvoda KERATIN SPRAY ostaje elasti\u010dna, ne lomi se i br\u017ee dobiva na du\u017eini. Uvelike poma\u017ee kod oblikovanja frizure, ako vam se kosa pretjerano isu\u0161uje tijekom oblikovanja. Tada je ovim jedinstvenim ovla\u017eiva\u010dem navla\u017eite, \u010dime zatvarate ljuskice kose, \u0161to \u0107e utjecati na o\u010duvanje boje, kvalitetu i otpornost kose.<\/p>\n<h3>UPORABA<\/h3>\n<p>Nave\u010der, prije nego se pripremite za po\u010dinak, navla\u017eene isu\u0161ene dijelove kose nje\u017eno ra\u0161\u010de\u0161ljajte, a dugu kosu zamotajte na vrh glave i nje\u017eno pri\u010dvrstite hvataljkom za kosu, \u010dime kosu pripremate za svakodnevnu frizuru. Kosa \u0107e ujutro biti svje\u017ea i imati lijepi oblik, kao da je svje\u017ee oprana i to bez dodatnog rada. Kod kra\u0107e kose, proizvod nanesite ujutro kako bi osvje\u017eili kosu i oblikujte su\u0161ilom ili \u010detkom. Tako \u0107ete se pobrinuti da kosa, zbog \u010destog oblikovanja, ne bude isu\u0161ena i bez sjaja. Mo\u017ee se nanositi na mokru ili suhu kosu.<\/p>\n<h3>ZA KOJU JE KOSU PRIKLADAN KERATIN SPRAY?<\/h3>\n<ul>\n<li>DJE\u010cJA KOSA &#8211; \u010de\u0161ljanje je bezbolno,<\/li>\n<li>DUGA TANKA OBOJENA KOSA &#8211; pove\u0107ava glatko\u0107u, sjaj, za\u0161titu, dodaje vlagu i pru\u017ea elasti\u010dnost<\/li>\n<li>ZA KOSU KOJA SE LOMI i pretjerano je o\u0161te\u0107ena (pove\u0107ava elasti\u010dnost, sprje\u010dava lom).<\/li>\n<li>ZA LAK\u0160E OBLIKOVANJE &#8211; pove\u0107ava \u010dvrsto\u0107u i sjaj.<\/li>\n<\/ul>\n<p>&nbsp;<\/p>\n<p><img fetchpriority=\"high\" decoding=\"async\" class=\"alignnone size-full wp-image-4541\" src=\"https:\/\/www.literam.net\/wp-content\/uploads\/2018\/07\/Untitled-design-4.jpg\" alt=\"\" width=\"800\" height=\"1000\" title=\"\"><\/p>\n","protected":false},"excerpt":{"rendered":"<p>Proizvod je formuliran za sve koji se susre\u0107u s pote\u0161ko\u0107ama prekomjernog zaplitanja kose, kosa vam se lomi i svakodnevno isu\u0161uje, zato vam vlasi u frizuri \u010desto \u201estr\u0161e\u201c. Budu\u0107i da se LITE KERATIN SPRAY mo\u017ee nanositi i na suhu kosu, svakodnevno vra\u0107a vla\u017enost kosi, poma\u017ee o\u010duvati zdravi oblik, glatko\u0107u i sjaj.<\/p>\n","protected":false},"featured_media":16422,"comment_status":"closed","ping_status":"closed","template":"","meta":[],"product_brand":[],"product_cat":[384],"product_tag":[],"class_list":{"0":"post-8083","1":"product","2":"type-product","3":"status-publish","4":"has-post-thumbnail","6":"product_cat-njega","8":"first","9":"instock","10":"shipping-taxable","11":"purchasable","12":"product-type-variable"},"_links":{"self":[{"href":"https:\/\/www.literam.net\/hr\/wp-json\/wp\/v2\/product\/8083","targetHints":{"allow":["GET"]}}],"collection":[{"href":"https:\/\/www.literam.net\/hr\/wp-json\/wp\/v2\/product"}],"about":[{"href":"https:\/\/www.literam.net\/hr\/wp-json\/wp\/v2\/types\/product"}],"replies":[{"embeddable":true,"href":"https:\/\/www.literam.net\/hr\/wp-json\/wp\/v2\/comments?post=8083"}],"wp:featuredmedia":[{"embeddable":true,"href":"https:\/\/www.literam.net\/hr\/wp-json\/wp\/v2\/media\/16422"}],"wp:attachment":[{"href":"https:\/\/www.literam.net\/hr\/wp-json\/wp\/v2\/media?parent=8083"}],"wp:term":[{"taxonomy":"product_brand","embeddable":true,"href":"https:\/\/www.literam.net\/hr\/wp-json\/wp\/v2\/product_brand?post=8083"},{"taxonomy":"product_cat","embeddable":true,"href":"https:\/\/www.literam.net\/hr\/wp-json\/wp\/v2\/product_cat?post=8083"},{"taxonomy":"product_tag","embeddable":true,"href":"https:\/\/www.literam.net\/hr\/wp-json\/wp\/v2\/product_tag?post=8083"}],"curies":[{"name":"wp","href":"https:\/\/api.w.org\/{rel}","templated":true}]}}