{"id":8099,"date":"2022-05-28T14:38:30","date_gmt":"2022-05-28T12:38:30","guid":{"rendered":"https:\/\/www.literam.net\/izdelek\/lite-keratin-foam-hitro-zapolni-vecje-poskodbe-las\/"},"modified":"2022-06-16T22:42:12","modified_gmt":"2022-06-16T20:42:12","slug":"lite-keratin-foam-hitro-zapolni-vecje-poskodbe-las","status":"publish","type":"product","link":"https:\/\/www.literam.net\/hr\/izdelek\/lite-keratin-foam-hitro-zapolni-vecje-poskodbe-las\/","title":{"rendered":"Lite keratin foam"},"content":{"rendered":"<p>Primjerena je za ja\u010danje, volumen i za\u0161titu kose. Pjenom dodajemo o\u0161te\u0107enim vlasima derivate keratina kako bi nadomjestili njegov gubitak. Na taj na\u010din uklanjamo o\u0161te\u0107enja, kosa postaje \u010dvr\u0161\u0107a, punija i ima vi\u0161e volumena. Visoka koncentracija cistina &#8211; aminokiseline koja \u010dini prirodni keratin, omogu\u0107uje da kosa postane sna\u017enija i otpornija na lomljenje i kidanje, glatka je i lak\u0161e se \u010de\u0161lja.<\/p>\n<h3>UPORABA<\/h3>\n<p>Na opranu kosu nanesite potrebnu koli\u010dinu pjene, a posebice na ona mjesta koja \u017eelite u\u010dvrstiti. To je naj\u010de\u0161\u0107e korijen kose. U tom slu\u010daju, proizvod na du\u017eini kose kombiniramo s LITE KERACARE. Mo\u017eete ga koristiti na \u010ditavoj du\u017eini kose, umasirati u vlasi\u0161te i po\u010de\u0161ljati kosu. Keratin pjena koristi se kao dubinska njega, samostalno ili u kombinaciji s LITE KERACARE, prate\u0107i postupak opisan za uporabu proizvoda LITE KERACARE.<\/p>\n<h3>\u0160TO POSTI\u017dETE UPORABE LITE KERATIN FOAM?<\/h3>\n<ul>\n<li>\u010cvr\u0161\u0107a kosa<\/li>\n<li>Ve\u0107i volumen<\/li>\n<li>Glatka povr\u0161ina vlasi<\/li>\n<li>Lak\u0161e ra\u0161\u010de\u0161ljavanje<\/li>\n<li>Sjajna i zdrava kosa<\/li>\n<li>Postojana frizura<\/li>\n<li>Za\u0161ti\u0107ena kosa<\/li>\n<li>Vi\u0161e razli\u010ditih mogu\u0107nosti oblikovanja<\/li>\n<\/ul>\n<h3>VIDJELI STE?<\/h3>\n<p>Vlasi na glavi imamo prosje\u010dno 4 do 8 godina prije nego ispadnu i narastu nove. U tim godinama njihova kvaliteta obi\u010dno brzo slabi, ovisno o tome \u010demu ih izla\u017eemo i kako ih svakodnevno \u0161titimo. Proizvodi za njegu LITERAM CARE-LINE u\u010dinkovito \u0161tite kosu od o\u0161te\u0107enja i brinu se za kvalitetnu i zdravu kosu.<\/p>\n<p>&nbsp;<\/p>\n<p><img fetchpriority=\"high\" decoding=\"async\" class=\"alignnone size-full wp-image-4547\" src=\"https:\/\/www.literam.net\/wp-content\/uploads\/2018\/07\/Untitled-design-5.jpg\" alt=\"\" width=\"800\" height=\"1000\" title=\"\"><\/p>\n","protected":false},"excerpt":{"rendered":"<p>KERATIN PJENA brzo uklanja ve\u0107a o\u0161te\u0107enja kose. Primjerena je za ja\u010danje, volumen i za\u0161titu kose. Pjenom dodajemo o\u0161te\u0107enim vlasima derivate keratina kako bi nadomjestili njegov gubitak.<\/p>\n","protected":false},"featured_media":16191,"comment_status":"closed","ping_status":"closed","template":"","meta":[],"product_brand":[],"product_cat":[384],"product_tag":[],"class_list":{"0":"post-8099","1":"product","2":"type-product","3":"status-publish","4":"has-post-thumbnail","6":"product_cat-njega","8":"first","9":"instock","10":"shipping-taxable","11":"purchasable","12":"product-type-simple"},"_links":{"self":[{"href":"https:\/\/www.literam.net\/hr\/wp-json\/wp\/v2\/product\/8099","targetHints":{"allow":["GET"]}}],"collection":[{"href":"https:\/\/www.literam.net\/hr\/wp-json\/wp\/v2\/product"}],"about":[{"href":"https:\/\/www.literam.net\/hr\/wp-json\/wp\/v2\/types\/product"}],"replies":[{"embeddable":true,"href":"https:\/\/www.literam.net\/hr\/wp-json\/wp\/v2\/comments?post=8099"}],"wp:featuredmedia":[{"embeddable":true,"href":"https:\/\/www.literam.net\/hr\/wp-json\/wp\/v2\/media\/16191"}],"wp:attachment":[{"href":"https:\/\/www.literam.net\/hr\/wp-json\/wp\/v2\/media?parent=8099"}],"wp:term":[{"taxonomy":"product_brand","embeddable":true,"href":"https:\/\/www.literam.net\/hr\/wp-json\/wp\/v2\/product_brand?post=8099"},{"taxonomy":"product_cat","embeddable":true,"href":"https:\/\/www.literam.net\/hr\/wp-json\/wp\/v2\/product_cat?post=8099"},{"taxonomy":"product_tag","embeddable":true,"href":"https:\/\/www.literam.net\/hr\/wp-json\/wp\/v2\/product_tag?post=8099"}],"curies":[{"name":"wp","href":"https:\/\/api.w.org\/{rel}","templated":true}]}}