{"id":8123,"date":"2022-06-16T23:08:31","date_gmt":"2022-06-16T21:08:31","guid":{"rendered":"https:\/\/www.literam.net\/izdelek\/lite-keracreme-za-zascito-konic-pred-lomljenjem-in-cepljenjem\/"},"modified":"2022-06-16T23:10:25","modified_gmt":"2022-06-16T21:10:25","slug":"lite-keracreme-za-zascito-konic-pred-lomljenjem-in-cepljenjem","status":"publish","type":"product","link":"https:\/\/www.literam.net\/hr\/izdelek\/lite-keracreme-za-zascito-konic-pred-lomljenjem-in-cepljenjem\/","title":{"rendered":"Lite keracreme"},"content":{"rendered":"<p>Kombinacijom obnavljaju\u0107eg kompleksa i derivata keratina \u0161titi vrhove od kidanja i lomljenja. Zato vlasi mogu du\u017ee narasti. Nakon uporabe frizura ostaje lijepa vi\u0161e dana. Vlasi se manje zapli\u0107u i produ\u017euje se njihov \u017eivotni vijek. Poma\u017ee umiriti stati\u010dki elektricitet i omogu\u0107uje lak\u0161e oblikovanje frizure.<\/p>\n<p>Ako imate veoma isu\u0161ene vrhove ili du\u017einu kose, kremu mo\u017eete nanijeti svakodnevno na suhu kosu. U suprotnom, dovoljno je kremu nanositi nakon pranja na mokru ili djelomice suhu kosu.<\/p>\n<h3>ZNA\u010cAJKE<\/h3>\n<p>Osje\u0107aj nakon uporabe ove kreme sli\u010dan je osje\u0107aju nakon uporabe drugih proizvoda za njegu vrhova (ulje, krema, vosak i sl.), samo \u0161to Keracare krema dugoro\u010dno odr\u017eava kvalitetu zdrave kose i sprje\u010dava prebrzo tro\u0161enje, stanjivanje i kidanje vrhova.<\/p>\n<h3>\u0160TO POSTI\u017dETE UPORABOM KERACARE KREME?<\/h3>\n<ul>\n<li>Pune i glatke vrhove.<\/li>\n<li>Vrhovi imaju du\u017ei vijek trajanja.<\/li>\n<li>Vrhovi kose manje se o\u0161te\u0107uju tijekom ra\u0161\u010de\u0161ljavanja.<\/li>\n<li>Kosa dobiva na du\u017eini.<\/li>\n<li>Postojana frizura.<\/li>\n<\/ul>\n","protected":false},"excerpt":{"rendered":"<p>Pru\u017ea vrhovima puno\u0107u, glatko\u0107u i elasti\u010dnost. \u0160titi vlasi, \u010dini ih debljina i umiruje stati\u010dki elektricitet. \u010cuva prirodnu kvalitetu kose. Primjerena za vrhove koji se brzo isu\u0161uju. Produ\u017euje \u017eivotni vijek. Kosa br\u017ee raste.<\/p>\n","protected":false},"featured_media":16186,"comment_status":"closed","ping_status":"closed","template":"","meta":[],"product_brand":[],"product_cat":[384],"product_tag":[],"class_list":{"0":"post-8123","1":"product","2":"type-product","3":"status-publish","4":"has-post-thumbnail","6":"product_cat-njega","8":"first","9":"instock","10":"shipping-taxable","11":"purchasable","12":"product-type-simple"},"_links":{"self":[{"href":"https:\/\/www.literam.net\/hr\/wp-json\/wp\/v2\/product\/8123","targetHints":{"allow":["GET"]}}],"collection":[{"href":"https:\/\/www.literam.net\/hr\/wp-json\/wp\/v2\/product"}],"about":[{"href":"https:\/\/www.literam.net\/hr\/wp-json\/wp\/v2\/types\/product"}],"replies":[{"embeddable":true,"href":"https:\/\/www.literam.net\/hr\/wp-json\/wp\/v2\/comments?post=8123"}],"wp:featuredmedia":[{"embeddable":true,"href":"https:\/\/www.literam.net\/hr\/wp-json\/wp\/v2\/media\/16186"}],"wp:attachment":[{"href":"https:\/\/www.literam.net\/hr\/wp-json\/wp\/v2\/media?parent=8123"}],"wp:term":[{"taxonomy":"product_brand","embeddable":true,"href":"https:\/\/www.literam.net\/hr\/wp-json\/wp\/v2\/product_brand?post=8123"},{"taxonomy":"product_cat","embeddable":true,"href":"https:\/\/www.literam.net\/hr\/wp-json\/wp\/v2\/product_cat?post=8123"},{"taxonomy":"product_tag","embeddable":true,"href":"https:\/\/www.literam.net\/hr\/wp-json\/wp\/v2\/product_tag?post=8123"}],"curies":[{"name":"wp","href":"https:\/\/api.w.org\/{rel}","templated":true}]}}