{"id":8127,"date":"2022-05-28T13:37:09","date_gmt":"2022-05-28T11:37:09","guid":{"rendered":"https:\/\/www.literam.net\/izdelek\/literam-krtace-za-oblikovanje-iz-naravnih-scetin\/"},"modified":"2022-06-16T23:18:49","modified_gmt":"2022-06-16T21:18:49","slug":"literam-krtace-za-oblikovanje-iz-naravnih-scetin","status":"publish","type":"product","link":"https:\/\/www.literam.net\/hr\/izdelek\/literam-krtace-za-oblikovanje-iz-naravnih-scetin\/","title":{"rendered":"LITERAM \u010cETKE ZA OBLIKOVANJE OD PRIRODNIH \u010cEKINJA"},"content":{"rendered":"<p>Gusta i ravna \u010dvrsta dlaka omogu\u0107uje dobro prianjanje vlasi i oblikovanje. Sprje\u010dava iritaciju vlasi\u0161ta i omogu\u0107uje rahlo i nje\u017eno zagla\u0111ivanje kose. \u010cekinje \u010detke griju se<\/p>\n<p>jednakom brzinom i snagom kao va\u0161a kosa. \u010cetka \u0107e se pobrinuti da tijekom oblikovanja ne nastanu termi\u010dka o\u0161te\u0107enja.<\/p>\n<p>Mo\u017eete odabrati me\u0111u sljede\u0107im \u010detkama:<\/p>\n<p>\/\/ Za kratku kosu i sitno definirane kovr\u010de<br \/>\n\/\/ Za srednje dugu kosu i sitno definirane kovr\u010de<br \/>\n\/\/ Za du\u017eu kosu i definirane kovr\u010de<br \/>\n\/\/ Za du\u017eu kosu i postizanje ravnog oblika<\/p>\n","protected":false},"excerpt":{"rendered":"<p>Osnova za o\u010duvanje zdrave kose je briga da \u0161to manje o\u0161tetimo kosu tijekom oblikovanja. Okrugle \u010detke LITERAM za oblikovanje kose, izra\u0111ene od prirodnih \u010dekinja, brinu se da tijekom su\u0161enja i oblikovanja \u0161to manje o\u0161tetite kosu.<\/p>\n","protected":false},"featured_media":7391,"comment_status":"closed","ping_status":"closed","template":"","meta":[],"product_brand":[],"product_cat":[385],"product_tag":[],"class_list":{"0":"post-8127","1":"product","2":"type-product","3":"status-publish","4":"has-post-thumbnail","6":"product_cat-styling-hr","7":"pa_premer-15-cm-hr","8":"pa_premer-35-cm-hr","9":"pa_premer-5-cm-hr","10":"pa_premer-7-cm-hr","12":"first","13":"instock","14":"shipping-taxable","15":"purchasable","16":"product-type-variable"},"_links":{"self":[{"href":"https:\/\/www.literam.net\/hr\/wp-json\/wp\/v2\/product\/8127","targetHints":{"allow":["GET"]}}],"collection":[{"href":"https:\/\/www.literam.net\/hr\/wp-json\/wp\/v2\/product"}],"about":[{"href":"https:\/\/www.literam.net\/hr\/wp-json\/wp\/v2\/types\/product"}],"replies":[{"embeddable":true,"href":"https:\/\/www.literam.net\/hr\/wp-json\/wp\/v2\/comments?post=8127"}],"wp:featuredmedia":[{"embeddable":true,"href":"https:\/\/www.literam.net\/hr\/wp-json\/wp\/v2\/media\/7391"}],"wp:attachment":[{"href":"https:\/\/www.literam.net\/hr\/wp-json\/wp\/v2\/media?parent=8127"}],"wp:term":[{"taxonomy":"product_brand","embeddable":true,"href":"https:\/\/www.literam.net\/hr\/wp-json\/wp\/v2\/product_brand?post=8127"},{"taxonomy":"product_cat","embeddable":true,"href":"https:\/\/www.literam.net\/hr\/wp-json\/wp\/v2\/product_cat?post=8127"},{"taxonomy":"product_tag","embeddable":true,"href":"https:\/\/www.literam.net\/hr\/wp-json\/wp\/v2\/product_tag?post=8127"}],"curies":[{"name":"wp","href":"https:\/\/api.w.org\/{rel}","templated":true}]}}