{"id":8176,"date":"2022-05-27T20:14:41","date_gmt":"2022-05-27T18:14:41","guid":{"rendered":"https:\/\/www.literam.net\/izdelek\/lite-styling-light-foam\/"},"modified":"2022-06-18T22:51:27","modified_gmt":"2022-06-18T20:51:27","slug":"lite-styling-light-foam","status":"publish","type":"product","link":"https:\/\/www.literam.net\/hr\/izdelek\/lite-styling-light-foam\/","title":{"rendered":"LITE STYLING &#8211; Light foam"},"content":{"rendered":"<p>Tako\u0111er, sna\u017eno u\u010dvr\u0161\u0107uje i fiksira tanku, mekanu ili normalnu kosu. Koristi se u vi\u0161e svrha. Na mokru kosu prije oblikovanja su\u0161ilom ili uvijanjem te umjesto gela za oblikovanje kra\u0107e kose. Ne lijepi i ne masti kosu.<\/p>\n<h3>\u0160TO POSTI\u017dETE UPORABOM LITE STYLING FOAM?<\/h3>\n<ul>\n<li>Postojana frizura i \u010dvr\u0161\u0107a kosa.<\/li>\n<li>Punija frizura.<\/li>\n<li>\u010cuva \u010disto\u0107u kose.<\/li>\n<li>Hrani zdravu strukturu kose.<\/li>\n<\/ul>\n<h3>\u00a0UPORABA<\/h3>\n<p>Prije oblikovanja nanesite manju koli\u010dinu pjene na mokru kosu po cijeloj du\u017eini i ra\u0161\u010de\u0161ljajte. U ovom primjeru proizvod djeluje kao u\u010dvr\u0161\u0107iva\u010d. Za zavr\u0161ni styling &#8211; mokar izgled ili posebno sna\u017eno u\u010dvr\u0161\u0107ivanje nanesite manju koli\u010dinu pjene na suhu kosu na kraju oblikovanja. Za kosu, kojoj je potrebno sna\u017enije u\u010dvr\u0161\u0107ivanje, proizvod mo\u017eete kombinirati s pjenom LITE STYLING EXTRA STRONG koju nanosite na korijen gdje se kosa obi\u010dno vi\u0161e i ja\u010de masti te s pjenom LITE STYLING po du\u017eini kose gdje su vlasi tanje i suhe. Kori\u0161tenom koli\u010dinom proizvoda i udjelom vlage u kosi prije nano\u0161enja proizvoda mo\u017eete regulirati \u017eeljenu snagu u\u010dvr\u0161\u0107ivanja pjene.<\/p>\n","protected":false},"excerpt":{"rendered":"<p>Tako\u0111er, sna\u017eno u\u010dvr\u0161\u0107uje i fiksira tanku, mekanu ili normalnu kosu. Koristi se u vi\u0161e svrha. Na mokru kosu prije oblikovanja su\u0161ilom ili uvijanjem te umjesto gela za oblikovanje kra\u0107e kose. Ne lijepi i ne masti kosu.<\/p>\n","protected":false},"featured_media":7286,"comment_status":"closed","ping_status":"closed","template":"","meta":[],"product_brand":[],"product_cat":[385],"product_tag":[],"class_list":{"0":"post-8176","1":"product","2":"type-product","3":"status-publish","4":"has-post-thumbnail","6":"product_cat-styling-hr","8":"first","9":"instock","10":"shipping-taxable","11":"purchasable","12":"product-type-simple"},"_links":{"self":[{"href":"https:\/\/www.literam.net\/hr\/wp-json\/wp\/v2\/product\/8176","targetHints":{"allow":["GET"]}}],"collection":[{"href":"https:\/\/www.literam.net\/hr\/wp-json\/wp\/v2\/product"}],"about":[{"href":"https:\/\/www.literam.net\/hr\/wp-json\/wp\/v2\/types\/product"}],"replies":[{"embeddable":true,"href":"https:\/\/www.literam.net\/hr\/wp-json\/wp\/v2\/comments?post=8176"}],"wp:featuredmedia":[{"embeddable":true,"href":"https:\/\/www.literam.net\/hr\/wp-json\/wp\/v2\/media\/7286"}],"wp:attachment":[{"href":"https:\/\/www.literam.net\/hr\/wp-json\/wp\/v2\/media?parent=8176"}],"wp:term":[{"taxonomy":"product_brand","embeddable":true,"href":"https:\/\/www.literam.net\/hr\/wp-json\/wp\/v2\/product_brand?post=8176"},{"taxonomy":"product_cat","embeddable":true,"href":"https:\/\/www.literam.net\/hr\/wp-json\/wp\/v2\/product_cat?post=8176"},{"taxonomy":"product_tag","embeddable":true,"href":"https:\/\/www.literam.net\/hr\/wp-json\/wp\/v2\/product_tag?post=8176"}],"curies":[{"name":"wp","href":"https:\/\/api.w.org\/{rel}","templated":true}]}}