{"id":8180,"date":"2022-05-27T20:25:48","date_gmt":"2022-05-27T18:25:48","guid":{"rendered":"https:\/\/www.literam.net\/izdelek\/lite-kerup-styling-formula-se-posebej-za-moske\/"},"modified":"2022-06-18T22:56:54","modified_gmt":"2022-06-18T20:56:54","slug":"lite-kerup-styling-formula-se-posebej-za-moske","status":"publish","type":"product","link":"https:\/\/www.literam.net\/hr\/izdelek\/lite-kerup-styling-formula-se-posebej-za-moske\/","title":{"rendered":"Lite ker*up volumizing styling formula for men"},"content":{"rendered":"<p>Kombinirani sastav losiona oboga\u0107uje i produ\u017euje postojanost frizure, pove\u0107ava volumen i \u010dvrsto\u0107u. Za osvje\u017eavanje oblika frizure mogu\u0107e je vi\u0161e puta nanositi proizvod i oblikovati frizuru bez pranja kose. Prikladno i za mu\u0161karce koji \u017eele puniju frizuru. Stvara volumen i produ\u017euje postojanost \u017eenskih frizura koje oblikujemo uvija\u010dima.<\/p>\n<h3>UPORABA<\/h3>\n<p>Stavite manju koli\u010dinu losiona na dlanove i prstima oblikujte \u017eeljenu frizuru. Ako \u017eelite nanovo oblikovati frizuru, nanesite manju koli\u010dinu losiona na dlan i ponovno oblikujte kosu u frizuru.<\/p>\n<p>Proizvod nije obi\u010dan proizvod za styling kose, ve\u0107 tijekom uporabe hrani sastavne dijelove vlasi i tako ih odr\u017eava. Redovitom uporabom kosa \u0107e biti dugoro\u010dno zdravija, a izgled frizure pun i ure\u0111en. Ovim proizvodom mo\u017eete posti\u0107i izgled mokre kose. Prednost LITE KER\u2019UP STYLINGA je u tome \u0161to naknadno mo\u017eete promijeniti oblik frizure tako \u0161to \u0107ete kod ponovnog oblikovanja navla\u017eiti ruke.<\/p>\n","protected":false},"excerpt":{"rendered":"<p>Omogu\u0107uje oblikovanje i u\u010dvr\u0161\u0107ivanje, a pored toga dodaje volumen i ispunjuje kosu njeguju\u0107im sastojcima. U\u010dvr\u0161\u0107uje frizuru, produ\u017euje njezinu postojanost i daje izgled zdrave kose.<\/p>\n","protected":false},"featured_media":7319,"comment_status":"closed","ping_status":"closed","template":"","meta":[],"product_brand":[],"product_cat":[385],"product_tag":[],"class_list":{"0":"post-8180","1":"product","2":"type-product","3":"status-publish","4":"has-post-thumbnail","6":"product_cat-styling-hr","8":"first","9":"instock","10":"shipping-taxable","11":"purchasable","12":"product-type-simple"},"_links":{"self":[{"href":"https:\/\/www.literam.net\/hr\/wp-json\/wp\/v2\/product\/8180","targetHints":{"allow":["GET"]}}],"collection":[{"href":"https:\/\/www.literam.net\/hr\/wp-json\/wp\/v2\/product"}],"about":[{"href":"https:\/\/www.literam.net\/hr\/wp-json\/wp\/v2\/types\/product"}],"replies":[{"embeddable":true,"href":"https:\/\/www.literam.net\/hr\/wp-json\/wp\/v2\/comments?post=8180"}],"wp:featuredmedia":[{"embeddable":true,"href":"https:\/\/www.literam.net\/hr\/wp-json\/wp\/v2\/media\/7319"}],"wp:attachment":[{"href":"https:\/\/www.literam.net\/hr\/wp-json\/wp\/v2\/media?parent=8180"}],"wp:term":[{"taxonomy":"product_brand","embeddable":true,"href":"https:\/\/www.literam.net\/hr\/wp-json\/wp\/v2\/product_brand?post=8180"},{"taxonomy":"product_cat","embeddable":true,"href":"https:\/\/www.literam.net\/hr\/wp-json\/wp\/v2\/product_cat?post=8180"},{"taxonomy":"product_tag","embeddable":true,"href":"https:\/\/www.literam.net\/hr\/wp-json\/wp\/v2\/product_tag?post=8180"}],"curies":[{"name":"wp","href":"https:\/\/api.w.org\/{rel}","templated":true}]}}